{"id":2456,"date":"2019-06-24T17:42:42","date_gmt":"2019-06-24T15:42:42","guid":{"rendered":"https:\/\/gmsinternacional.com\/laboratorio-mecanica-suelos-quimica\/"},"modified":"2020-07-14T14:31:29","modified_gmt":"2020-07-14T12:31:29","slug":"soil-mechanics-and-chemical-analysis-laboratory","status":"publish","type":"page","link":"https:\/\/gmsinternacional.com\/en\/soil-mechanics-and-chemical-analysis-laboratory\/","title":{"rendered":"Soil Mechanics and Chemical Analysis Laboratory"},"content":{"rendered":"\t\t\t<style type=\"text\/css\">\n\t\t\t\t#content-block-background-1125 { background-image: url(); background-position: 50% 0; background-repeat: repeat; background-color: #ffffff; background-attachment: scroll; background-size: auto; }\n\t\t\t\t#content-block-body-1125 { padding: 5px 0 50px; color: inherit; }\n\t\t\t\t.content-block-body { margin-left: auto; margin-right: auto; position: relative; }\n\t\t\t<\/style>\n\t\t\t\t\t\t\t<style type=\"text\/css\">\n\t\t\t\t\t#wrapper-1 { overflow-x: hidden; }\n\t\t\t\t\t#content-block-background-1125 { margin: 0 -10000px; padding: 0 10000px; }\n\t\t\t\t<\/style>\n\t\t\t\n\t\t\t\t\t\t<script type=\"text\/javascript\">\n\t\t\t\t\/\/ <![CDATA[\n\t\t\t\tjQuery(document).ready(function($){\n\t\t\t\t\t\"use strict\";\n\t\t\t\t\tif( ! $(\"body\").hasClass( \"mobile-detected\" ) ){\n\t\t\t\t\t\t$(\"#content-block-background-\"+1125).each(function(){\n\t\t\t\t\t\t\tvar $bgobj = $(this); \/\/ Assigning the object.\n\t\t\t\t\t\t\tvar xPos = '50%'; \/\/ x bg position value from the user shortcode.\n\t\t\t\t\t\t\t$(window).scroll(function() {\n\t\t\t\t\t\t\t\tvar yPos = -($(window).scrollTop() \/ 3);\n\t\t\t\t\t\t\t\t\/\/ Put together our final background position.\n\t\t\t\t\t\t\t\tvar coords = xPos+' '+yPos+'px';\n\t\t\t\t\t\t\t\t\/\/ Move the background.\n\t\t\t\t\t\t\t\t$bgobj.css({ backgroundPosition: coords });\n\t\t\t\t\t\t\t});\n\t\t\t\t\t\t});\n\t\t\t\t\t}\n\t\t\t\t});\n\t\t\t\t\/\/ ]]>\n\t\t\t<\/script>\n\t\t\t\n\t\t\t<div class=\"clear\"><\/div>\n\t\t\t<div id=\"content-block-background-1125\" class=\"content-block-background \">\n\t\t\t\t<div id=\"content-block-body-1125\" class=\"content-block-body\">\n\t\t\t\t\t<div class=\"clear\"><\/div>\n\t\t\t\t\t\n<div style=\"text-align: center;\">\n<h1>Laboratory for the analysis of soil index properties, soil mechanics and chemical analysis.<\/h1>\n<\/div>\n\t\t\t\t\t<div class=\"clear\"><\/div>\n\t\t\t\t<\/div>\n\t\t\t<\/div>\n\t\t\t<div class=\"clear\"><\/div>\n\t\t\t\n\t\t\t<style type=\"text\/css\">\n\t\t\t\t#content-block-background-1441 { background-image: url(); background-position: center top; background-repeat: no-repeat; background-color: #fbfbfb; background-attachment: fixed; background-size: auto; }\n\t\t\t\t#content-block-body-1441 { padding: 30px 0 30px; color: inherit; }\n\t\t\t\t.content-block-body { margin-left: auto; margin-right: auto; position: relative; }\n\t\t\t<\/style>\n\t\t\t\t\t\t\t<style type=\"text\/css\">\n\t\t\t\t\t#wrapper-1 { overflow-x: hidden; }\n\t\t\t\t\t#content-block-background-1441 { margin: 0 -10000px; padding: 0 10000px; }\n\t\t\t\t<\/style>\n\t\t\t\n\t\t\t\n\t\t\t<div class=\"clear\"><\/div>\n\t\t\t<div id=\"content-block-background-1441\" class=\"content-block-background class-name\">\n\t\t\t\t<div id=\"content-block-body-1441\" class=\"content-block-body\">\n\t\t\t\t\t<div class=\"clear\"><\/div>\n\t\t\t\t\t\n<div style=\"text-align: center;\">GMS Internacional has recently incorporated a soil mechanics testing laboratory into the group. The laboratory consists of <strong>a variety of testing equipment<\/strong> for soil, chemical, physical-chemical, and mechanical characterisation and identification.<\/div>\n\t\t\t\t\t<div class=\"clear\"><\/div>\n\t\t\t\t<\/div>\n\t\t\t<\/div>\n\t\t\t<div class=\"clear\"><\/div>\n\t\t\t\n<div style=\"margin-top: 65px; margin-bottom: 35px;\"><div class=\"one_half\">\n\n\t\t\t<!-- START laboratorio REVOLUTION SLIDER 6.3.5 --><p class=\"rs-p-wp-fix\"><\/p>\n\t\t\t<rs-module-wrap id=\"rev_slider_12_1_wrapper\" data-source=\"gallery\" style=\"background:transparent;padding:0;margin:0px auto;margin-top:0;margin-bottom:0;max-width:;\">\n\t\t\t\t<rs-module id=\"rev_slider_12_1\" style=\"\" data-version=\"6.3.5\">\n\t\t\t\t\t<rs-slides>\n\t\t\t\t\t\t<rs-slide data-key=\"rs-75\" data-title=\"Slide\" data-thumb=\"\/\/gmsinternacional.com\/wp-content\/uploads\/2025\/11\/laboratorio_mecanica_suelos_quimica-2-100x50.jpg\" data-anim=\"ei:d;eo:d;s:d;r:0;t:fade;sl:d;\">\n\t\t\t\t\t\t\t<img loading=\"lazy\" decoding=\"async\" src=\"\/\/gmsinternacional.com\/wp-content\/plugins\/revslider\/public\/assets\/assets\/dummy.png\" title=\"laboratorio_mec\u00e1nica_suelos_qu\u00edmica-2\" width=\"800\" height=\"600\" data-lazyload=\"\/\/gmsinternacional.com\/wp-content\/uploads\/2025\/11\/laboratorio_mecanica_suelos_quimica-2.jpg\" data-parallax=\"off\" class=\"rev-slidebg\" data-no-retina>\n<!---->\t\t\t\t\t\t<\/rs-slide>\n\t\t\t\t\t\t<rs-slide data-key=\"rs-76\" data-title=\"Slide\" data-thumb=\"\/\/gmsinternacional.com\/wp-content\/uploads\/2025\/11\/laboratorio_mecanica_suelos_quimica_2-2-100x50.jpg\" data-anim=\"ei:d;eo:d;s:600;r:0;t:fade;sl:d;\">\n\t\t\t\t\t\t\t<img loading=\"lazy\" decoding=\"async\" src=\"\/\/gmsinternacional.com\/wp-content\/plugins\/revslider\/public\/assets\/assets\/dummy.png\" title=\"laboratorio_mec\u00e1nica_suelos_qu\u00edmica_2-2\" width=\"800\" height=\"600\" data-lazyload=\"\/\/gmsinternacional.com\/wp-content\/uploads\/2025\/11\/laboratorio_mecanica_suelos_quimica_2-2.jpg\" data-parallax=\"off\" class=\"rev-slidebg\" data-no-retina>\n<!---->\t\t\t\t\t\t<\/rs-slide>\n\t\t\t\t\t\t<rs-slide data-key=\"rs-119\" data-title=\"Slide\" data-thumb=\"\/\/gmsinternacional.com\/wp-content\/uploads\/2020\/03\/laboratorio_mec\u00e1nica_suelos_qu\u00edmica_3-100x50.jpg\" data-anim=\"ei:d;eo:d;s:600;r:0;t:fade;sl:d;\">\n\t\t\t\t\t\t\t<img loading=\"lazy\" decoding=\"async\" src=\"\/\/gmsinternacional.com\/wp-content\/plugins\/revslider\/public\/assets\/assets\/dummy.png\" title=\"laboratorio_mec\u00e1nica_suelos_qu\u00edmica_3\" width=\"800\" height=\"600\" data-lazyload=\"\/\/gmsinternacional.com\/wp-content\/uploads\/2020\/03\/laboratorio_mec\u00e1nica_suelos_qu\u00edmica_3.jpg\" data-parallax=\"off\" class=\"rev-slidebg\" data-no-retina>\n<!---->\t\t\t\t\t\t<\/rs-slide>\n\t\t\t\t\t<\/rs-slides>\n\t\t\t\t<\/rs-module>\n\t\t\t\t<script type=\"text\/javascript\">\n\t\t\t\t\tsetREVStartSize({c: 'rev_slider_12_1',rl:[1240,1024,778,480],el:[500],gw:[600],gh:[500],type:'standard',justify:'',layout:'fullwidth',mh:\"0\"});\n\t\t\t\t\tvar\trevapi12,\n\t\t\t\t\t\ttpj;\n\t\t\t\t\tfunction revinit_revslider121() {\n\t\t\t\t\tjQuery(function() {\n\t\t\t\t\t\ttpj = jQuery;\n\t\t\t\t\t\trevapi12 = tpj(\"#rev_slider_12_1\");\n\t\t\t\t\t\tif(revapi12==undefined || revapi12.revolution == undefined){\n\t\t\t\t\t\t\trevslider_showDoubleJqueryError(\"rev_slider_12_1\");\n\t\t\t\t\t\t}else{\n\t\t\t\t\t\t\trevapi12.revolution({\n\t\t\t\t\t\t\t\tvisibilityLevels:\"1240,1024,778,480\",\n\t\t\t\t\t\t\t\tgridwidth:600,\n\t\t\t\t\t\t\t\tgridheight:500,\n\t\t\t\t\t\t\t\tlazyType:\"smart\",\n\t\t\t\t\t\t\t\tperspective:600,\n\t\t\t\t\t\t\t\tperspectiveType:\"local\",\n\t\t\t\t\t\t\t\teditorheight:\"500,600,600,600\",\n\t\t\t\t\t\t\t\tresponsiveLevels:\"1240,1024,778,480\",\n\t\t\t\t\t\t\t\tprogressBar:{disableProgressBar:true},\n\t\t\t\t\t\t\t\tnavigation: {\n\t\t\t\t\t\t\t\t\tmouseScrollNavigation:false,\n\t\t\t\t\t\t\t\t\twheelCallDelay:1000,\n\t\t\t\t\t\t\t\t\tonHoverStop:false,\n\t\t\t\t\t\t\t\t\ttouch: {\n\t\t\t\t\t\t\t\t\t\ttouchenabled:true,\n\t\t\t\t\t\t\t\t\t\tswipe_min_touches:50\n\t\t\t\t\t\t\t\t\t},\n\t\t\t\t\t\t\t\t\tarrows: {\n\t\t\t\t\t\t\t\t\t\tenable:true,\n\t\t\t\t\t\t\t\t\t\tstyle:\"hephaistos\",\n\t\t\t\t\t\t\t\t\t\tleft: {\n\t\t\t\t\t\t\t\t\t\t\th_offset:30\n\t\t\t\t\t\t\t\t\t\t},\n\t\t\t\t\t\t\t\t\t\tright: {\n\t\t\t\t\t\t\t\t\t\t\th_offset:30\n\t\t\t\t\t\t\t\t\t\t}\n\t\t\t\t\t\t\t\t\t}\n\t\t\t\t\t\t\t\t},\n\t\t\t\t\t\t\t\tparallax: {\n\t\t\t\t\t\t\t\t\tlevels:[2,3,4,5,6,7,12,16,10,50,47,48,49,50,51,55],\n\t\t\t\t\t\t\t\t\ttype:\"mouse\",\n\t\t\t\t\t\t\t\t\torigo:\"slidercenter\",\n\t\t\t\t\t\t\t\t\tspeed:2000\n\t\t\t\t\t\t\t\t},\n\t\t\t\t\t\t\t\tfallbacks: {\n\t\t\t\t\t\t\t\t\tallowHTML5AutoPlayOnAndroid:true\n\t\t\t\t\t\t\t\t},\n\t\t\t\t\t\t\t});\n\t\t\t\t\t\t}\n\t\t\t\t\t\t\n\t\t\t\t\t});\n\t\t\t\t\t} \/\/ End of RevInitScript\n\t\t\t\tvar once_revslider121 = false;\n\t\t\t\tif (document.readyState === \"loading\") {document.addEventListener('readystatechange',function() { if((document.readyState === \"interactive\" || document.readyState === \"complete\") && !once_revslider121 ) { once_revslider121 = true; revinit_revslider121();}});} else {once_revslider121 = true; revinit_revslider121();}\n\t\t\t\t<\/script>\n\t\t\t\t<script>\n\t\t\t\t\tvar htmlDivCss = unescape(\"%23rev_slider_12_1_wrapper%20.hephaistos.tparrows%20%7B%0A%09cursor%3Apointer%3B%0A%09background%3Argba%280%2C0%2C0%2C0.5%29%3B%0A%09width%3A40px%3B%0A%09height%3A40px%3B%0A%09position%3Aabsolute%3B%0A%09display%3Ablock%3B%0A%09z-index%3A1000%3B%0A%20%20%20%20border-radius%3A50%25%3B%0A%7D%0A%23rev_slider_12_1_wrapper%20.hephaistos.tparrows%3Ahover%20%7B%0A%09background%3A%23000000%3B%0A%7D%0A%23rev_slider_12_1_wrapper%20.hephaistos.tparrows%3Abefore%20%7B%0A%09font-family%3A%20%27revicons%27%3B%0A%09font-size%3A18px%3B%0A%09color%3A%23ffffff%3B%0A%09display%3Ablock%3B%0A%09line-height%3A%2040px%3B%0A%09text-align%3A%20center%3B%0A%7D%0A%23rev_slider_12_1_wrapper%20.hephaistos.tparrows.tp-leftarrow%3Abefore%20%7B%0A%09content%3A%20%27%5Ce82c%27%3B%0A%20%20%20%20margin-left%3A-2px%3B%0A%20%20%0A%7D%0A%23rev_slider_12_1_wrapper%20.hephaistos.tparrows.tp-rightarrow%3Abefore%20%7B%0A%09content%3A%20%27%5Ce82d%27%3B%0A%20%20%20%20margin-right%3A-2px%3B%0A%7D%0A%0A%0A\");\n\t\t\t\t\tvar htmlDiv = document.getElementById('rs-plugin-settings-inline-css');\n\t\t\t\t\tif(htmlDiv) {\n\t\t\t\t\t\thtmlDiv.innerHTML = htmlDiv.innerHTML + htmlDivCss;\n\t\t\t\t\t}else{\n\t\t\t\t\t\tvar htmlDiv = document.createElement('div');\n\t\t\t\t\t\thtmlDiv.innerHTML = '<style>' + htmlDivCss + '<\/style>';\n\t\t\t\t\t\tdocument.getElementsByTagName('head')[0].appendChild(htmlDiv.childNodes[0]);\n\t\t\t\t\t}\n\t\t\t\t<\/script>\n\t\t\t\t<script>\n\t\t\t\t\tvar htmlDivCss = unescape(\"%0A%0A%0A\");\n\t\t\t\t\tvar htmlDiv = document.getElementById('rs-plugin-settings-inline-css');\n\t\t\t\t\tif(htmlDiv) {\n\t\t\t\t\t\thtmlDiv.innerHTML = htmlDiv.innerHTML + htmlDivCss;\n\t\t\t\t\t}else{\n\t\t\t\t\t\tvar htmlDiv = document.createElement('div');\n\t\t\t\t\t\thtmlDiv.innerHTML = '<style>' + htmlDivCss + '<\/style>';\n\t\t\t\t\t\tdocument.getElementsByTagName('head')[0].appendChild(htmlDiv.childNodes[0]);\n\t\t\t\t\t}\n\t\t\t\t<\/script>\n\t\t\t<\/rs-module-wrap>\n\t\t\t<!-- END REVOLUTION SLIDER -->\n\n<\/div>\n<div class=\"one_half last_column\">\nThe laboratory currently carries out the following tests:<br \/>\n\n<ul class=\"list-1\">\n<li>Soil classification (AASHTO \/ USCS)<\/li>\n<li>Granulometric analysis by sieving (UNE 103.101-95)<\/li>\n<li>Atterberg Limits (UNE 103.103-94 \/ 103.104-94)<\/li>\n<li>Dry and wet density (UNE 103.301 \/ 94)<\/li>\n<li>Humidity (UNE 103,300 \/ 93)<\/li>\n<li>Laboratory penetrometer<\/li>\n<li>Red-Ox Potential (ASTM G200 &#8211; 09)<\/li>\n<li>pH (BS 1377-3: 1990)<\/li>\n<li>Electrical resistivity<\/li>\n<li>Thermal resistivity (KD2Pro)<\/li>\n<li>Temperature<\/li>\n<li>Direct Shear (UNE 103-402-98 \/ BS 1377-7: 1990)<\/li>\n<\/ul>\n\n<\/div>\n<\/div>\n\t\t\t<style type=\"text\/css\">\n\t\t\t\t#content-block-background-1564 { background-image: url(); background-position: center top; background-repeat: no-repeat; background-color: #ffffff; background-attachment: fixed; background-size: auto; }\n\t\t\t\t#content-block-body-1564 { padding: 30px 0 60px; color: inherit; }\n\t\t\t\t.content-block-body { margin-left: auto; margin-right: auto; position: relative; }\n\t\t\t<\/style>\n\t\t\t\t\t\t\t<style type=\"text\/css\">\n\t\t\t\t\t#wrapper-1 { overflow-x: hidden; }\n\t\t\t\t\t#content-block-background-1564 { margin: 0 -10000px; padding: 0 10000px; }\n\t\t\t\t<\/style>\n\t\t\t\n\t\t\t\n\t\t\t<div class=\"clear\"><\/div>\n\t\t\t<div id=\"content-block-background-1564\" class=\"content-block-background class-name\">\n\t\t\t\t<div id=\"content-block-body-1564\" class=\"content-block-body\">\n\t\t\t\t\t<div class=\"clear\"><\/div>\n\t\t\t\t\t\nIn addition, GMS Internacional has an extensive network of external laboratories in different countries with which it collaborates to meet the needs of each project. In this way, we send samples for tests such as:<br \/>\n\n<ul class=\"list-9\">\n<li>Normal and Modified Proctor (UNE 103-500 \/ NLT-108\/091)<\/li>\n<li>CBR (UNE 103 502-95)<\/li>\n<li>Expansiveness and swelling in the odometer (UNE 103-405-94)<\/li>\n<li>Triaxial Compression (UU, CD, CU)<\/li>\n<li>Simple compression on soils and rocks<\/li>\n<li>Chemical tests for soil corrosivity according to AWWA C-105, DIN 50 929 and NACE standards<\/li>\n<li>Chemical tests for corrosivity against concrete (according to EHE8, UNE-EN 16502)<\/li>\n<\/ul>\n\n\t\t\t\t\t<div class=\"clear\"><\/div>\n\t\t\t\t<\/div>\n\t\t\t<\/div>\n\t\t\t<div class=\"clear\"><\/div>\n\t\t\t\n<div style=\"margin-bottom: -55px;\">\n\t\t\t<style type=\"text\/css\">\n\t\t\t\t#content-block-background-1650 { background-image: url(); background-position: center top; background-repeat: no-repeat; background-color: #F95700; background-attachment: fixed; background-size: auto; }\n\t\t\t\t#content-block-body-1650 { padding: 30px 0 30px 0; color: inherit; }\n\t\t\t\t.content-block-body { margin-left: auto; margin-right: auto; position: relative; }\n\t\t\t<\/style>\n\t\t\t\t\t\t\t<style type=\"text\/css\">\n\t\t\t\t\t#wrapper-1 { overflow-x: hidden; }\n\t\t\t\t\t#content-block-background-1650 { margin: 0 -10000px; padding: 0 10000px; }\n\t\t\t\t<\/style>\n\t\t\t\n\t\t\t\n\t\t\t<div class=\"clear\"><\/div>\n\t\t\t<div id=\"content-block-background-1650\" class=\"content-block-background class-name\">\n\t\t\t\t<div id=\"content-block-body-1650\" class=\"content-block-body\">\n\t\t\t\t\t<div class=\"clear\"><\/div>\n\t\t\t\t\t\n<div style=\"float: center; text-align: center;\"><i class=\"icon-coffee\" style=\"color:#ffffff;font-size:3em;\"><\/i><\/div>\n<h2 style=\"color: #ffffff; margin-top: 10px; font-size: 36px; text-align: center;\">Do you need a quotation?<\/h2>\n<div style=\"text-align: center; line-height: 1.2; color: #ffffff;\">Contact us and we will design a project which is tailor made to your needs.<\/div>\n<div style=\"margin-top: 30px; margin-bottom: 60px;\"><div class=\"align-btn-center\"><a class=\"flat-custom-button\" href=\"https:\/\/gmsinternacional.com\/en\/contact\" title=\"Request a quotation\"><span style=\"padding:20px 80px; background-color:transparent; border:2px solid #FFFFFF; color:#FFFFFF; font-size:20px;\">Request a quotation<\/span><\/a><\/div><\/div>\n\t\t\t\t\t<div class=\"clear\"><\/div>\n\t\t\t\t<\/div>\n\t\t\t<\/div>\n\t\t\t<div class=\"clear\"><\/div>\n\t\t\t\n<\/div>\n<!-- AddThis Advanced Settings generic via filter on the_content --><!-- AddThis Share Buttons generic via filter on the_content -->","protected":false},"excerpt":{"rendered":"<p><!-- AddThis Advanced Settings generic via filter on get_the_excerpt --><!-- AddThis Share Buttons generic via filter on get_the_excerpt --><\/p>\n","protected":false},"author":1,"featured_media":0,"parent":0,"menu_order":0,"comment_status":"closed","ping_status":"closed","template":"page-FullWidth.php","meta":{"footnotes":""},"class_list":["post-2456","page","type-page","status-publish","hentry"],"yoast_head":"<!-- This site is optimized with the Yoast SEO plugin v27.4 - https:\/\/yoast.com\/product\/yoast-seo-wordpress\/ -->\n<title>Soil Mechanics and Chemical Analysis Laboratory | GMS Internacional<\/title>\n<meta name=\"description\" content=\"Laboratorio de an\u00e1lisis de suelos, mec\u00e1nica, qu\u00edmica, corte directo, granulometr\u00eda, densidad, humedad, red-ox, compresi\u00f3n simple y plasticidad. Cont\u00e1ctenos!\" \/>\n<meta name=\"robots\" content=\"index, follow, max-snippet:-1, max-image-preview:large, max-video-preview:-1\" \/>\n<link rel=\"canonical\" href=\"https:\/\/gmsinternacional.com\/en\/soil-mechanics-and-chemical-analysis-laboratory\/\" \/>\n<meta property=\"og:locale\" content=\"en_US\" \/>\n<meta property=\"og:type\" content=\"article\" \/>\n<meta property=\"og:title\" content=\"Soil Mechanics and Chemical Analysis Laboratory | GMS Internacional\" \/>\n<meta property=\"og:description\" content=\"Laboratorio de an\u00e1lisis de suelos, mec\u00e1nica, qu\u00edmica, corte directo, granulometr\u00eda, densidad, humedad, red-ox, compresi\u00f3n simple y plasticidad. Cont\u00e1ctenos!\" \/>\n<meta property=\"og:url\" content=\"https:\/\/gmsinternacional.com\/en\/soil-mechanics-and-chemical-analysis-laboratory\/\" \/>\n<meta property=\"og:site_name\" content=\"Ensayos y estudios geot\u00e9cnicos\" \/>\n<meta property=\"article:modified_time\" content=\"2020-07-14T12:31:29+00:00\" \/>\n<meta name=\"twitter:card\" content=\"summary_large_image\" \/>\n<meta name=\"twitter:label1\" content=\"Est. reading time\" \/>\n\t<meta name=\"twitter:data1\" content=\"2 minutes\" \/>\n<script type=\"application\/ld+json\" class=\"yoast-schema-graph\">{\"@context\":\"https:\\\/\\\/schema.org\",\"@graph\":[{\"@type\":\"WebPage\",\"@id\":\"https:\\\/\\\/gmsinternacional.com\\\/en\\\/soil-mechanics-and-chemical-analysis-laboratory\\\/\",\"url\":\"https:\\\/\\\/gmsinternacional.com\\\/en\\\/soil-mechanics-and-chemical-analysis-laboratory\\\/\",\"name\":\"Soil Mechanics and Chemical Analysis Laboratory | GMS Internacional\",\"isPartOf\":{\"@id\":\"https:\\\/\\\/gmsinternacional.com\\\/en\\\/#website\"},\"datePublished\":\"2019-06-24T15:42:42+00:00\",\"dateModified\":\"2020-07-14T12:31:29+00:00\",\"description\":\"Laboratorio de an\u00e1lisis de suelos, mec\u00e1nica, qu\u00edmica, corte directo, granulometr\u00eda, densidad, humedad, red-ox, compresi\u00f3n simple y plasticidad. Cont\u00e1ctenos!\",\"breadcrumb\":{\"@id\":\"https:\\\/\\\/gmsinternacional.com\\\/en\\\/soil-mechanics-and-chemical-analysis-laboratory\\\/#breadcrumb\"},\"inLanguage\":\"en-US\",\"potentialAction\":[{\"@type\":\"ReadAction\",\"target\":[\"https:\\\/\\\/gmsinternacional.com\\\/en\\\/soil-mechanics-and-chemical-analysis-laboratory\\\/\"]}]},{\"@type\":\"BreadcrumbList\",\"@id\":\"https:\\\/\\\/gmsinternacional.com\\\/en\\\/soil-mechanics-and-chemical-analysis-laboratory\\\/#breadcrumb\",\"itemListElement\":[{\"@type\":\"ListItem\",\"position\":1,\"name\":\"Portada\",\"item\":\"https:\\\/\\\/gmsinternacional.com\\\/en\\\/\"},{\"@type\":\"ListItem\",\"position\":2,\"name\":\"Soil Mechanics and Chemical Analysis Laboratory\"}]},{\"@type\":\"WebSite\",\"@id\":\"https:\\\/\\\/gmsinternacional.com\\\/en\\\/#website\",\"url\":\"https:\\\/\\\/gmsinternacional.com\\\/en\\\/\",\"name\":\"Ensayos y estudios geot\u00e9cnicos\",\"description\":\"\",\"publisher\":{\"@id\":\"https:\\\/\\\/gmsinternacional.com\\\/en\\\/#organization\"},\"potentialAction\":[{\"@type\":\"SearchAction\",\"target\":{\"@type\":\"EntryPoint\",\"urlTemplate\":\"https:\\\/\\\/gmsinternacional.com\\\/en\\\/?s={search_term_string}\"},\"query-input\":{\"@type\":\"PropertyValueSpecification\",\"valueRequired\":true,\"valueName\":\"search_term_string\"}}],\"inLanguage\":\"en-US\"},{\"@type\":\"Organization\",\"@id\":\"https:\\\/\\\/gmsinternacional.com\\\/en\\\/#organization\",\"name\":\"GMS Internacional\",\"url\":\"https:\\\/\\\/gmsinternacional.com\\\/en\\\/\",\"logo\":{\"@type\":\"ImageObject\",\"inLanguage\":\"en-US\",\"@id\":\"https:\\\/\\\/gmsinternacional.com\\\/en\\\/#\\\/schema\\\/logo\\\/image\\\/\",\"url\":\"https:\\\/\\\/gmsinternacional.com\\\/wp-content\\\/uploads\\\/2019\\\/06\\\/gms_logo_home_3.png\",\"contentUrl\":\"https:\\\/\\\/gmsinternacional.com\\\/wp-content\\\/uploads\\\/2019\\\/06\\\/gms_logo_home_3.png\",\"width\":308,\"height\":100,\"caption\":\"GMS Internacional\"},\"image\":{\"@id\":\"https:\\\/\\\/gmsinternacional.com\\\/en\\\/#\\\/schema\\\/logo\\\/image\\\/\"}}]}<\/script>\n<!-- \/ Yoast SEO plugin. -->","yoast_head_json":{"title":"Soil Mechanics and Chemical Analysis Laboratory | GMS Internacional","description":"Laboratorio de an\u00e1lisis de suelos, mec\u00e1nica, qu\u00edmica, corte directo, granulometr\u00eda, densidad, humedad, red-ox, compresi\u00f3n simple y plasticidad. Cont\u00e1ctenos!","robots":{"index":"index","follow":"follow","max-snippet":"max-snippet:-1","max-image-preview":"max-image-preview:large","max-video-preview":"max-video-preview:-1"},"canonical":"https:\/\/gmsinternacional.com\/en\/soil-mechanics-and-chemical-analysis-laboratory\/","og_locale":"en_US","og_type":"article","og_title":"Soil Mechanics and Chemical Analysis Laboratory | GMS Internacional","og_description":"Laboratorio de an\u00e1lisis de suelos, mec\u00e1nica, qu\u00edmica, corte directo, granulometr\u00eda, densidad, humedad, red-ox, compresi\u00f3n simple y plasticidad. Cont\u00e1ctenos!","og_url":"https:\/\/gmsinternacional.com\/en\/soil-mechanics-and-chemical-analysis-laboratory\/","og_site_name":"Ensayos y estudios geot\u00e9cnicos","article_modified_time":"2020-07-14T12:31:29+00:00","twitter_card":"summary_large_image","twitter_misc":{"Est. reading time":"2 minutes"},"schema":{"@context":"https:\/\/schema.org","@graph":[{"@type":"WebPage","@id":"https:\/\/gmsinternacional.com\/en\/soil-mechanics-and-chemical-analysis-laboratory\/","url":"https:\/\/gmsinternacional.com\/en\/soil-mechanics-and-chemical-analysis-laboratory\/","name":"Soil Mechanics and Chemical Analysis Laboratory | GMS Internacional","isPartOf":{"@id":"https:\/\/gmsinternacional.com\/en\/#website"},"datePublished":"2019-06-24T15:42:42+00:00","dateModified":"2020-07-14T12:31:29+00:00","description":"Laboratorio de an\u00e1lisis de suelos, mec\u00e1nica, qu\u00edmica, corte directo, granulometr\u00eda, densidad, humedad, red-ox, compresi\u00f3n simple y plasticidad. Cont\u00e1ctenos!","breadcrumb":{"@id":"https:\/\/gmsinternacional.com\/en\/soil-mechanics-and-chemical-analysis-laboratory\/#breadcrumb"},"inLanguage":"en-US","potentialAction":[{"@type":"ReadAction","target":["https:\/\/gmsinternacional.com\/en\/soil-mechanics-and-chemical-analysis-laboratory\/"]}]},{"@type":"BreadcrumbList","@id":"https:\/\/gmsinternacional.com\/en\/soil-mechanics-and-chemical-analysis-laboratory\/#breadcrumb","itemListElement":[{"@type":"ListItem","position":1,"name":"Portada","item":"https:\/\/gmsinternacional.com\/en\/"},{"@type":"ListItem","position":2,"name":"Soil Mechanics and Chemical Analysis Laboratory"}]},{"@type":"WebSite","@id":"https:\/\/gmsinternacional.com\/en\/#website","url":"https:\/\/gmsinternacional.com\/en\/","name":"Ensayos y estudios geot\u00e9cnicos","description":"","publisher":{"@id":"https:\/\/gmsinternacional.com\/en\/#organization"},"potentialAction":[{"@type":"SearchAction","target":{"@type":"EntryPoint","urlTemplate":"https:\/\/gmsinternacional.com\/en\/?s={search_term_string}"},"query-input":{"@type":"PropertyValueSpecification","valueRequired":true,"valueName":"search_term_string"}}],"inLanguage":"en-US"},{"@type":"Organization","@id":"https:\/\/gmsinternacional.com\/en\/#organization","name":"GMS Internacional","url":"https:\/\/gmsinternacional.com\/en\/","logo":{"@type":"ImageObject","inLanguage":"en-US","@id":"https:\/\/gmsinternacional.com\/en\/#\/schema\/logo\/image\/","url":"https:\/\/gmsinternacional.com\/wp-content\/uploads\/2019\/06\/gms_logo_home_3.png","contentUrl":"https:\/\/gmsinternacional.com\/wp-content\/uploads\/2019\/06\/gms_logo_home_3.png","width":308,"height":100,"caption":"GMS Internacional"},"image":{"@id":"https:\/\/gmsinternacional.com\/en\/#\/schema\/logo\/image\/"}}]}},"_links":{"self":[{"href":"https:\/\/gmsinternacional.com\/en\/wp-json\/wp\/v2\/pages\/2456","targetHints":{"allow":["GET"]}}],"collection":[{"href":"https:\/\/gmsinternacional.com\/en\/wp-json\/wp\/v2\/pages"}],"about":[{"href":"https:\/\/gmsinternacional.com\/en\/wp-json\/wp\/v2\/types\/page"}],"author":[{"embeddable":true,"href":"https:\/\/gmsinternacional.com\/en\/wp-json\/wp\/v2\/users\/1"}],"replies":[{"embeddable":true,"href":"https:\/\/gmsinternacional.com\/en\/wp-json\/wp\/v2\/comments?post=2456"}],"version-history":[{"count":3,"href":"https:\/\/gmsinternacional.com\/en\/wp-json\/wp\/v2\/pages\/2456\/revisions"}],"predecessor-version":[{"id":2459,"href":"https:\/\/gmsinternacional.com\/en\/wp-json\/wp\/v2\/pages\/2456\/revisions\/2459"}],"wp:attachment":[{"href":"https:\/\/gmsinternacional.com\/en\/wp-json\/wp\/v2\/media?parent=2456"}],"curies":[{"name":"wp","href":"https:\/\/api.w.org\/{rel}","templated":true}]}}