{"id":2412,"date":"2020-04-25T09:04:39","date_gmt":"2020-04-25T07:04:39","guid":{"rendered":"https:\/\/gmsinternacional.com\/lineas-transmision-subestaciones\/"},"modified":"2020-07-14T14:31:01","modified_gmt":"2020-07-14T12:31:01","slug":"power-lines-and-substations","status":"publish","type":"page","link":"https:\/\/gmsinternacional.com\/en\/power-lines-and-substations\/","title":{"rendered":"Power lines and Substations"},"content":{"rendered":"\t\t\t<style type=\"text\/css\">\n\t\t\t\t#content-block-background-1155 { background-image: url(); background-position: 50% 0; background-repeat: repeat; background-color: #ffffff; background-attachment: scroll; background-size: auto; }\n\t\t\t\t#content-block-body-1155 { padding: 5px 0 50px; color: inherit; }\n\t\t\t\t.content-block-body { margin-left: auto; margin-right: auto; position: relative; }\n\t\t\t<\/style>\n\t\t\t\t\t\t\t<style type=\"text\/css\">\n\t\t\t\t\t#wrapper-1 { overflow-x: hidden; }\n\t\t\t\t\t#content-block-background-1155 { margin: 0 -10000px; padding: 0 10000px; }\n\t\t\t\t<\/style>\n\t\t\t\n\t\t\t\t\t\t<script type=\"text\/javascript\">\n\t\t\t\t\/\/ <![CDATA[\n\t\t\t\tjQuery(document).ready(function($){\n\t\t\t\t\t\"use strict\";\n\t\t\t\t\tif( ! $(\"body\").hasClass( \"mobile-detected\" ) ){\n\t\t\t\t\t\t$(\"#content-block-background-\"+1155).each(function(){\n\t\t\t\t\t\t\tvar $bgobj = $(this); \/\/ Assigning the object.\n\t\t\t\t\t\t\tvar xPos = '50%'; \/\/ x bg position value from the user shortcode.\n\t\t\t\t\t\t\t$(window).scroll(function() {\n\t\t\t\t\t\t\t\tvar yPos = -($(window).scrollTop() \/ 3);\n\t\t\t\t\t\t\t\t\/\/ Put together our final background position.\n\t\t\t\t\t\t\t\tvar coords = xPos+' '+yPos+'px';\n\t\t\t\t\t\t\t\t\/\/ Move the background.\n\t\t\t\t\t\t\t\t$bgobj.css({ backgroundPosition: coords });\n\t\t\t\t\t\t\t});\n\t\t\t\t\t\t});\n\t\t\t\t\t}\n\t\t\t\t});\n\t\t\t\t\/\/ ]]>\n\t\t\t<\/script>\n\t\t\t\n\t\t\t<div class=\"clear\"><\/div>\n\t\t\t<div id=\"content-block-background-1155\" class=\"content-block-background \">\n\t\t\t\t<div id=\"content-block-body-1155\" class=\"content-block-body\">\n\t\t\t\t\t<div class=\"clear\"><\/div>\n\t\t\t\t\t\n<div style=\"text-align: center;\">\n<h1>Overhead power lines and electrical substations.<\/h1>\n<\/div>\n\t\t\t\t\t<div class=\"clear\"><\/div>\n\t\t\t\t<\/div>\n\t\t\t<\/div>\n\t\t\t<div class=\"clear\"><\/div>\n\t\t\t\n\t\t\t<style type=\"text\/css\">\n\t\t\t\t#content-block-background-1314 { background-image: url(); background-position: center top; background-repeat: no-repeat; background-color: #fbfbfb; background-attachment: fixed; background-size: auto; }\n\t\t\t\t#content-block-body-1314 { padding: 30px 0 30px; color: inherit; }\n\t\t\t\t.content-block-body { margin-left: auto; margin-right: auto; position: relative; }\n\t\t\t<\/style>\n\t\t\t\t\t\t\t<style type=\"text\/css\">\n\t\t\t\t\t#wrapper-1 { overflow-x: hidden; }\n\t\t\t\t\t#content-block-background-1314 { margin: 0 -10000px; padding: 0 10000px; }\n\t\t\t\t<\/style>\n\t\t\t\n\t\t\t\n\t\t\t<div class=\"clear\"><\/div>\n\t\t\t<div id=\"content-block-background-1314\" class=\"content-block-background class-name\">\n\t\t\t\t<div id=\"content-block-body-1314\" class=\"content-block-body\">\n\t\t\t\t\t<div class=\"clear\"><\/div>\n\t\t\t\t\t\n<div style=\"text-align: center;\">The GMS Internacional group has <strong>extensive experience carrying out geotechnical, hydrological, and topographical surveys<\/strong>, as well as other engineering work on high-voltage lines and electrical substations around the world.<\/div>\n\t\t\t\t\t<div class=\"clear\"><\/div>\n\t\t\t\t<\/div>\n\t\t\t<\/div>\n\t\t\t<div class=\"clear\"><\/div>\n\t\t\t\n<div style=\"margin-top: 35px; margin-bottom: 35px;\"><div class=\"one_half\">\n<img decoding=\"async\" class=\"aligncenter size-full\" src=\"https:\/\/gmsinternacional.com\/wp-content\/uploads\/2020\/04\/gms_lineas_transmision_subestaciones.jpg\"><\/p>\n<\/div>\n<div class=\"one_half last_column\">\n<div style=\"text-align: bottom;\">\n<h2>As specialists, we adapt to strict local regulations in this field, making us the ideal partner for global companies in the electricity sector.<\/h2>\n<p>Each agency has primary and secondary regulations that affect our surveys and assessments, especially in relation to <strong>geotechnics and civil engineering<\/strong>. In Mexico, for example, there are also specific regulations on hydrological studies. But this is not the only country which has developed its own set of regulations. Similarly, in Chile or Malaysia, they have developed <strong>their own regulations or adapted them from other countries&#8217; regulations.<\/strong><\/p>\n<\/div>\n<\/div>\n<\/div>\n\t\t\t<style type=\"text\/css\">\n\t\t\t\t#content-block-background-1502 { background-image: url(); background-position: center top; background-repeat: no-repeat; background-color: #ffffff; background-attachment: fixed; background-size: auto; }\n\t\t\t\t#content-block-body-1502 { padding: 30px 0 40px; color: inherit; }\n\t\t\t\t.content-block-body { margin-left: auto; margin-right: auto; position: relative; }\n\t\t\t<\/style>\n\t\t\t\t\t\t\t<style type=\"text\/css\">\n\t\t\t\t\t#wrapper-1 { overflow-x: hidden; }\n\t\t\t\t\t#content-block-background-1502 { margin: 0 -10000px; padding: 0 10000px; }\n\t\t\t\t<\/style>\n\t\t\t\n\t\t\t\n\t\t\t<div class=\"clear\"><\/div>\n\t\t\t<div id=\"content-block-background-1502\" class=\"content-block-background class-name\">\n\t\t\t\t<div id=\"content-block-body-1502\" class=\"content-block-body\">\n\t\t\t\t\t<div class=\"clear\"><\/div>\n\t\t\t\t\t\nIt is common, however, that the different regulations require us to <strong>carry out<\/strong> <strong>rotary mechanical soundings <\/strong>with sample extraction and SPT (Standard Penetration Test) at every certain depth. On the HV (High Voltage) lines, it is a common requirement to excavate trial-pits up to 3m deep with sample collection for laboratory analysis.<\/p>\n<p><strong>From our offices in Spain, Mexico, and Chile<\/strong>, we undertake all of the surveys and assessments stipulated by regulations for this type of facility, with all of the necessary guarantees:<\/p>\n<ul>\n<li>Geotechnical studies using <strong>rotary mechanical sounding and SPTs<\/strong>.<\/li>\n<li><strong>Hydrological and hydraulic<\/strong> surveys<\/li>\n<li><strong>Engineering design for earthworks, foundations, drains and roads<\/strong><\/li>\n<li><strong>Topographical <\/strong>surveys<\/li>\n<\/ul>\n\t\t\t\t\t<div class=\"clear\"><\/div>\n\t\t\t\t<\/div>\n\t\t\t<\/div>\n\t\t\t<div class=\"clear\"><\/div>\n\t\t\t\n&nbsp;<\/p>\n<div style=\"margin-bottom: -55px;\">\n\t\t\t<style type=\"text\/css\">\n\t\t\t\t#content-block-background-1142 { background-image: url(); background-position: center top; background-repeat: no-repeat; background-color: #F95700; background-attachment: fixed; background-size: auto; }\n\t\t\t\t#content-block-body-1142 { padding: 30px 0 30px 0; color: inherit; }\n\t\t\t\t.content-block-body { margin-left: auto; margin-right: auto; position: relative; }\n\t\t\t<\/style>\n\t\t\t\t\t\t\t<style type=\"text\/css\">\n\t\t\t\t\t#wrapper-1 { overflow-x: hidden; }\n\t\t\t\t\t#content-block-background-1142 { margin: 0 -10000px; padding: 0 10000px; }\n\t\t\t\t<\/style>\n\t\t\t\n\t\t\t\n\t\t\t<div class=\"clear\"><\/div>\n\t\t\t<div id=\"content-block-background-1142\" class=\"content-block-background class-name\">\n\t\t\t\t<div id=\"content-block-body-1142\" class=\"content-block-body\">\n\t\t\t\t\t<div class=\"clear\"><\/div>\n\t\t\t\t\t\n<div style=\"float: center; text-align: center;\"><i class=\"icon-coffee\" style=\"color:#ffffff;font-size:3em;\"><\/i><\/div>\n<h2 style=\"color: #ffffff; margin-top: 10px; font-size: 36px; text-align: center;\">Do you need a quotation?<\/h2>\n<div style=\"text-align: center; line-height: 1.2; color: #ffffff;\">Contact us and we will design a project which is tailor made to your needs.<\/div>\n<div style=\"margin-top: 30px; margin-bottom: 60px;\"><div class=\"align-btn-center\"><a class=\"flat-custom-button\" href=\"https:\/\/gmsinternacional.com\/en\/contact\" title=\"Request a quotation\"><span style=\"padding:20px 80px; background-color:transparent; border:2px solid #FFFFFF; color:#FFFFFF; font-size:20px;\">Request a quotation<\/span><\/a><\/div><\/div>\n\t\t\t\t\t<div class=\"clear\"><\/div>\n\t\t\t\t<\/div>\n\t\t\t<\/div>\n\t\t\t<div class=\"clear\"><\/div>\n\t\t\t\n<\/div>\n<!-- AddThis Advanced Settings generic via filter on the_content --><!-- AddThis Share Buttons generic via filter on the_content -->","protected":false},"excerpt":{"rendered":"<p>&nbsp;<!-- AddThis Advanced Settings generic via filter on get_the_excerpt --><!-- AddThis Share Buttons generic via filter on get_the_excerpt --><\/p>\n","protected":false},"author":1,"featured_media":0,"parent":0,"menu_order":0,"comment_status":"closed","ping_status":"closed","template":"page-FullWidth.php","meta":[],"yoast_head":"<!-- This site is optimized with the Yoast SEO plugin v21.5 - https:\/\/yoast.com\/wordpress\/plugins\/seo\/ -->\n<title>Power lines and Substations | GMS Internacional<\/title>\n<meta name=\"description\" content=\"Descubra nuestras soluciones en L\u00edneas A\u00e9reas de Transmisi\u00f3n y Subestaciones El\u00e9ctricas.\" \/>\n<meta name=\"robots\" content=\"index, follow, max-snippet:-1, max-image-preview:large, max-video-preview:-1\" \/>\n<link rel=\"canonical\" href=\"https:\/\/gmsinternacional.com\/en\/power-lines-and-substations\/\" \/>\n<meta property=\"og:locale\" content=\"en_US\" \/>\n<meta property=\"og:type\" content=\"article\" \/>\n<meta property=\"og:title\" content=\"Power lines and Substations | GMS Internacional\" \/>\n<meta property=\"og:description\" content=\"Descubra nuestras soluciones en L\u00edneas A\u00e9reas de Transmisi\u00f3n y Subestaciones El\u00e9ctricas.\" \/>\n<meta property=\"og:url\" content=\"https:\/\/gmsinternacional.com\/en\/power-lines-and-substations\/\" \/>\n<meta property=\"og:site_name\" content=\"Ensayos y estudios geot\u00e9cnicos\" \/>\n<meta property=\"article:modified_time\" content=\"2020-07-14T12:31:01+00:00\" \/>\n<meta property=\"og:image\" content=\"https:\/\/gmsinternacional.com\/wp-content\/uploads\/2020\/04\/gms_lineas_transmision_subestaciones.jpg\" \/>\n<meta name=\"twitter:card\" content=\"summary_large_image\" \/>\n<meta name=\"twitter:label1\" content=\"Est. reading time\" \/>\n\t<meta name=\"twitter:data1\" content=\"2 minutes\" \/>\n<script type=\"application\/ld+json\" class=\"yoast-schema-graph\">{\"@context\":\"https:\/\/schema.org\",\"@graph\":[{\"@type\":\"WebPage\",\"@id\":\"https:\/\/gmsinternacional.com\/en\/power-lines-and-substations\/\",\"url\":\"https:\/\/gmsinternacional.com\/en\/power-lines-and-substations\/\",\"name\":\"Power lines and Substations | GMS Internacional\",\"isPartOf\":{\"@id\":\"https:\/\/gmsinternacional.com\/en\/#website\"},\"datePublished\":\"2020-04-25T07:04:39+00:00\",\"dateModified\":\"2020-07-14T12:31:01+00:00\",\"description\":\"Descubra nuestras soluciones en L\u00edneas A\u00e9reas de Transmisi\u00f3n y Subestaciones El\u00e9ctricas.\",\"breadcrumb\":{\"@id\":\"https:\/\/gmsinternacional.com\/en\/power-lines-and-substations\/#breadcrumb\"},\"inLanguage\":\"en-US\",\"potentialAction\":[{\"@type\":\"ReadAction\",\"target\":[\"https:\/\/gmsinternacional.com\/en\/power-lines-and-substations\/\"]}]},{\"@type\":\"BreadcrumbList\",\"@id\":\"https:\/\/gmsinternacional.com\/en\/power-lines-and-substations\/#breadcrumb\",\"itemListElement\":[{\"@type\":\"ListItem\",\"position\":1,\"name\":\"Portada\",\"item\":\"https:\/\/gmsinternacional.com\/en\/\"},{\"@type\":\"ListItem\",\"position\":2,\"name\":\"Power lines and Substations\"}]},{\"@type\":\"WebSite\",\"@id\":\"https:\/\/gmsinternacional.com\/en\/#website\",\"url\":\"https:\/\/gmsinternacional.com\/en\/\",\"name\":\"Ensayos y estudios geot\u00e9cnicos\",\"description\":\"\",\"publisher\":{\"@id\":\"https:\/\/gmsinternacional.com\/en\/#organization\"},\"potentialAction\":[{\"@type\":\"SearchAction\",\"target\":{\"@type\":\"EntryPoint\",\"urlTemplate\":\"https:\/\/gmsinternacional.com\/en\/?s={search_term_string}\"},\"query-input\":\"required name=search_term_string\"}],\"inLanguage\":\"en-US\"},{\"@type\":\"Organization\",\"@id\":\"https:\/\/gmsinternacional.com\/en\/#organization\",\"name\":\"GMS Internacional\",\"url\":\"https:\/\/gmsinternacional.com\/en\/\",\"logo\":{\"@type\":\"ImageObject\",\"inLanguage\":\"en-US\",\"@id\":\"https:\/\/gmsinternacional.com\/en\/#\/schema\/logo\/image\/\",\"url\":\"https:\/\/gmsinternacional.com\/wp-content\/uploads\/2019\/06\/gms_logo_home_3.png\",\"contentUrl\":\"https:\/\/gmsinternacional.com\/wp-content\/uploads\/2019\/06\/gms_logo_home_3.png\",\"width\":308,\"height\":100,\"caption\":\"GMS Internacional\"},\"image\":{\"@id\":\"https:\/\/gmsinternacional.com\/en\/#\/schema\/logo\/image\/\"}}]}<\/script>\n<!-- \/ Yoast SEO plugin. -->","yoast_head_json":{"title":"Power lines and Substations | GMS Internacional","description":"Descubra nuestras soluciones en L\u00edneas A\u00e9reas de Transmisi\u00f3n y Subestaciones El\u00e9ctricas.","robots":{"index":"index","follow":"follow","max-snippet":"max-snippet:-1","max-image-preview":"max-image-preview:large","max-video-preview":"max-video-preview:-1"},"canonical":"https:\/\/gmsinternacional.com\/en\/power-lines-and-substations\/","og_locale":"en_US","og_type":"article","og_title":"Power lines and Substations | GMS Internacional","og_description":"Descubra nuestras soluciones en L\u00edneas A\u00e9reas de Transmisi\u00f3n y Subestaciones El\u00e9ctricas.","og_url":"https:\/\/gmsinternacional.com\/en\/power-lines-and-substations\/","og_site_name":"Ensayos y estudios geot\u00e9cnicos","article_modified_time":"2020-07-14T12:31:01+00:00","og_image":[{"url":"https:\/\/gmsinternacional.com\/wp-content\/uploads\/2020\/04\/gms_lineas_transmision_subestaciones.jpg"}],"twitter_card":"summary_large_image","twitter_misc":{"Est. reading time":"2 minutes"},"schema":{"@context":"https:\/\/schema.org","@graph":[{"@type":"WebPage","@id":"https:\/\/gmsinternacional.com\/en\/power-lines-and-substations\/","url":"https:\/\/gmsinternacional.com\/en\/power-lines-and-substations\/","name":"Power lines and Substations | GMS Internacional","isPartOf":{"@id":"https:\/\/gmsinternacional.com\/en\/#website"},"datePublished":"2020-04-25T07:04:39+00:00","dateModified":"2020-07-14T12:31:01+00:00","description":"Descubra nuestras soluciones en L\u00edneas A\u00e9reas de Transmisi\u00f3n y Subestaciones El\u00e9ctricas.","breadcrumb":{"@id":"https:\/\/gmsinternacional.com\/en\/power-lines-and-substations\/#breadcrumb"},"inLanguage":"en-US","potentialAction":[{"@type":"ReadAction","target":["https:\/\/gmsinternacional.com\/en\/power-lines-and-substations\/"]}]},{"@type":"BreadcrumbList","@id":"https:\/\/gmsinternacional.com\/en\/power-lines-and-substations\/#breadcrumb","itemListElement":[{"@type":"ListItem","position":1,"name":"Portada","item":"https:\/\/gmsinternacional.com\/en\/"},{"@type":"ListItem","position":2,"name":"Power lines and Substations"}]},{"@type":"WebSite","@id":"https:\/\/gmsinternacional.com\/en\/#website","url":"https:\/\/gmsinternacional.com\/en\/","name":"Ensayos y estudios geot\u00e9cnicos","description":"","publisher":{"@id":"https:\/\/gmsinternacional.com\/en\/#organization"},"potentialAction":[{"@type":"SearchAction","target":{"@type":"EntryPoint","urlTemplate":"https:\/\/gmsinternacional.com\/en\/?s={search_term_string}"},"query-input":"required name=search_term_string"}],"inLanguage":"en-US"},{"@type":"Organization","@id":"https:\/\/gmsinternacional.com\/en\/#organization","name":"GMS Internacional","url":"https:\/\/gmsinternacional.com\/en\/","logo":{"@type":"ImageObject","inLanguage":"en-US","@id":"https:\/\/gmsinternacional.com\/en\/#\/schema\/logo\/image\/","url":"https:\/\/gmsinternacional.com\/wp-content\/uploads\/2019\/06\/gms_logo_home_3.png","contentUrl":"https:\/\/gmsinternacional.com\/wp-content\/uploads\/2019\/06\/gms_logo_home_3.png","width":308,"height":100,"caption":"GMS Internacional"},"image":{"@id":"https:\/\/gmsinternacional.com\/en\/#\/schema\/logo\/image\/"}}]}},"_links":{"self":[{"href":"https:\/\/gmsinternacional.com\/en\/wp-json\/wp\/v2\/pages\/2412"}],"collection":[{"href":"https:\/\/gmsinternacional.com\/en\/wp-json\/wp\/v2\/pages"}],"about":[{"href":"https:\/\/gmsinternacional.com\/en\/wp-json\/wp\/v2\/types\/page"}],"author":[{"embeddable":true,"href":"https:\/\/gmsinternacional.com\/en\/wp-json\/wp\/v2\/users\/1"}],"replies":[{"embeddable":true,"href":"https:\/\/gmsinternacional.com\/en\/wp-json\/wp\/v2\/comments?post=2412"}],"version-history":[{"count":4,"href":"https:\/\/gmsinternacional.com\/en\/wp-json\/wp\/v2\/pages\/2412\/revisions"}],"predecessor-version":[{"id":2416,"href":"https:\/\/gmsinternacional.com\/en\/wp-json\/wp\/v2\/pages\/2412\/revisions\/2416"}],"wp:attachment":[{"href":"https:\/\/gmsinternacional.com\/en\/wp-json\/wp\/v2\/media?parent=2412"}],"curies":[{"name":"wp","href":"https:\/\/api.w.org\/{rel}","templated":true}]}}