{"id":2401,"date":"2019-06-29T19:35:28","date_gmt":"2019-06-29T17:35:28","guid":{"rendered":"https:\/\/gmsinternacional.com\/estudios-medio-ambientales\/evaluacion-suelos-contaminados\/"},"modified":"2020-07-14T14:26:33","modified_gmt":"2020-07-14T12:26:33","slug":"contaminated-soil-assessment","status":"publish","type":"page","link":"https:\/\/gmsinternacional.com\/en\/environment-surveys\/contaminated-soil-assessment\/","title":{"rendered":"Contaminated Soil Assessment"},"content":{"rendered":"\t\t\t<style type=\"text\/css\">\n\t\t\t\t#content-block-background-1838 { background-image: url(); background-position: 50% 0; background-repeat: repeat; background-color: #ffffff; background-attachment: scroll; background-size: auto; }\n\t\t\t\t#content-block-body-1838 { padding: 5px 0 50px; color: inherit; }\n\t\t\t\t.content-block-body { margin-left: auto; margin-right: auto; position: relative; }\n\t\t\t<\/style>\n\t\t\t\t\t\t\t<style type=\"text\/css\">\n\t\t\t\t\t#wrapper-1 { overflow-x: hidden; }\n\t\t\t\t\t#content-block-background-1838 { margin: 0 -10000px; padding: 0 10000px; }\n\t\t\t\t<\/style>\n\t\t\t\n\t\t\t\t\t\t<script type=\"text\/javascript\">\n\t\t\t\t\/\/ <![CDATA[\n\t\t\t\tjQuery(document).ready(function($){\n\t\t\t\t\t\"use strict\";\n\t\t\t\t\tif( ! $(\"body\").hasClass( \"mobile-detected\" ) ){\n\t\t\t\t\t\t$(\"#content-block-background-\"+1838).each(function(){\n\t\t\t\t\t\t\tvar $bgobj = $(this); \/\/ Assigning the object.\n\t\t\t\t\t\t\tvar xPos = '50%'; \/\/ x bg position value from the user shortcode.\n\t\t\t\t\t\t\t$(window).scroll(function() {\n\t\t\t\t\t\t\t\tvar yPos = -($(window).scrollTop() \/ 3);\n\t\t\t\t\t\t\t\t\/\/ Put together our final background position.\n\t\t\t\t\t\t\t\tvar coords = xPos+' '+yPos+'px';\n\t\t\t\t\t\t\t\t\/\/ Move the background.\n\t\t\t\t\t\t\t\t$bgobj.css({ backgroundPosition: coords });\n\t\t\t\t\t\t\t});\n\t\t\t\t\t\t});\n\t\t\t\t\t}\n\t\t\t\t});\n\t\t\t\t\/\/ ]]>\n\t\t\t<\/script>\n\t\t\t\n\t\t\t<div class=\"clear\"><\/div>\n\t\t\t<div id=\"content-block-background-1838\" class=\"content-block-background \">\n\t\t\t\t<div id=\"content-block-body-1838\" class=\"content-block-body\">\n\t\t\t\t\t<div class=\"clear\"><\/div>\n\t\t\t\t\t\n<div style=\"text-align: center;\">\n<h1>Assessment of contaminated soil, soil quality and contamination, generic reference levels and contaminated soil remediation.<\/h1>\n<\/div>\n\t\t\t\t\t<div class=\"clear\"><\/div>\n\t\t\t\t<\/div>\n\t\t\t<\/div>\n\t\t\t<div class=\"clear\"><\/div>\n\t\t\t\n\t\t\t<style type=\"text\/css\">\n\t\t\t\t#content-block-background-1216 { background-image: url(); background-position: center top; background-repeat: no-repeat; background-color: #fbfbfb; background-attachment: fixed; background-size: auto; }\n\t\t\t\t#content-block-body-1216 { padding: 30px 0 30px; color: inherit; }\n\t\t\t\t.content-block-body { margin-left: auto; margin-right: auto; position: relative; }\n\t\t\t<\/style>\n\t\t\t\t\t\t\t<style type=\"text\/css\">\n\t\t\t\t\t#wrapper-1 { overflow-x: hidden; }\n\t\t\t\t\t#content-block-background-1216 { margin: 0 -10000px; padding: 0 10000px; }\n\t\t\t\t<\/style>\n\t\t\t\n\t\t\t\n\t\t\t<div class=\"clear\"><\/div>\n\t\t\t<div id=\"content-block-background-1216\" class=\"content-block-background class-name\">\n\t\t\t\t<div id=\"content-block-body-1216\" class=\"content-block-body\">\n\t\t\t\t\t<div class=\"clear\"><\/div>\n\t\t\t\t\t\n<div style=\"text-align: center;\">The basic regulations in force in Spain for the management of potentially contaminated soils and contaminated soils are, on the one hand, Royal Decree 9\/2005 of January 14, which establishes the list of <strong>activities that potentially contaminate the soil and the criteria and standards for the declaration of contaminated soil.<\/strong><br \/>\n&nbsp;<br \/>\nOn the other hand, Law 22\/2011 of July 28 on contaminated waste and soil, regulating <strong>the treatment to be given to soils declared as contaminated<\/strong>. Moreover, Law 5\/2013 partially transposes the European Directive on Industrial Emissions (IED) and Royal Decree 815\/2013 completes said transposition.<br \/>\n&nbsp;<br \/>\n<strong>In order to comply with said regulation GMS Internacional offers its clients various services adapted to each circumstance<\/strong>, project phase or business. For example, the characterisation of the subsoil for the preparation of the Base Soil Report for new activities or to expand existing activities.<br \/>\n&nbsp;<br \/>\nLikewise, we carry out <strong>Risk Analysis to assess the risk of contamination in a soil<\/strong>, the objective of which is none other than to determine whether it is necessary to carry out soil remediation or adopt other corrective actions at the site under study.<\/div>\n\t\t\t\t\t<div class=\"clear\"><\/div>\n\t\t\t\t<\/div>\n\t\t\t<\/div>\n\t\t\t<div class=\"clear\"><\/div>\n\t\t\t\n\n\t\t\t<!-- START eval_suelos_cont_new REVOLUTION SLIDER 6.3.5 --><p class=\"rs-p-wp-fix\"><\/p>\n\t\t\t<rs-module-wrap id=\"rev_slider_40_1_wrapper\" data-source=\"gallery\" style=\"background:transparent;padding:0;margin:0px auto;margin-top:0;margin-bottom:0;\">\n\t\t\t\t<rs-module id=\"rev_slider_40_1\" style=\"\" data-version=\"6.3.5\">\n\t\t\t\t\t<rs-slides>\n\t\t\t\t\t\t<rs-slide data-key=\"rs-192\" data-title=\"Slide\" data-thumb=\"\/\/gmsinternacional.com\/wp-content\/uploads\/2019\/06\/evaluaci\u00f3n_suelos_contaminados-100x50.jpg\" data-anim=\"ei:d;eo:d;s:1000;r:0;t:fade;sl:0;\">\n\t\t\t\t\t\t\t<img src=\"\/\/gmsinternacional.com\/wp-content\/plugins\/revslider\/public\/assets\/assets\/dummy.png\" title=\"gms_evaluaci\u00f3n_suelos_contaminados_2\" width=\"800\" height=\"600\" data-lazyload=\"\/\/gmsinternacional.com\/wp-content\/uploads\/2020\/04\/gms_evaluaci\u00f3n_suelos_contaminados_2.jpg\" data-parallax=\"off\" class=\"rev-slidebg\" data-no-retina>\n<!---->\t\t\t\t\t\t<\/rs-slide>\n\t\t\t\t\t\t<rs-slide data-key=\"rs-193\" data-title=\"Slide\" data-thumb=\"\/\/gmsinternacional.com\/wp-content\/uploads\/2020\/04\/gms_evaluaci\u00f3n_suelos_contaminados-100x50.jpg\" data-anim=\"ei:d;eo:d;s:600;r:0;t:fade;sl:d;\">\n\t\t\t\t\t\t\t<img src=\"\/\/gmsinternacional.com\/wp-content\/plugins\/revslider\/public\/assets\/assets\/dummy.png\" title=\"gms_evaluaci\u00f3n_suelos_contaminados\" width=\"800\" height=\"600\" data-lazyload=\"\/\/gmsinternacional.com\/wp-content\/uploads\/2020\/04\/gms_evaluaci\u00f3n_suelos_contaminados.jpg\" data-parallax=\"off\" class=\"rev-slidebg\" data-no-retina>\n<!---->\t\t\t\t\t\t<\/rs-slide>\n\t\t\t\t\t\t<rs-slide data-key=\"rs-194\" data-title=\"Slide\" data-thumb=\"\/\/gmsinternacional.com\/wp-content\/uploads\/2019\/06\/evaluaci\u00f3n_suelos_contaminados_3-100x50.jpg\" data-anim=\"ei:d;eo:d;s:1000;r:0;t:fade;sl:0;\">\n\t\t\t\t\t\t\t<img src=\"\/\/gmsinternacional.com\/wp-content\/plugins\/revslider\/public\/assets\/assets\/dummy.png\" title=\"gms_evaluaci\u00f3n_suelos_contaminados_4\" width=\"800\" height=\"600\" data-lazyload=\"\/\/gmsinternacional.com\/wp-content\/uploads\/2020\/04\/gms_evaluaci\u00f3n_suelos_contaminados_4.jpg\" data-parallax=\"off\" class=\"rev-slidebg\" data-no-retina>\n<!---->\t\t\t\t\t\t<\/rs-slide>\n\t\t\t\t\t\t<rs-slide data-key=\"rs-191\" data-title=\"Slide\" data-thumb=\"\/\/gmsinternacional.com\/wp-content\/uploads\/2019\/06\/evaluaci\u00f3n_suelos_contaminados_2-100x50.jpg\" data-anim=\"ei:d;eo:d;s:1000;r:0;t:fade;sl:0;\">\n\t\t\t\t\t\t\t<img src=\"\/\/gmsinternacional.com\/wp-content\/plugins\/revslider\/public\/assets\/assets\/dummy.png\" title=\"gms_evaluaci\u00f3n_suelos_contaminados_3\" width=\"800\" height=\"600\" data-lazyload=\"\/\/gmsinternacional.com\/wp-content\/uploads\/2020\/04\/gms_evaluaci\u00f3n_suelos_contaminados_3.jpg\" data-parallax=\"off\" class=\"rev-slidebg\" data-no-retina>\n<!---->\t\t\t\t\t\t<\/rs-slide>\n\t\t\t\t\t<\/rs-slides>\n\t\t\t\t<\/rs-module>\n\t\t\t\t<script type=\"text\/javascript\">\n\t\t\t\t\tsetREVStartSize({c: 'rev_slider_40_1',rl:[1240,1024,778,480],el:[600],gw:[800],gh:[600],type:'carousel',justify:'',layout:'fullwidth',mh:\"0\"});\n\t\t\t\t\tvar\trevapi40,\n\t\t\t\t\t\ttpj;\n\t\t\t\t\tfunction revinit_revslider401() {\n\t\t\t\t\tjQuery(function() {\n\t\t\t\t\t\ttpj = jQuery;\n\t\t\t\t\t\trevapi40 = tpj(\"#rev_slider_40_1\");\n\t\t\t\t\t\tif(revapi40==undefined || revapi40.revolution == undefined){\n\t\t\t\t\t\t\trevslider_showDoubleJqueryError(\"rev_slider_40_1\");\n\t\t\t\t\t\t}else{\n\t\t\t\t\t\t\trevapi40.revolution({\n\t\t\t\t\t\t\t\tsliderType:\"carousel\",\n\t\t\t\t\t\t\t\tsliderLayout:\"fullwidth\",\n\t\t\t\t\t\t\t\tvisibilityLevels:\"1240,1024,778,480\",\n\t\t\t\t\t\t\t\tgridwidth:800,\n\t\t\t\t\t\t\t\tgridheight:600,\n\t\t\t\t\t\t\t\tlazyType:\"smart\",\n\t\t\t\t\t\t\t\tperspectiveType:\"local\",\n\t\t\t\t\t\t\t\teditorheight:\"600,600,600,600\",\n\t\t\t\t\t\t\t\tresponsiveLevels:\"1240,1024,778,480\",\n\t\t\t\t\t\t\t\tcarousel: {\n\t\t\t\t\t\t\t\t\tinfinity:true,\n\t\t\t\t\t\t\t\t\tspace:-150,\n\t\t\t\t\t\t\t\t\tmaxRotation:65,\n\t\t\t\t\t\t\t\t\tvary_rotation:true,\n\t\t\t\t\t\t\t\t\tminScale:45,\n\t\t\t\t\t\t\t\t\tvary_fade:true,\n\t\t\t\t\t\t\t\t\tpadding_top:60,\n\t\t\t\t\t\t\t\t\tpadding_bottom:60\n\t\t\t\t\t\t\t\t},\n\t\t\t\t\t\t\t\tprogressBar:{disableProgressBar:true},\n\t\t\t\t\t\t\t\tnavigation: {\n\t\t\t\t\t\t\t\t\tmouseScrollNavigation:false,\n\t\t\t\t\t\t\t\t\tonHoverStop:false,\n\t\t\t\t\t\t\t\t\ttouch: {\n\t\t\t\t\t\t\t\t\t\ttouchenabled:true,\n\t\t\t\t\t\t\t\t\t\tswipe_min_touches:50\n\t\t\t\t\t\t\t\t\t},\n\t\t\t\t\t\t\t\t\tarrows: {\n\t\t\t\t\t\t\t\t\t\tenable:true,\n\t\t\t\t\t\t\t\t\t\tstyle:\"metis\",\n\t\t\t\t\t\t\t\t\t\tleft: {\n\t\t\t\t\t\t\t\t\t\t\th_offset:30\n\t\t\t\t\t\t\t\t\t\t},\n\t\t\t\t\t\t\t\t\t\tright: {\n\t\t\t\t\t\t\t\t\t\t\th_offset:30\n\t\t\t\t\t\t\t\t\t\t}\n\t\t\t\t\t\t\t\t\t}\n\t\t\t\t\t\t\t\t},\n\t\t\t\t\t\t\t\tparallax: {\n\t\t\t\t\t\t\t\t\tlevels:[2,3,4,5,6,7,12,16,10,50,47,48,49,50,51,55],\n\t\t\t\t\t\t\t\t\ttype:\"mouse\",\n\t\t\t\t\t\t\t\t\torigo:\"slidercenter\",\n\t\t\t\t\t\t\t\t\tspeed:2000\n\t\t\t\t\t\t\t\t},\n\t\t\t\t\t\t\t\tfallbacks: {\n\t\t\t\t\t\t\t\t\tallowHTML5AutoPlayOnAndroid:true\n\t\t\t\t\t\t\t\t},\n\t\t\t\t\t\t\t});\n\t\t\t\t\t\t}\n\t\t\t\t\t\t\n\t\t\t\t\t});\n\t\t\t\t\t} \/\/ End of RevInitScript\n\t\t\t\tvar once_revslider401 = false;\n\t\t\t\tif (document.readyState === \"loading\") {document.addEventListener('readystatechange',function() { if((document.readyState === \"interactive\" || document.readyState === \"complete\") && !once_revslider401 ) { once_revslider401 = true; revinit_revslider401();}});} else {once_revslider401 = true; revinit_revslider401();}\n\t\t\t\t<\/script>\n\t\t\t\t<script>\n\t\t\t\t\tvar htmlDivCss = unescape(\"%23rev_slider_40_1_wrapper%20.metis.tparrows%20%7B%0A%20%20background%3A%23ffffff%3B%0A%20%20padding%3A10px%3B%0A%20%20transition%3Aall%200.3s%3B%0A%20%20-webkit-transition%3Aall%200.3s%3B%0A%20%20width%3A60px%3B%0A%20%20height%3A60px%3B%0A%20%20box-sizing%3Aborder-box%3B%0A%20%7D%0A%20%0A%20%23rev_slider_40_1_wrapper%20.metis.tparrows%3Ahover%20%7B%0A%20%20%20background%3Argba%28255%2C255%2C255%2C0.75%29%3B%0A%20%7D%0A%20%0A%20%23rev_slider_40_1_wrapper%20.metis.tparrows%3Abefore%20%7B%0A%20%20color%3A%23000000%3B%20%20%0A%20%20%20transition%3Aall%200.3s%3B%0A%20%20-webkit-transition%3Aall%200.3s%3B%0A%20%7D%0A%20%0A%20%23rev_slider_40_1_wrapper%20.metis.tparrows%3Ahover%3Abefore%20%7B%0A%20%20%20transform%3Ascale%281.5%29%3B%0A%20%20%7D%0A%20%0A\");\n\t\t\t\t\tvar htmlDiv = document.getElementById('rs-plugin-settings-inline-css');\n\t\t\t\t\tif(htmlDiv) {\n\t\t\t\t\t\thtmlDiv.innerHTML = htmlDiv.innerHTML + htmlDivCss;\n\t\t\t\t\t}else{\n\t\t\t\t\t\tvar htmlDiv = document.createElement('div');\n\t\t\t\t\t\thtmlDiv.innerHTML = '<style>' + htmlDivCss + '<\/style>';\n\t\t\t\t\t\tdocument.getElementsByTagName('head')[0].appendChild(htmlDiv.childNodes[0]);\n\t\t\t\t\t}\n\t\t\t\t<\/script>\n\t\t\t\t<script>\n\t\t\t\t\tvar htmlDivCss = unescape(\"%0A%0A%0A%0A\");\n\t\t\t\t\tvar htmlDiv = document.getElementById('rs-plugin-settings-inline-css');\n\t\t\t\t\tif(htmlDiv) {\n\t\t\t\t\t\thtmlDiv.innerHTML = htmlDiv.innerHTML + htmlDivCss;\n\t\t\t\t\t}else{\n\t\t\t\t\t\tvar htmlDiv = document.createElement('div');\n\t\t\t\t\t\thtmlDiv.innerHTML = '<style>' + htmlDivCss + '<\/style>';\n\t\t\t\t\t\tdocument.getElementsByTagName('head')[0].appendChild(htmlDiv.childNodes[0]);\n\t\t\t\t\t}\n\t\t\t\t<\/script>\n\t\t\t<\/rs-module-wrap>\n\t\t\t<!-- END REVOLUTION SLIDER -->\n\n\t\t\t<style type=\"text\/css\">\n\t\t\t\t#content-block-background-1843 { background-image: url(); background-position: center top; background-repeat: no-repeat; background-color: #eeeeee; background-attachment: fixed; background-size: auto; }\n\t\t\t\t#content-block-body-1843 { padding: 30px 0 40px; color: inherit; }\n\t\t\t\t.content-block-body { margin-left: auto; margin-right: auto; position: relative; }\n\t\t\t<\/style>\n\t\t\t\t\t\t\t<style type=\"text\/css\">\n\t\t\t\t\t#wrapper-1 { overflow-x: hidden; }\n\t\t\t\t\t#content-block-background-1843 { margin: 0 -10000px; padding: 0 10000px; }\n\t\t\t\t<\/style>\n\t\t\t\n\t\t\t\n\t\t\t<div class=\"clear\"><\/div>\n\t\t\t<div id=\"content-block-background-1843\" class=\"content-block-background class-name\">\n\t\t\t\t<div id=\"content-block-body-1843\" class=\"content-block-body\">\n\t\t\t\t\t<div class=\"clear\"><\/div>\n\t\t\t\t\t\n<div style=\"text-align: center;\">Finally, it is important to underline that GMS Internacional carries out <strong>Soil Analysis and Characterisation as a basic tool for the determination of chemical substances that may be found in the soil<\/strong>. Through a sequential process of historical analysis of the site, followed by soil-gas sampling, non-intrusive research by georadar or Electrical Resistivity Tomography (ERT), soundings and trial pits, you can later accurately model the flow of contaminants and their interaction with the medium through the analysis of field data using specific tools such as Mudflow or ProUCL (EPA).<br \/>\n&nbsp;<br \/>\nIn this way, GMS Internacional\u2019s clients can <strong>make safe decisions based on complete and properly analysed data.<\/strong><\/div>\n\t\t\t\t\t<div class=\"clear\"><\/div>\n\t\t\t\t<\/div>\n\t\t\t<\/div>\n\t\t\t<div class=\"clear\"><\/div>\n\t\t\t\n<div style=\"margin-bottom: -55px;\">\n\t\t\t<style type=\"text\/css\">\n\t\t\t\t#content-block-background-1692 { background-image: url(); background-position: center top; background-repeat: no-repeat; background-color: #F95700; background-attachment: fixed; background-size: auto; }\n\t\t\t\t#content-block-body-1692 { padding: 30px 0 30px 0; color: inherit; }\n\t\t\t\t.content-block-body { margin-left: auto; margin-right: auto; position: relative; }\n\t\t\t<\/style>\n\t\t\t\t\t\t\t<style type=\"text\/css\">\n\t\t\t\t\t#wrapper-1 { overflow-x: hidden; }\n\t\t\t\t\t#content-block-background-1692 { margin: 0 -10000px; padding: 0 10000px; }\n\t\t\t\t<\/style>\n\t\t\t\n\t\t\t\n\t\t\t<div class=\"clear\"><\/div>\n\t\t\t<div id=\"content-block-background-1692\" class=\"content-block-background class-name\">\n\t\t\t\t<div id=\"content-block-body-1692\" class=\"content-block-body\">\n\t\t\t\t\t<div class=\"clear\"><\/div>\n\t\t\t\t\t\n<div style=\"float: center; text-align: center;\"><i class=\"icon-coffee\" style=\"color:#ffffff;font-size:3em;\"><\/i><\/div>\n<h2 style=\"color: #ffffff; margin-top: 10px; font-size: 36px; text-align: center;\">Do you need a quotation?<\/h2>\n<div style=\"text-align: center; line-height: 1.2; color: #ffffff;\">Contact us and we will design a project which is tailor made to your needs.<\/div>\n<div style=\"margin-top: 30px; margin-bottom: 60px;\"><div class=\"align-btn-center\"><a class=\"flat-custom-button\" href=\"https:\/\/gmsinternacional.com\/en\/contact\" title=\"Request a quotation\"><span style=\"padding:20px 80px; background-color:transparent; border:2px solid #FFFFFF; color:#FFFFFF; font-size:20px;\">Request a quotation<\/span><\/a><\/div><\/div>\n\t\t\t\t\t<div class=\"clear\"><\/div>\n\t\t\t\t<\/div>\n\t\t\t<\/div>\n\t\t\t<div class=\"clear\"><\/div>\n\t\t\t\n<\/div>\n<!-- AddThis Advanced Settings generic via filter on the_content --><!-- AddThis Share Buttons generic via filter on the_content -->","protected":false},"excerpt":{"rendered":"<p><!-- AddThis Advanced Settings generic via filter on get_the_excerpt --><!-- AddThis Share Buttons generic via filter on get_the_excerpt --><\/p>\n","protected":false},"author":1,"featured_media":0,"parent":2388,"menu_order":2,"comment_status":"closed","ping_status":"closed","template":"page-FullWidth.php","meta":[],"yoast_head":"<!-- This site is optimized with the Yoast SEO plugin v21.5 - https:\/\/yoast.com\/wordpress\/plugins\/seo\/ -->\n<title>Contaminated Soil Assessment | GMS Internacional<\/title>\n<meta name=\"description\" content=\"Evaluaci\u00f3n suelos contaminados, calidad del suelo, contaminaci\u00f3n de suelos, niveles gen\u00e9ricos de referencia, remediaci\u00f3n de suelos contaminados.\" \/>\n<meta name=\"robots\" content=\"index, follow, max-snippet:-1, max-image-preview:large, max-video-preview:-1\" \/>\n<link rel=\"canonical\" href=\"https:\/\/gmsinternacional.com\/en\/environment-surveys\/contaminated-soil-assessment\/\" \/>\n<meta property=\"og:locale\" content=\"en_US\" \/>\n<meta property=\"og:type\" content=\"article\" \/>\n<meta property=\"og:title\" content=\"Contaminated Soil Assessment | GMS Internacional\" \/>\n<meta property=\"og:description\" content=\"Evaluaci\u00f3n suelos contaminados, calidad del suelo, contaminaci\u00f3n de suelos, niveles gen\u00e9ricos de referencia, remediaci\u00f3n de suelos contaminados.\" \/>\n<meta property=\"og:url\" content=\"https:\/\/gmsinternacional.com\/en\/environment-surveys\/contaminated-soil-assessment\/\" \/>\n<meta property=\"og:site_name\" content=\"Ensayos y estudios geot\u00e9cnicos\" \/>\n<meta property=\"article:modified_time\" content=\"2020-07-14T12:26:33+00:00\" \/>\n<meta name=\"twitter:card\" content=\"summary_large_image\" \/>\n<meta name=\"twitter:label1\" content=\"Est. reading time\" \/>\n\t<meta name=\"twitter:data1\" content=\"3 minutes\" \/>\n<script type=\"application\/ld+json\" class=\"yoast-schema-graph\">{\"@context\":\"https:\/\/schema.org\",\"@graph\":[{\"@type\":\"WebPage\",\"@id\":\"https:\/\/gmsinternacional.com\/en\/environment-surveys\/contaminated-soil-assessment\/\",\"url\":\"https:\/\/gmsinternacional.com\/en\/environment-surveys\/contaminated-soil-assessment\/\",\"name\":\"Contaminated Soil Assessment | GMS Internacional\",\"isPartOf\":{\"@id\":\"https:\/\/gmsinternacional.com\/en\/#website\"},\"datePublished\":\"2019-06-29T17:35:28+00:00\",\"dateModified\":\"2020-07-14T12:26:33+00:00\",\"description\":\"Evaluaci\u00f3n suelos contaminados, calidad del suelo, contaminaci\u00f3n de suelos, niveles gen\u00e9ricos de referencia, remediaci\u00f3n de suelos contaminados.\",\"breadcrumb\":{\"@id\":\"https:\/\/gmsinternacional.com\/en\/environment-surveys\/contaminated-soil-assessment\/#breadcrumb\"},\"inLanguage\":\"en-US\",\"potentialAction\":[{\"@type\":\"ReadAction\",\"target\":[\"https:\/\/gmsinternacional.com\/en\/environment-surveys\/contaminated-soil-assessment\/\"]}]},{\"@type\":\"BreadcrumbList\",\"@id\":\"https:\/\/gmsinternacional.com\/en\/environment-surveys\/contaminated-soil-assessment\/#breadcrumb\",\"itemListElement\":[{\"@type\":\"ListItem\",\"position\":1,\"name\":\"Portada\",\"item\":\"https:\/\/gmsinternacional.com\/en\/\"},{\"@type\":\"ListItem\",\"position\":2,\"name\":\"Environment\",\"item\":\"https:\/\/gmsinternacional.com\/en\/environment-surveys\/\"},{\"@type\":\"ListItem\",\"position\":3,\"name\":\"Contaminated Soil Assessment\"}]},{\"@type\":\"WebSite\",\"@id\":\"https:\/\/gmsinternacional.com\/en\/#website\",\"url\":\"https:\/\/gmsinternacional.com\/en\/\",\"name\":\"Ensayos y estudios geot\u00e9cnicos\",\"description\":\"\",\"publisher\":{\"@id\":\"https:\/\/gmsinternacional.com\/en\/#organization\"},\"potentialAction\":[{\"@type\":\"SearchAction\",\"target\":{\"@type\":\"EntryPoint\",\"urlTemplate\":\"https:\/\/gmsinternacional.com\/en\/?s={search_term_string}\"},\"query-input\":\"required name=search_term_string\"}],\"inLanguage\":\"en-US\"},{\"@type\":\"Organization\",\"@id\":\"https:\/\/gmsinternacional.com\/en\/#organization\",\"name\":\"GMS Internacional\",\"url\":\"https:\/\/gmsinternacional.com\/en\/\",\"logo\":{\"@type\":\"ImageObject\",\"inLanguage\":\"en-US\",\"@id\":\"https:\/\/gmsinternacional.com\/en\/#\/schema\/logo\/image\/\",\"url\":\"https:\/\/gmsinternacional.com\/wp-content\/uploads\/2019\/06\/gms_logo_home_3.png\",\"contentUrl\":\"https:\/\/gmsinternacional.com\/wp-content\/uploads\/2019\/06\/gms_logo_home_3.png\",\"width\":308,\"height\":100,\"caption\":\"GMS Internacional\"},\"image\":{\"@id\":\"https:\/\/gmsinternacional.com\/en\/#\/schema\/logo\/image\/\"}}]}<\/script>\n<!-- \/ Yoast SEO plugin. -->","yoast_head_json":{"title":"Contaminated Soil Assessment | GMS Internacional","description":"Evaluaci\u00f3n suelos contaminados, calidad del suelo, contaminaci\u00f3n de suelos, niveles gen\u00e9ricos de referencia, remediaci\u00f3n de suelos contaminados.","robots":{"index":"index","follow":"follow","max-snippet":"max-snippet:-1","max-image-preview":"max-image-preview:large","max-video-preview":"max-video-preview:-1"},"canonical":"https:\/\/gmsinternacional.com\/en\/environment-surveys\/contaminated-soil-assessment\/","og_locale":"en_US","og_type":"article","og_title":"Contaminated Soil Assessment | GMS Internacional","og_description":"Evaluaci\u00f3n suelos contaminados, calidad del suelo, contaminaci\u00f3n de suelos, niveles gen\u00e9ricos de referencia, remediaci\u00f3n de suelos contaminados.","og_url":"https:\/\/gmsinternacional.com\/en\/environment-surveys\/contaminated-soil-assessment\/","og_site_name":"Ensayos y estudios geot\u00e9cnicos","article_modified_time":"2020-07-14T12:26:33+00:00","twitter_card":"summary_large_image","twitter_misc":{"Est. reading time":"3 minutes"},"schema":{"@context":"https:\/\/schema.org","@graph":[{"@type":"WebPage","@id":"https:\/\/gmsinternacional.com\/en\/environment-surveys\/contaminated-soil-assessment\/","url":"https:\/\/gmsinternacional.com\/en\/environment-surveys\/contaminated-soil-assessment\/","name":"Contaminated Soil Assessment | GMS Internacional","isPartOf":{"@id":"https:\/\/gmsinternacional.com\/en\/#website"},"datePublished":"2019-06-29T17:35:28+00:00","dateModified":"2020-07-14T12:26:33+00:00","description":"Evaluaci\u00f3n suelos contaminados, calidad del suelo, contaminaci\u00f3n de suelos, niveles gen\u00e9ricos de referencia, remediaci\u00f3n de suelos contaminados.","breadcrumb":{"@id":"https:\/\/gmsinternacional.com\/en\/environment-surveys\/contaminated-soil-assessment\/#breadcrumb"},"inLanguage":"en-US","potentialAction":[{"@type":"ReadAction","target":["https:\/\/gmsinternacional.com\/en\/environment-surveys\/contaminated-soil-assessment\/"]}]},{"@type":"BreadcrumbList","@id":"https:\/\/gmsinternacional.com\/en\/environment-surveys\/contaminated-soil-assessment\/#breadcrumb","itemListElement":[{"@type":"ListItem","position":1,"name":"Portada","item":"https:\/\/gmsinternacional.com\/en\/"},{"@type":"ListItem","position":2,"name":"Environment","item":"https:\/\/gmsinternacional.com\/en\/environment-surveys\/"},{"@type":"ListItem","position":3,"name":"Contaminated Soil Assessment"}]},{"@type":"WebSite","@id":"https:\/\/gmsinternacional.com\/en\/#website","url":"https:\/\/gmsinternacional.com\/en\/","name":"Ensayos y estudios geot\u00e9cnicos","description":"","publisher":{"@id":"https:\/\/gmsinternacional.com\/en\/#organization"},"potentialAction":[{"@type":"SearchAction","target":{"@type":"EntryPoint","urlTemplate":"https:\/\/gmsinternacional.com\/en\/?s={search_term_string}"},"query-input":"required name=search_term_string"}],"inLanguage":"en-US"},{"@type":"Organization","@id":"https:\/\/gmsinternacional.com\/en\/#organization","name":"GMS Internacional","url":"https:\/\/gmsinternacional.com\/en\/","logo":{"@type":"ImageObject","inLanguage":"en-US","@id":"https:\/\/gmsinternacional.com\/en\/#\/schema\/logo\/image\/","url":"https:\/\/gmsinternacional.com\/wp-content\/uploads\/2019\/06\/gms_logo_home_3.png","contentUrl":"https:\/\/gmsinternacional.com\/wp-content\/uploads\/2019\/06\/gms_logo_home_3.png","width":308,"height":100,"caption":"GMS Internacional"},"image":{"@id":"https:\/\/gmsinternacional.com\/en\/#\/schema\/logo\/image\/"}}]}},"_links":{"self":[{"href":"https:\/\/gmsinternacional.com\/en\/wp-json\/wp\/v2\/pages\/2401"}],"collection":[{"href":"https:\/\/gmsinternacional.com\/en\/wp-json\/wp\/v2\/pages"}],"about":[{"href":"https:\/\/gmsinternacional.com\/en\/wp-json\/wp\/v2\/types\/page"}],"author":[{"embeddable":true,"href":"https:\/\/gmsinternacional.com\/en\/wp-json\/wp\/v2\/users\/1"}],"replies":[{"embeddable":true,"href":"https:\/\/gmsinternacional.com\/en\/wp-json\/wp\/v2\/comments?post=2401"}],"version-history":[{"count":3,"href":"https:\/\/gmsinternacional.com\/en\/wp-json\/wp\/v2\/pages\/2401\/revisions"}],"predecessor-version":[{"id":2404,"href":"https:\/\/gmsinternacional.com\/en\/wp-json\/wp\/v2\/pages\/2401\/revisions\/2404"}],"up":[{"embeddable":true,"href":"https:\/\/gmsinternacional.com\/en\/wp-json\/wp\/v2\/pages\/2388"}],"wp:attachment":[{"href":"https:\/\/gmsinternacional.com\/en\/wp-json\/wp\/v2\/media?parent=2401"}],"curies":[{"name":"wp","href":"https:\/\/api.w.org\/{rel}","templated":true}]}}