{"id":2382,"date":"2019-06-24T12:20:32","date_gmt":"2019-06-24T10:20:32","guid":{"rendered":"https:\/\/gmsinternacional.com\/topografia-dron-gps\/"},"modified":"2020-07-14T14:31:54","modified_gmt":"2020-07-14T12:31:54","slug":"topography","status":"publish","type":"page","link":"https:\/\/gmsinternacional.com\/en\/topography\/","title":{"rendered":"Topography"},"content":{"rendered":"\t\t\t<style type=\"text\/css\">\n\t\t\t\t#content-block-background-1577 { background-image: url(); background-position: 50% 0; background-repeat: repeat; background-color: #ffffff; background-attachment: scroll; background-size: auto; }\n\t\t\t\t#content-block-body-1577 { padding: 5px 0 50px; color: inherit; }\n\t\t\t\t.content-block-body { margin-left: auto; margin-right: auto; position: relative; }\n\t\t\t<\/style>\n\t\t\t\t\t\t\t<style type=\"text\/css\">\n\t\t\t\t\t#wrapper-1 { overflow-x: hidden; }\n\t\t\t\t\t#content-block-background-1577 { margin: 0 -10000px; padding: 0 10000px; }\n\t\t\t\t<\/style>\n\t\t\t\n\t\t\t\t\t\t<script type=\"text\/javascript\">\n\t\t\t\t\/\/ <![CDATA[\n\t\t\t\tjQuery(document).ready(function($){\n\t\t\t\t\t\"use strict\";\n\t\t\t\t\tif( ! $(\"body\").hasClass( \"mobile-detected\" ) ){\n\t\t\t\t\t\t$(\"#content-block-background-\"+1577).each(function(){\n\t\t\t\t\t\t\tvar $bgobj = $(this); \/\/ Assigning the object.\n\t\t\t\t\t\t\tvar xPos = '50%'; \/\/ x bg position value from the user shortcode.\n\t\t\t\t\t\t\t$(window).scroll(function() {\n\t\t\t\t\t\t\t\tvar yPos = -($(window).scrollTop() \/ 3);\n\t\t\t\t\t\t\t\t\/\/ Put together our final background position.\n\t\t\t\t\t\t\t\tvar coords = xPos+' '+yPos+'px';\n\t\t\t\t\t\t\t\t\/\/ Move the background.\n\t\t\t\t\t\t\t\t$bgobj.css({ backgroundPosition: coords });\n\t\t\t\t\t\t\t});\n\t\t\t\t\t\t});\n\t\t\t\t\t}\n\t\t\t\t});\n\t\t\t\t\/\/ ]]>\n\t\t\t<\/script>\n\t\t\t\n\t\t\t<div class=\"clear\"><\/div>\n\t\t\t<div id=\"content-block-background-1577\" class=\"content-block-background \">\n\t\t\t\t<div id=\"content-block-body-1577\" class=\"content-block-body\">\n\t\t\t\t\t<div class=\"clear\"><\/div>\n\t\t\t\t\t\n<div style=\"text-align: center;\">\n<h1>Topographical surveys for photovoltaic, wind power, civil, and building projects.<\/h1>\n<\/div>\n<div class=\"one_third\">\n<div style=\"margin-top: 60px;\">\n<div style=\"text-align: center;\"><i class=\"icon-globe\" style=\"color:#FE5E08;font-size:3em;\"><\/i><\/div>\n<div style=\"display: inline-block; text-align: center;\">\n<h2><span style=\"color:#FE5E08;\">International scope<\/span><\/h2>\n<div style=\"margin-bottom: 20px;\">GMS Internacional is the only company that can carry out topographical surveys in practically any country in the world.<\/div>\n<\/div>\n<\/div>\n<\/div>\n<div class=\"one_third\">\n<div style=\"margin-top: 60px;\">\n<div style=\"text-align: center;\"><i class=\"icon-user-md\" style=\"color:#FE5E08;font-size:3em;\"><\/i><\/div>\n<div style=\"display: inline-block; text-align: center;\">\n<h2><span style=\"color:#FE5E08;\">Experts in solar and wind projects<\/span><\/h2>\n<div style=\"margin-bottom: 20px;\"><span style=\"font-size: 18px;\">We know exactly which details are necessary to consider in the survey.<\/span><\/div>\n<\/div>\n<\/div>\n<\/div>\n<div class=\"one_third last_column\">\n<div style=\"margin-top: 60px;\">\n<div style=\"text-align: center;\"><i class=\"icon-link\" style=\"color:#FE5E08;font-size:3em;\"><\/i><\/div>\n<div style=\"display: inline-block; text-align: center;\">\n<h2><span style=\"color:#FE5E08;\">Integration<\/span><\/h2>\n<div style=\"margin-bottom: 20px;\">We inform our survey with flood assessments, environmental assessments, and civil engineering studies.<\/div>\n<\/div>\n<\/div>\n<\/div>\n\t\t\t\t\t<div class=\"clear\"><\/div>\n\t\t\t\t<\/div>\n\t\t\t<\/div>\n\t\t\t<div class=\"clear\"><\/div>\n\t\t\t\n\t\t\t<style type=\"text\/css\">\n\t\t\t\t#content-block-background-1498 { background-image: url(https:\/\/gmsinternacional.com\/wp-content\/uploads\/2020\/01\/topograf\u00eda_cuerpo_3.jpg); background-position: center center; background-repeat: no-repeat; background-color: #000000; background-attachment: fixed; background-size: auto; }\n\t\t\t\t#content-block-body-1498 { padding: 55px 0 40px 0; color: #ffffff; }\n\t\t\t\t.content-block-body { margin-left: auto; margin-right: auto; position: relative; }\n\t\t\t<\/style>\n\t\t\t\t\t\t\t<style type=\"text\/css\">\n\t\t\t\t\t#wrapper-1 { overflow-x: hidden; }\n\t\t\t\t\t#content-block-background-1498 { margin: 0 -10000px; padding: 0 10000px; }\n\t\t\t\t<\/style>\n\t\t\t\n\t\t\t\n\t\t\t<div class=\"clear\"><\/div>\n\t\t\t<div id=\"content-block-background-1498\" class=\"content-block-background \">\n\t\t\t\t<div id=\"content-block-body-1498\" class=\"content-block-body\">\n\t\t\t\t\t<div class=\"clear\"><\/div>\n\t\t\t\t\t\n<div style=\"text-align: center;\">\n<h2><span style=\"color: #ffffff;\">GMS Internacional is proud to count on the expertise of an <strong>associated topography team to undertake&nbsp; projects all over the world<\/strong>. All topographical field work in Spain is carried out by our Spanish team, whereas overseas projects are planned, managed, and processed by our team in Spain in close partnership with local overseas groups working in the field.<br \/>\n&nbsp;<br \/>\nOur team has <strong>more than 20 years of experience carrying out topographical surveys, evaluation of boundaries, measurements, &nbsp;stake-outs, and all types of studies related to topography.<\/strong> Since 2012, the team has expanded to include specialists in the field of renewable solar and wind power projects , which are typically different from other types of projects.<br \/>\n&nbsp;<br \/>\nOur team is equipped with various drones, &nbsp;GPS RTK, and total stations, and can also count on additional personnel depending on the location and circumstances. In areas with abundant vegetation or high-growing crops, drone flights are not recommended due to precision loss in the z coordinate. However,&nbsp;<strong>in those terrains<\/strong> <strong>where the vegetation allows it, the drone has proven to be a faster and more precise tool <\/strong>than those which are currently used in the field of topography.<br \/>\n<\/span><\/h2>\n<\/div>\n\t\t\t\t\t<div class=\"clear\"><\/div>\n\t\t\t\t<\/div>\n\t\t\t<\/div>\n\t\t\t<div class=\"clear\"><\/div>\n\t\t\t\n\n\t\t\t<!-- START topografia_new REVOLUTION SLIDER 6.3.5 --><p class=\"rs-p-wp-fix\"><\/p>\n\t\t\t<rs-module-wrap id=\"rev_slider_39_1_wrapper\" data-source=\"gallery\" style=\"background:transparent;padding:0;margin:0px auto;margin-top:0;margin-bottom:0;\">\n\t\t\t\t<rs-module id=\"rev_slider_39_1\" style=\"\" data-version=\"6.3.5\">\n\t\t\t\t\t<rs-slides>\n\t\t\t\t\t\t<rs-slide data-key=\"rs-187\" data-title=\"Slide\" data-thumb=\"\/\/gmsinternacional.com\/wp-content\/uploads\/2020\/04\/gms_topograf\u00eda_2-100x50.jpg\" data-anim=\"ei:d;eo:d;s:600;r:0;t:fade;sl:d;\">\n\t\t\t\t\t\t\t<img src=\"\/\/gmsinternacional.com\/wp-content\/plugins\/revslider\/public\/assets\/assets\/dummy.png\" title=\"gms_topograf\u00eda_2\" width=\"800\" height=\"600\" data-lazyload=\"\/\/gmsinternacional.com\/wp-content\/uploads\/2020\/04\/gms_topograf\u00eda_2.jpg\" data-parallax=\"off\" class=\"rev-slidebg\" data-no-retina>\n<!---->\t\t\t\t\t\t<\/rs-slide>\n\t\t\t\t\t\t<rs-slide data-key=\"rs-188\" data-title=\"Slide\" data-thumb=\"\/\/gmsinternacional.com\/wp-content\/uploads\/2020\/04\/gms_topograf\u00eda_4-100x50.jpg\" data-anim=\"ei:d;eo:d;s:600;r:0;t:fade;sl:d;\">\n\t\t\t\t\t\t\t<img src=\"\/\/gmsinternacional.com\/wp-content\/plugins\/revslider\/public\/assets\/assets\/dummy.png\" title=\"gms_topograf\u00eda_4\" width=\"800\" height=\"600\" data-lazyload=\"\/\/gmsinternacional.com\/wp-content\/uploads\/2020\/04\/gms_topograf\u00eda_4.jpg\" data-parallax=\"off\" class=\"rev-slidebg\" data-no-retina>\n<!---->\t\t\t\t\t\t<\/rs-slide>\n\t\t\t\t\t\t<rs-slide data-key=\"rs-189\" data-title=\"Slide\" data-thumb=\"\/\/gmsinternacional.com\/wp-content\/uploads\/2020\/04\/gms_topograf\u00eda_3-100x50.jpg\" data-anim=\"ei:d;eo:d;s:600;r:0;t:fade;sl:d;\">\n\t\t\t\t\t\t\t<img src=\"\/\/gmsinternacional.com\/wp-content\/plugins\/revslider\/public\/assets\/assets\/dummy.png\" title=\"gms_topograf\u00eda_3\" width=\"800\" height=\"600\" data-lazyload=\"\/\/gmsinternacional.com\/wp-content\/uploads\/2020\/04\/gms_topograf\u00eda_3.jpg\" data-parallax=\"off\" class=\"rev-slidebg\" data-no-retina>\n<!---->\t\t\t\t\t\t<\/rs-slide>\n\t\t\t\t\t\t<rs-slide data-key=\"rs-190\" data-title=\"Slide\" data-thumb=\"\/\/gmsinternacional.com\/wp-content\/uploads\/2020\/04\/gms_topograf\u00eda-100x50.jpg\" data-anim=\"ei:d;eo:d;s:600;r:0;t:fade;sl:d;\">\n\t\t\t\t\t\t\t<img src=\"\/\/gmsinternacional.com\/wp-content\/plugins\/revslider\/public\/assets\/assets\/dummy.png\" title=\"gms_topograf\u00eda\" width=\"800\" height=\"600\" data-lazyload=\"\/\/gmsinternacional.com\/wp-content\/uploads\/2020\/04\/gms_topograf\u00eda.jpg\" data-parallax=\"off\" class=\"rev-slidebg\" data-no-retina>\n<!---->\t\t\t\t\t\t<\/rs-slide>\n\t\t\t\t\t<\/rs-slides>\n\t\t\t\t<\/rs-module>\n\t\t\t\t<script type=\"text\/javascript\">\n\t\t\t\t\tsetREVStartSize({c: 'rev_slider_39_1',rl:[1240,1024,778,480],el:[600],gw:[800],gh:[600],type:'carousel',justify:'',layout:'fullwidth',mh:\"0\"});\n\t\t\t\t\tvar\trevapi39,\n\t\t\t\t\t\ttpj;\n\t\t\t\t\tfunction revinit_revslider391() {\n\t\t\t\t\tjQuery(function() {\n\t\t\t\t\t\ttpj = jQuery;\n\t\t\t\t\t\trevapi39 = tpj(\"#rev_slider_39_1\");\n\t\t\t\t\t\tif(revapi39==undefined || revapi39.revolution == undefined){\n\t\t\t\t\t\t\trevslider_showDoubleJqueryError(\"rev_slider_39_1\");\n\t\t\t\t\t\t}else{\n\t\t\t\t\t\t\trevapi39.revolution({\n\t\t\t\t\t\t\t\tsliderType:\"carousel\",\n\t\t\t\t\t\t\t\tsliderLayout:\"fullwidth\",\n\t\t\t\t\t\t\t\tvisibilityLevels:\"1240,1024,778,480\",\n\t\t\t\t\t\t\t\tgridwidth:800,\n\t\t\t\t\t\t\t\tgridheight:600,\n\t\t\t\t\t\t\t\tlazyType:\"smart\",\n\t\t\t\t\t\t\t\tperspectiveType:\"local\",\n\t\t\t\t\t\t\t\teditorheight:\"600,600,600,600\",\n\t\t\t\t\t\t\t\tresponsiveLevels:\"1240,1024,778,480\",\n\t\t\t\t\t\t\t\tcarousel: {\n\t\t\t\t\t\t\t\t\tinfinity:true,\n\t\t\t\t\t\t\t\t\tspace:-150,\n\t\t\t\t\t\t\t\t\tmaxRotation:65,\n\t\t\t\t\t\t\t\t\tvary_rotation:true,\n\t\t\t\t\t\t\t\t\tminScale:45,\n\t\t\t\t\t\t\t\t\tvary_fade:true,\n\t\t\t\t\t\t\t\t\tpadding_top:60,\n\t\t\t\t\t\t\t\t\tpadding_bottom:60\n\t\t\t\t\t\t\t\t},\n\t\t\t\t\t\t\t\tprogressBar:{disableProgressBar:true},\n\t\t\t\t\t\t\t\tnavigation: {\n\t\t\t\t\t\t\t\t\tmouseScrollNavigation:false,\n\t\t\t\t\t\t\t\t\tonHoverStop:false,\n\t\t\t\t\t\t\t\t\ttouch: {\n\t\t\t\t\t\t\t\t\t\ttouchenabled:true,\n\t\t\t\t\t\t\t\t\t\tswipe_min_touches:50\n\t\t\t\t\t\t\t\t\t},\n\t\t\t\t\t\t\t\t\tarrows: {\n\t\t\t\t\t\t\t\t\t\tenable:true,\n\t\t\t\t\t\t\t\t\t\tstyle:\"metis\",\n\t\t\t\t\t\t\t\t\t\tleft: {\n\t\t\t\t\t\t\t\t\t\t\th_offset:30\n\t\t\t\t\t\t\t\t\t\t},\n\t\t\t\t\t\t\t\t\t\tright: {\n\t\t\t\t\t\t\t\t\t\t\th_offset:30\n\t\t\t\t\t\t\t\t\t\t}\n\t\t\t\t\t\t\t\t\t}\n\t\t\t\t\t\t\t\t},\n\t\t\t\t\t\t\t\tparallax: {\n\t\t\t\t\t\t\t\t\tlevels:[2,3,4,5,6,7,12,16,10,50,47,48,49,50,51,55],\n\t\t\t\t\t\t\t\t\ttype:\"mouse\",\n\t\t\t\t\t\t\t\t\torigo:\"slidercenter\",\n\t\t\t\t\t\t\t\t\tspeed:2000\n\t\t\t\t\t\t\t\t},\n\t\t\t\t\t\t\t\tfallbacks: {\n\t\t\t\t\t\t\t\t\tallowHTML5AutoPlayOnAndroid:true\n\t\t\t\t\t\t\t\t},\n\t\t\t\t\t\t\t});\n\t\t\t\t\t\t}\n\t\t\t\t\t\t\n\t\t\t\t\t});\n\t\t\t\t\t} \/\/ End of RevInitScript\n\t\t\t\tvar once_revslider391 = false;\n\t\t\t\tif (document.readyState === \"loading\") {document.addEventListener('readystatechange',function() { if((document.readyState === \"interactive\" || document.readyState === \"complete\") && !once_revslider391 ) { once_revslider391 = true; revinit_revslider391();}});} else {once_revslider391 = true; revinit_revslider391();}\n\t\t\t\t<\/script>\n\t\t\t\t<script>\n\t\t\t\t\tvar htmlDivCss = unescape(\"%23rev_slider_39_1_wrapper%20.metis.tparrows%20%7B%0A%20%20background%3A%23ffffff%3B%0A%20%20padding%3A10px%3B%0A%20%20transition%3Aall%200.3s%3B%0A%20%20-webkit-transition%3Aall%200.3s%3B%0A%20%20width%3A60px%3B%0A%20%20height%3A60px%3B%0A%20%20box-sizing%3Aborder-box%3B%0A%20%7D%0A%20%0A%20%23rev_slider_39_1_wrapper%20.metis.tparrows%3Ahover%20%7B%0A%20%20%20background%3Argba%28255%2C255%2C255%2C0.75%29%3B%0A%20%7D%0A%20%0A%20%23rev_slider_39_1_wrapper%20.metis.tparrows%3Abefore%20%7B%0A%20%20color%3A%23000000%3B%20%20%0A%20%20%20transition%3Aall%200.3s%3B%0A%20%20-webkit-transition%3Aall%200.3s%3B%0A%20%7D%0A%20%0A%20%23rev_slider_39_1_wrapper%20.metis.tparrows%3Ahover%3Abefore%20%7B%0A%20%20%20transform%3Ascale%281.5%29%3B%0A%20%20%7D%0A%20%0A\");\n\t\t\t\t\tvar htmlDiv = document.getElementById('rs-plugin-settings-inline-css');\n\t\t\t\t\tif(htmlDiv) {\n\t\t\t\t\t\thtmlDiv.innerHTML = htmlDiv.innerHTML + htmlDivCss;\n\t\t\t\t\t}else{\n\t\t\t\t\t\tvar htmlDiv = document.createElement('div');\n\t\t\t\t\t\thtmlDiv.innerHTML = '<style>' + htmlDivCss + '<\/style>';\n\t\t\t\t\t\tdocument.getElementsByTagName('head')[0].appendChild(htmlDiv.childNodes[0]);\n\t\t\t\t\t}\n\t\t\t\t<\/script>\n\t\t\t\t<script>\n\t\t\t\t\tvar htmlDivCss = unescape(\"%0A%0A%0A%0A\");\n\t\t\t\t\tvar htmlDiv = document.getElementById('rs-plugin-settings-inline-css');\n\t\t\t\t\tif(htmlDiv) {\n\t\t\t\t\t\thtmlDiv.innerHTML = htmlDiv.innerHTML + htmlDivCss;\n\t\t\t\t\t}else{\n\t\t\t\t\t\tvar htmlDiv = document.createElement('div');\n\t\t\t\t\t\thtmlDiv.innerHTML = '<style>' + htmlDivCss + '<\/style>';\n\t\t\t\t\t\tdocument.getElementsByTagName('head')[0].appendChild(htmlDiv.childNodes[0]);\n\t\t\t\t\t}\n\t\t\t\t<\/script>\n\t\t\t<\/rs-module-wrap>\n\t\t\t<!-- END REVOLUTION SLIDER -->\n\n<div style=\"margin-bottom: -55px;\">\n\t\t\t<style type=\"text\/css\">\n\t\t\t\t#content-block-background-1300 { background-image: url(); background-position: center top; background-repeat: no-repeat; background-color: #F95700; background-attachment: fixed; background-size: auto; }\n\t\t\t\t#content-block-body-1300 { padding: 30px 0 30px 0; color: inherit; }\n\t\t\t\t.content-block-body { margin-left: auto; margin-right: auto; position: relative; }\n\t\t\t<\/style>\n\t\t\t\t\t\t\t<style type=\"text\/css\">\n\t\t\t\t\t#wrapper-1 { overflow-x: hidden; }\n\t\t\t\t\t#content-block-background-1300 { margin: 0 -10000px; padding: 0 10000px; }\n\t\t\t\t<\/style>\n\t\t\t\n\t\t\t\n\t\t\t<div class=\"clear\"><\/div>\n\t\t\t<div id=\"content-block-background-1300\" class=\"content-block-background class-name\">\n\t\t\t\t<div id=\"content-block-body-1300\" class=\"content-block-body\">\n\t\t\t\t\t<div class=\"clear\"><\/div>\n\t\t\t\t\t\n<div style=\"float: center; text-align: center;\"><i class=\"icon-coffee\" style=\"color:#ffffff;font-size:3em;\"><\/i><\/div>\n<h2 style=\"color: #ffffff; margin-top: 10px; font-size: 36px; text-align: center;\">Do you need a quotation?<\/h2>\n<div style=\"text-align: center; line-height: 1.2; color: #ffffff;\">Contact us and we will design a project which is tailor made to your needs.<\/div>\n<div style=\"margin-top: 30px; margin-bottom: 60px;\"><div class=\"align-btn-center\"><a class=\"flat-custom-button\" href=\"https:\/\/gmsinternacional.com\/en\/contact\" title=\"Request a quotation\"><span style=\"padding:20px 80px; background-color:transparent; border:2px solid #FFFFFF; color:#FFFFFF; font-size:20px;\">Request a quotation<\/span><\/a><\/div><\/div>\n\t\t\t\t\t<div class=\"clear\"><\/div>\n\t\t\t\t<\/div>\n\t\t\t<\/div>\n\t\t\t<div class=\"clear\"><\/div>\n\t\t\t\n<\/div>\n<!-- AddThis Advanced Settings generic via filter on the_content --><!-- AddThis Share Buttons generic via filter on the_content -->","protected":false},"excerpt":{"rendered":"<p><!-- AddThis Advanced Settings generic via filter on get_the_excerpt --><!-- AddThis Share Buttons generic via filter on get_the_excerpt --><\/p>\n","protected":false},"author":1,"featured_media":0,"parent":0,"menu_order":0,"comment_status":"closed","ping_status":"closed","template":"page-FullWidth.php","meta":[],"yoast_head":"<!-- This site is optimized with the Yoast SEO plugin v21.5 - https:\/\/yoast.com\/wordpress\/plugins\/seo\/ -->\n<title>Topography | GMS Internacional<\/title>\n<meta name=\"description\" content=\"Levantamientos topogr\u00e1ficos para proyectos fotovoltaicos y e\u00f3licos, as\u00ed como proyectos civiles o de edificaci\u00f3n. Cont\u00e1ctenos!\" \/>\n<meta name=\"robots\" content=\"index, follow, max-snippet:-1, max-image-preview:large, max-video-preview:-1\" \/>\n<link rel=\"canonical\" href=\"https:\/\/gmsinternacional.com\/en\/topography\/\" \/>\n<meta property=\"og:locale\" content=\"en_US\" \/>\n<meta property=\"og:type\" content=\"article\" \/>\n<meta property=\"og:title\" content=\"Topography | GMS Internacional\" \/>\n<meta property=\"og:description\" content=\"Levantamientos topogr\u00e1ficos para proyectos fotovoltaicos y e\u00f3licos, as\u00ed como proyectos civiles o de edificaci\u00f3n. Cont\u00e1ctenos!\" \/>\n<meta property=\"og:url\" content=\"https:\/\/gmsinternacional.com\/en\/topography\/\" \/>\n<meta property=\"og:site_name\" content=\"Ensayos y estudios geot\u00e9cnicos\" \/>\n<meta property=\"article:modified_time\" content=\"2020-07-14T12:31:54+00:00\" \/>\n<meta name=\"twitter:card\" content=\"summary_large_image\" \/>\n<meta name=\"twitter:label1\" content=\"Est. reading time\" \/>\n\t<meta name=\"twitter:data1\" content=\"2 minutes\" \/>\n<script type=\"application\/ld+json\" class=\"yoast-schema-graph\">{\"@context\":\"https:\/\/schema.org\",\"@graph\":[{\"@type\":\"WebPage\",\"@id\":\"https:\/\/gmsinternacional.com\/en\/topography\/\",\"url\":\"https:\/\/gmsinternacional.com\/en\/topography\/\",\"name\":\"Topography | GMS Internacional\",\"isPartOf\":{\"@id\":\"https:\/\/gmsinternacional.com\/en\/#website\"},\"datePublished\":\"2019-06-24T10:20:32+00:00\",\"dateModified\":\"2020-07-14T12:31:54+00:00\",\"description\":\"Levantamientos topogr\u00e1ficos para proyectos fotovoltaicos y e\u00f3licos, as\u00ed como proyectos civiles o de edificaci\u00f3n. Cont\u00e1ctenos!\",\"breadcrumb\":{\"@id\":\"https:\/\/gmsinternacional.com\/en\/topography\/#breadcrumb\"},\"inLanguage\":\"en-US\",\"potentialAction\":[{\"@type\":\"ReadAction\",\"target\":[\"https:\/\/gmsinternacional.com\/en\/topography\/\"]}]},{\"@type\":\"BreadcrumbList\",\"@id\":\"https:\/\/gmsinternacional.com\/en\/topography\/#breadcrumb\",\"itemListElement\":[{\"@type\":\"ListItem\",\"position\":1,\"name\":\"Portada\",\"item\":\"https:\/\/gmsinternacional.com\/en\/\"},{\"@type\":\"ListItem\",\"position\":2,\"name\":\"Topography\"}]},{\"@type\":\"WebSite\",\"@id\":\"https:\/\/gmsinternacional.com\/en\/#website\",\"url\":\"https:\/\/gmsinternacional.com\/en\/\",\"name\":\"Ensayos y estudios geot\u00e9cnicos\",\"description\":\"\",\"publisher\":{\"@id\":\"https:\/\/gmsinternacional.com\/en\/#organization\"},\"potentialAction\":[{\"@type\":\"SearchAction\",\"target\":{\"@type\":\"EntryPoint\",\"urlTemplate\":\"https:\/\/gmsinternacional.com\/en\/?s={search_term_string}\"},\"query-input\":\"required name=search_term_string\"}],\"inLanguage\":\"en-US\"},{\"@type\":\"Organization\",\"@id\":\"https:\/\/gmsinternacional.com\/en\/#organization\",\"name\":\"GMS Internacional\",\"url\":\"https:\/\/gmsinternacional.com\/en\/\",\"logo\":{\"@type\":\"ImageObject\",\"inLanguage\":\"en-US\",\"@id\":\"https:\/\/gmsinternacional.com\/en\/#\/schema\/logo\/image\/\",\"url\":\"https:\/\/gmsinternacional.com\/wp-content\/uploads\/2019\/06\/gms_logo_home_3.png\",\"contentUrl\":\"https:\/\/gmsinternacional.com\/wp-content\/uploads\/2019\/06\/gms_logo_home_3.png\",\"width\":308,\"height\":100,\"caption\":\"GMS Internacional\"},\"image\":{\"@id\":\"https:\/\/gmsinternacional.com\/en\/#\/schema\/logo\/image\/\"}}]}<\/script>\n<!-- \/ Yoast SEO plugin. -->","yoast_head_json":{"title":"Topography | GMS Internacional","description":"Levantamientos topogr\u00e1ficos para proyectos fotovoltaicos y e\u00f3licos, as\u00ed como proyectos civiles o de edificaci\u00f3n. Cont\u00e1ctenos!","robots":{"index":"index","follow":"follow","max-snippet":"max-snippet:-1","max-image-preview":"max-image-preview:large","max-video-preview":"max-video-preview:-1"},"canonical":"https:\/\/gmsinternacional.com\/en\/topography\/","og_locale":"en_US","og_type":"article","og_title":"Topography | GMS Internacional","og_description":"Levantamientos topogr\u00e1ficos para proyectos fotovoltaicos y e\u00f3licos, as\u00ed como proyectos civiles o de edificaci\u00f3n. Cont\u00e1ctenos!","og_url":"https:\/\/gmsinternacional.com\/en\/topography\/","og_site_name":"Ensayos y estudios geot\u00e9cnicos","article_modified_time":"2020-07-14T12:31:54+00:00","twitter_card":"summary_large_image","twitter_misc":{"Est. reading time":"2 minutes"},"schema":{"@context":"https:\/\/schema.org","@graph":[{"@type":"WebPage","@id":"https:\/\/gmsinternacional.com\/en\/topography\/","url":"https:\/\/gmsinternacional.com\/en\/topography\/","name":"Topography | GMS Internacional","isPartOf":{"@id":"https:\/\/gmsinternacional.com\/en\/#website"},"datePublished":"2019-06-24T10:20:32+00:00","dateModified":"2020-07-14T12:31:54+00:00","description":"Levantamientos topogr\u00e1ficos para proyectos fotovoltaicos y e\u00f3licos, as\u00ed como proyectos civiles o de edificaci\u00f3n. Cont\u00e1ctenos!","breadcrumb":{"@id":"https:\/\/gmsinternacional.com\/en\/topography\/#breadcrumb"},"inLanguage":"en-US","potentialAction":[{"@type":"ReadAction","target":["https:\/\/gmsinternacional.com\/en\/topography\/"]}]},{"@type":"BreadcrumbList","@id":"https:\/\/gmsinternacional.com\/en\/topography\/#breadcrumb","itemListElement":[{"@type":"ListItem","position":1,"name":"Portada","item":"https:\/\/gmsinternacional.com\/en\/"},{"@type":"ListItem","position":2,"name":"Topography"}]},{"@type":"WebSite","@id":"https:\/\/gmsinternacional.com\/en\/#website","url":"https:\/\/gmsinternacional.com\/en\/","name":"Ensayos y estudios geot\u00e9cnicos","description":"","publisher":{"@id":"https:\/\/gmsinternacional.com\/en\/#organization"},"potentialAction":[{"@type":"SearchAction","target":{"@type":"EntryPoint","urlTemplate":"https:\/\/gmsinternacional.com\/en\/?s={search_term_string}"},"query-input":"required name=search_term_string"}],"inLanguage":"en-US"},{"@type":"Organization","@id":"https:\/\/gmsinternacional.com\/en\/#organization","name":"GMS Internacional","url":"https:\/\/gmsinternacional.com\/en\/","logo":{"@type":"ImageObject","inLanguage":"en-US","@id":"https:\/\/gmsinternacional.com\/en\/#\/schema\/logo\/image\/","url":"https:\/\/gmsinternacional.com\/wp-content\/uploads\/2019\/06\/gms_logo_home_3.png","contentUrl":"https:\/\/gmsinternacional.com\/wp-content\/uploads\/2019\/06\/gms_logo_home_3.png","width":308,"height":100,"caption":"GMS Internacional"},"image":{"@id":"https:\/\/gmsinternacional.com\/en\/#\/schema\/logo\/image\/"}}]}},"_links":{"self":[{"href":"https:\/\/gmsinternacional.com\/en\/wp-json\/wp\/v2\/pages\/2382"}],"collection":[{"href":"https:\/\/gmsinternacional.com\/en\/wp-json\/wp\/v2\/pages"}],"about":[{"href":"https:\/\/gmsinternacional.com\/en\/wp-json\/wp\/v2\/types\/page"}],"author":[{"embeddable":true,"href":"https:\/\/gmsinternacional.com\/en\/wp-json\/wp\/v2\/users\/1"}],"replies":[{"embeddable":true,"href":"https:\/\/gmsinternacional.com\/en\/wp-json\/wp\/v2\/comments?post=2382"}],"version-history":[{"count":3,"href":"https:\/\/gmsinternacional.com\/en\/wp-json\/wp\/v2\/pages\/2382\/revisions"}],"predecessor-version":[{"id":2386,"href":"https:\/\/gmsinternacional.com\/en\/wp-json\/wp\/v2\/pages\/2382\/revisions\/2386"}],"wp:attachment":[{"href":"https:\/\/gmsinternacional.com\/en\/wp-json\/wp\/v2\/media?parent=2382"}],"curies":[{"name":"wp","href":"https:\/\/api.w.org\/{rel}","templated":true}]}}