{"id":2358,"date":"2020-04-19T12:39:02","date_gmt":"2020-04-19T10:39:02","guid":{"rendered":"https:\/\/gmsinternacional.com\/ingenieria-geotecnica-civil-hidraulica\/diseno-cimentaciones-superficiales-estructuras-contencion\/"},"modified":"2020-07-14T14:29:02","modified_gmt":"2020-07-14T12:29:02","slug":"design-of-superficial-foundations-and-containment-structures","status":"publish","type":"page","link":"https:\/\/gmsinternacional.com\/en\/geotechnical-civil-and-hydraulic-engineering\/design-of-superficial-foundations-and-containment-structures\/","title":{"rendered":"Design of Superficial Foundations and Containment Structures"},"content":{"rendered":"\t\t\t<style type=\"text\/css\">\n\t\t\t\t#content-block-background-1410 { background-image: url(); background-position: 50% 0; background-repeat: repeat; background-color: #ffffff; background-attachment: scroll; background-size: auto; }\n\t\t\t\t#content-block-body-1410 { padding: 5px 0 50px; color: inherit; }\n\t\t\t\t.content-block-body { margin-left: auto; margin-right: auto; position: relative; }\n\t\t\t<\/style>\n\t\t\t\t\t\t\t<style type=\"text\/css\">\n\t\t\t\t\t#wrapper-1 { overflow-x: hidden; }\n\t\t\t\t\t#content-block-background-1410 { margin: 0 -10000px; padding: 0 10000px; }\n\t\t\t\t<\/style>\n\t\t\t\n\t\t\t\t\t\t<script type=\"text\/javascript\">\n\t\t\t\t\/\/ <![CDATA[\n\t\t\t\tjQuery(document).ready(function($){\n\t\t\t\t\t\"use strict\";\n\t\t\t\t\tif( ! $(\"body\").hasClass( \"mobile-detected\" ) ){\n\t\t\t\t\t\t$(\"#content-block-background-\"+1410).each(function(){\n\t\t\t\t\t\t\tvar $bgobj = $(this); \/\/ Assigning the object.\n\t\t\t\t\t\t\tvar xPos = '50%'; \/\/ x bg position value from the user shortcode.\n\t\t\t\t\t\t\t$(window).scroll(function() {\n\t\t\t\t\t\t\t\tvar yPos = -($(window).scrollTop() \/ 3);\n\t\t\t\t\t\t\t\t\/\/ Put together our final background position.\n\t\t\t\t\t\t\t\tvar coords = xPos+' '+yPos+'px';\n\t\t\t\t\t\t\t\t\/\/ Move the background.\n\t\t\t\t\t\t\t\t$bgobj.css({ backgroundPosition: coords });\n\t\t\t\t\t\t\t});\n\t\t\t\t\t\t});\n\t\t\t\t\t}\n\t\t\t\t});\n\t\t\t\t\/\/ ]]>\n\t\t\t<\/script>\n\t\t\t\n\t\t\t<div class=\"clear\"><\/div>\n\t\t\t<div id=\"content-block-background-1410\" class=\"content-block-background \">\n\t\t\t\t<div id=\"content-block-body-1410\" class=\"content-block-body\">\n\t\t\t\t\t<div class=\"clear\"><\/div>\n\t\t\t\t\t\n<div style=\"text-align: center;\">\n<h1>Design of foundation and containment structures for photovoltaic, wind power, building, and civil projects.<\/h1>\n<\/div>\n\t\t\t\t\t<div class=\"clear\"><\/div>\n\t\t\t\t<\/div>\n\t\t\t<\/div>\n\t\t\t<div class=\"clear\"><\/div>\n\t\t\t\n\t\t\t<style type=\"text\/css\">\n\t\t\t\t#content-block-background-1390 { background-image: url(); background-position: center top; background-repeat: no-repeat; background-color: #fbfbfb; background-attachment: fixed; background-size: auto; }\n\t\t\t\t#content-block-body-1390 { padding: 30px 0 30px; color: inherit; }\n\t\t\t\t.content-block-body { margin-left: auto; margin-right: auto; position: relative; }\n\t\t\t<\/style>\n\t\t\t\t\t\t\t<style type=\"text\/css\">\n\t\t\t\t\t#wrapper-1 { overflow-x: hidden; }\n\t\t\t\t\t#content-block-background-1390 { margin: 0 -10000px; padding: 0 10000px; }\n\t\t\t\t<\/style>\n\t\t\t\n\t\t\t\n\t\t\t<div class=\"clear\"><\/div>\n\t\t\t<div id=\"content-block-background-1390\" class=\"content-block-background class-name\">\n\t\t\t\t<div id=\"content-block-body-1390\" class=\"content-block-body\">\n\t\t\t\t\t<div class=\"clear\"><\/div>\n\t\t\t\t\t\n<div style=\"text-align: center;\">GMS Internacional uses specialised software in the design of foundation structures such as:<br \/>\n<strong><br \/>\n&gt; Single footings<br \/>\n&gt; Foundation slabs<br \/>\n&gt; Bracing structures<br \/>\n&gt; Foundation shafts<br \/>\n<\/strong><br \/>\nIn addition, we use special software to analyse slope stability, and the design of embankments, all types of retaining wall such as prefabricated block walls, reinforced-soil walls, or Redi-Rock retaining walls, among others.<\/p>\n<h3>We pool together our profound knowledge of geotechnics and engineering to offer <strong>solutions which are cost-effective and technically effective.<\/strong><\/h3>\n\t\t\t\t\t<div class=\"clear\"><\/div>\n\t\t\t\t<\/div>\n\t\t\t<\/div>\n\t\t\t<div class=\"clear\"><\/div>\n\t\t\t\n<\/div>\n\n\t\t\t<!-- START diseno_cimentaciones_super REVOLUTION SLIDER 6.3.5 --><p class=\"rs-p-wp-fix\"><\/p>\n\t\t\t<rs-module-wrap id=\"rev_slider_35_1_wrapper\" data-source=\"gallery\" style=\"background:transparent;padding:0;margin:0px auto;margin-top:0;margin-bottom:0;\">\n\t\t\t\t<rs-module id=\"rev_slider_35_1\" style=\"\" data-version=\"6.3.5\">\n\t\t\t\t\t<rs-slides>\n\t\t\t\t\t\t<rs-slide data-key=\"rs-161\" data-title=\"Slide\" data-thumb=\"\/\/gmsinternacional.com\/wp-content\/uploads\/2020\/04\/gms_cimentaciones_estructuras_5-100x50.jpg\" data-anim=\"ei:d;eo:d;s:600;r:0;t:fade;sl:d;\">\n\t\t\t\t\t\t\t<img src=\"\/\/gmsinternacional.com\/wp-content\/plugins\/revslider\/public\/assets\/assets\/dummy.png\" title=\"gms_cimentaciones_estructuras_5\" width=\"800\" height=\"600\" data-lazyload=\"\/\/gmsinternacional.com\/wp-content\/uploads\/2020\/04\/gms_cimentaciones_estructuras_5.jpg\" data-parallax=\"off\" class=\"rev-slidebg\" data-no-retina>\n<!---->\t\t\t\t\t\t<\/rs-slide>\n\t\t\t\t\t\t<rs-slide data-key=\"rs-162\" data-title=\"Slide\" data-thumb=\"\/\/gmsinternacional.com\/wp-content\/uploads\/2020\/04\/gms_cimentaciones_estructuras_3-100x50.jpg\" data-anim=\"ei:d;eo:d;s:600;r:0;t:fade;sl:d;\">\n\t\t\t\t\t\t\t<img src=\"\/\/gmsinternacional.com\/wp-content\/plugins\/revslider\/public\/assets\/assets\/dummy.png\" title=\"gms_cimentaciones_estructuras_3\" width=\"800\" height=\"600\" data-lazyload=\"\/\/gmsinternacional.com\/wp-content\/uploads\/2020\/04\/gms_cimentaciones_estructuras_3.jpg\" data-parallax=\"off\" class=\"rev-slidebg\" data-no-retina>\n<!---->\t\t\t\t\t\t<\/rs-slide>\n\t\t\t\t\t\t<rs-slide data-key=\"rs-163\" data-title=\"Slide\" data-thumb=\"\/\/gmsinternacional.com\/wp-content\/uploads\/2020\/04\/gms_cimentaciones_estructuras_4-100x50.jpg\" data-anim=\"ei:d;eo:d;s:600;r:0;t:fade;sl:d;\">\n\t\t\t\t\t\t\t<img src=\"\/\/gmsinternacional.com\/wp-content\/plugins\/revslider\/public\/assets\/assets\/dummy.png\" title=\"gms_cimentaciones_estructuras_4\" width=\"800\" height=\"600\" data-lazyload=\"\/\/gmsinternacional.com\/wp-content\/uploads\/2020\/04\/gms_cimentaciones_estructuras_4.jpg\" data-parallax=\"off\" class=\"rev-slidebg\" data-no-retina>\n<!---->\t\t\t\t\t\t<\/rs-slide>\n\t\t\t\t\t\t<rs-slide data-key=\"rs-164\" data-title=\"Slide\" data-thumb=\"\/\/gmsinternacional.com\/wp-content\/uploads\/2020\/04\/gms_cimentaciones_estructuras-100x50.jpg\" data-anim=\"ei:d;eo:d;s:600;r:0;t:fade;sl:d;\">\n\t\t\t\t\t\t\t<img src=\"\/\/gmsinternacional.com\/wp-content\/plugins\/revslider\/public\/assets\/assets\/dummy.png\" title=\"gms_cimentaciones_estructuras\" width=\"800\" height=\"600\" data-lazyload=\"\/\/gmsinternacional.com\/wp-content\/uploads\/2020\/04\/gms_cimentaciones_estructuras.jpg\" data-parallax=\"off\" class=\"rev-slidebg\" data-no-retina>\n<!---->\t\t\t\t\t\t<\/rs-slide>\n\t\t\t\t\t\t<rs-slide data-key=\"rs-165\" data-title=\"Slide\" data-thumb=\"\/\/gmsinternacional.com\/wp-content\/uploads\/2020\/04\/gms_cimentaciones_estructuras_2-100x50.jpg\" data-anim=\"ei:d;eo:d;s:600;r:0;t:fade;sl:d;\">\n\t\t\t\t\t\t\t<img src=\"\/\/gmsinternacional.com\/wp-content\/plugins\/revslider\/public\/assets\/assets\/dummy.png\" title=\"gms_cimentaciones_estructuras_2\" width=\"800\" height=\"600\" data-lazyload=\"\/\/gmsinternacional.com\/wp-content\/uploads\/2020\/04\/gms_cimentaciones_estructuras_2.jpg\" data-parallax=\"off\" class=\"rev-slidebg\" data-no-retina>\n<!---->\t\t\t\t\t\t<\/rs-slide>\n\t\t\t\t\t<\/rs-slides>\n\t\t\t\t<\/rs-module>\n\t\t\t\t<script type=\"text\/javascript\">\n\t\t\t\t\tsetREVStartSize({c: 'rev_slider_35_1',rl:[1240,1024,778,480],el:[600],gw:[800],gh:[600],type:'carousel',justify:'',layout:'fullwidth',mh:\"0\"});\n\t\t\t\t\tvar\trevapi35,\n\t\t\t\t\t\ttpj;\n\t\t\t\t\tfunction revinit_revslider351() {\n\t\t\t\t\tjQuery(function() {\n\t\t\t\t\t\ttpj = jQuery;\n\t\t\t\t\t\trevapi35 = tpj(\"#rev_slider_35_1\");\n\t\t\t\t\t\tif(revapi35==undefined || revapi35.revolution == undefined){\n\t\t\t\t\t\t\trevslider_showDoubleJqueryError(\"rev_slider_35_1\");\n\t\t\t\t\t\t}else{\n\t\t\t\t\t\t\trevapi35.revolution({\n\t\t\t\t\t\t\t\tsliderType:\"carousel\",\n\t\t\t\t\t\t\t\tsliderLayout:\"fullwidth\",\n\t\t\t\t\t\t\t\tvisibilityLevels:\"1240,1024,778,480\",\n\t\t\t\t\t\t\t\tgridwidth:800,\n\t\t\t\t\t\t\t\tgridheight:600,\n\t\t\t\t\t\t\t\tlazyType:\"smart\",\n\t\t\t\t\t\t\t\tperspectiveType:\"local\",\n\t\t\t\t\t\t\t\teditorheight:\"600,600,600,600\",\n\t\t\t\t\t\t\t\tresponsiveLevels:\"1240,1024,778,480\",\n\t\t\t\t\t\t\t\tcarousel: {\n\t\t\t\t\t\t\t\t\tinfinity:true,\n\t\t\t\t\t\t\t\t\tspace:-150,\n\t\t\t\t\t\t\t\t\tmaxRotation:65,\n\t\t\t\t\t\t\t\t\tvary_rotation:true,\n\t\t\t\t\t\t\t\t\tminScale:45,\n\t\t\t\t\t\t\t\t\tvary_fade:true,\n\t\t\t\t\t\t\t\t\tpadding_top:60,\n\t\t\t\t\t\t\t\t\tpadding_bottom:60\n\t\t\t\t\t\t\t\t},\n\t\t\t\t\t\t\t\tprogressBar:{disableProgressBar:true},\n\t\t\t\t\t\t\t\tnavigation: {\n\t\t\t\t\t\t\t\t\tmouseScrollNavigation:false,\n\t\t\t\t\t\t\t\t\tonHoverStop:false,\n\t\t\t\t\t\t\t\t\ttouch: {\n\t\t\t\t\t\t\t\t\t\ttouchenabled:true,\n\t\t\t\t\t\t\t\t\t\tswipe_min_touches:50\n\t\t\t\t\t\t\t\t\t},\n\t\t\t\t\t\t\t\t\tarrows: {\n\t\t\t\t\t\t\t\t\t\tenable:true,\n\t\t\t\t\t\t\t\t\t\tstyle:\"metis\",\n\t\t\t\t\t\t\t\t\t\tleft: {\n\t\t\t\t\t\t\t\t\t\t\th_offset:30\n\t\t\t\t\t\t\t\t\t\t},\n\t\t\t\t\t\t\t\t\t\tright: {\n\t\t\t\t\t\t\t\t\t\t\th_offset:30\n\t\t\t\t\t\t\t\t\t\t}\n\t\t\t\t\t\t\t\t\t}\n\t\t\t\t\t\t\t\t},\n\t\t\t\t\t\t\t\tparallax: {\n\t\t\t\t\t\t\t\t\tlevels:[2,3,4,5,6,7,12,16,10,50,47,48,49,50,51,55],\n\t\t\t\t\t\t\t\t\ttype:\"mouse\",\n\t\t\t\t\t\t\t\t\torigo:\"slidercenter\",\n\t\t\t\t\t\t\t\t\tspeed:2000\n\t\t\t\t\t\t\t\t},\n\t\t\t\t\t\t\t\tfallbacks: {\n\t\t\t\t\t\t\t\t\tallowHTML5AutoPlayOnAndroid:true\n\t\t\t\t\t\t\t\t},\n\t\t\t\t\t\t\t});\n\t\t\t\t\t\t}\n\t\t\t\t\t\t\n\t\t\t\t\t});\n\t\t\t\t\t} \/\/ End of RevInitScript\n\t\t\t\tvar once_revslider351 = false;\n\t\t\t\tif (document.readyState === \"loading\") {document.addEventListener('readystatechange',function() { if((document.readyState === \"interactive\" || document.readyState === \"complete\") && !once_revslider351 ) { once_revslider351 = true; revinit_revslider351();}});} else {once_revslider351 = true; revinit_revslider351();}\n\t\t\t\t<\/script>\n\t\t\t\t<script>\n\t\t\t\t\tvar htmlDivCss = unescape(\"%23rev_slider_35_1_wrapper%20.metis.tparrows%20%7B%0A%20%20background%3A%23ffffff%3B%0A%20%20padding%3A10px%3B%0A%20%20transition%3Aall%200.3s%3B%0A%20%20-webkit-transition%3Aall%200.3s%3B%0A%20%20width%3A60px%3B%0A%20%20height%3A60px%3B%0A%20%20box-sizing%3Aborder-box%3B%0A%20%7D%0A%20%0A%20%23rev_slider_35_1_wrapper%20.metis.tparrows%3Ahover%20%7B%0A%20%20%20background%3Argba%28255%2C255%2C255%2C0.75%29%3B%0A%20%7D%0A%20%0A%20%23rev_slider_35_1_wrapper%20.metis.tparrows%3Abefore%20%7B%0A%20%20color%3A%23000000%3B%20%20%0A%20%20%20transition%3Aall%200.3s%3B%0A%20%20-webkit-transition%3Aall%200.3s%3B%0A%20%7D%0A%20%0A%20%23rev_slider_35_1_wrapper%20.metis.tparrows%3Ahover%3Abefore%20%7B%0A%20%20%20transform%3Ascale%281.5%29%3B%0A%20%20%7D%0A%20%0A\");\n\t\t\t\t\tvar htmlDiv = document.getElementById('rs-plugin-settings-inline-css');\n\t\t\t\t\tif(htmlDiv) {\n\t\t\t\t\t\thtmlDiv.innerHTML = htmlDiv.innerHTML + htmlDivCss;\n\t\t\t\t\t}else{\n\t\t\t\t\t\tvar htmlDiv = document.createElement('div');\n\t\t\t\t\t\thtmlDiv.innerHTML = '<style>' + htmlDivCss + '<\/style>';\n\t\t\t\t\t\tdocument.getElementsByTagName('head')[0].appendChild(htmlDiv.childNodes[0]);\n\t\t\t\t\t}\n\t\t\t\t<\/script>\n\t\t\t\t<script>\n\t\t\t\t\tvar htmlDivCss = unescape(\"%0A%0A%0A%0A%0A\");\n\t\t\t\t\tvar htmlDiv = document.getElementById('rs-plugin-settings-inline-css');\n\t\t\t\t\tif(htmlDiv) {\n\t\t\t\t\t\thtmlDiv.innerHTML = htmlDiv.innerHTML + htmlDivCss;\n\t\t\t\t\t}else{\n\t\t\t\t\t\tvar htmlDiv = document.createElement('div');\n\t\t\t\t\t\thtmlDiv.innerHTML = '<style>' + htmlDivCss + '<\/style>';\n\t\t\t\t\t\tdocument.getElementsByTagName('head')[0].appendChild(htmlDiv.childNodes[0]);\n\t\t\t\t\t}\n\t\t\t\t<\/script>\n\t\t\t<\/rs-module-wrap>\n\t\t\t<!-- END REVOLUTION SLIDER -->\n\n<div style=\"margin-bottom: -55px;\">\n\t\t\t<style type=\"text\/css\">\n\t\t\t\t#content-block-background-1720 { background-image: url(); background-position: center top; background-repeat: no-repeat; background-color: #F95700; background-attachment: fixed; background-size: auto; }\n\t\t\t\t#content-block-body-1720 { padding: 30px 0 30px 0; color: inherit; }\n\t\t\t\t.content-block-body { margin-left: auto; margin-right: auto; position: relative; }\n\t\t\t<\/style>\n\t\t\t\t\t\t\t<style type=\"text\/css\">\n\t\t\t\t\t#wrapper-1 { overflow-x: hidden; }\n\t\t\t\t\t#content-block-background-1720 { margin: 0 -10000px; padding: 0 10000px; }\n\t\t\t\t<\/style>\n\t\t\t\n\t\t\t\n\t\t\t<div class=\"clear\"><\/div>\n\t\t\t<div id=\"content-block-background-1720\" class=\"content-block-background class-name\">\n\t\t\t\t<div id=\"content-block-body-1720\" class=\"content-block-body\">\n\t\t\t\t\t<div class=\"clear\"><\/div>\n\t\t\t\t\t\n<div style=\"float: center; text-align: center;\"><i class=\"icon-coffee\" style=\"color:#ffffff;font-size:3em;\"><\/i><\/div>\n<h2 style=\"color: #ffffff; margin-top: 10px; font-size: 36px; text-align: center;\">Do you need a quotation?<\/h2>\n<div style=\"text-align: center; line-height: 1.2; color: #ffffff;\">Contact us and we will design a project which is tailor made to your needs.<\/div>\n<div style=\"margin-top: 30px; margin-bottom: 60px;\"><div class=\"align-btn-center\"><a class=\"flat-custom-button\" href=\"https:\/\/gmsinternacional.com\/en\/contact\" title=\"Request a quotation\"><span style=\"padding:20px 80px; background-color:transparent; border:2px solid #FFFFFF; color:#FFFFFF; font-size:20px;\">Request a quotation<\/span><\/a><\/div><\/div>\n\t\t\t\t\t<div class=\"clear\"><\/div>\n\t\t\t\t<\/div>\n\t\t\t<\/div>\n\t\t\t<div class=\"clear\"><\/div>\n\t\t\t\n<\/div>\n<!-- AddThis Advanced Settings generic via filter on the_content --><!-- AddThis Share Buttons generic via filter on the_content -->","protected":false},"excerpt":{"rendered":"<p><!-- AddThis Advanced Settings generic via filter on get_the_excerpt --><!-- AddThis Share Buttons generic via filter on get_the_excerpt --><\/p>\n","protected":false},"author":1,"featured_media":0,"parent":2339,"menu_order":0,"comment_status":"closed","ping_status":"closed","template":"page-FullWidth.php","meta":[],"yoast_head":"<!-- This site is optimized with the Yoast SEO plugin v21.5 - https:\/\/yoast.com\/wordpress\/plugins\/seo\/ -->\n<title>Design of Superficial Foundations and Containment Structures | GMS Internacional<\/title>\n<meta name=\"description\" content=\"Dise\u00f1o de estructuras de cimentaci\u00f3n y contenci\u00f3n para proyectos fotovoltaicos, e\u00f3licos, edificaci\u00f3n y civiles.\" \/>\n<meta name=\"robots\" content=\"index, follow, max-snippet:-1, max-image-preview:large, max-video-preview:-1\" \/>\n<link rel=\"canonical\" href=\"https:\/\/gmsinternacional.com\/en\/geotechnical-civil-and-hydraulic-engineering\/design-of-superficial-foundations-and-containment-structures\/\" \/>\n<meta property=\"og:locale\" content=\"en_US\" \/>\n<meta property=\"og:type\" content=\"article\" \/>\n<meta property=\"og:title\" content=\"Design of Superficial Foundations and Containment Structures | GMS Internacional\" \/>\n<meta property=\"og:description\" content=\"Dise\u00f1o de estructuras de cimentaci\u00f3n y contenci\u00f3n para proyectos fotovoltaicos, e\u00f3licos, edificaci\u00f3n y civiles.\" \/>\n<meta property=\"og:url\" content=\"https:\/\/gmsinternacional.com\/en\/geotechnical-civil-and-hydraulic-engineering\/design-of-superficial-foundations-and-containment-structures\/\" \/>\n<meta property=\"og:site_name\" content=\"Ensayos y estudios geot\u00e9cnicos\" \/>\n<meta property=\"article:modified_time\" content=\"2020-07-14T12:29:02+00:00\" \/>\n<meta name=\"twitter:card\" content=\"summary_large_image\" \/>\n<meta name=\"twitter:label1\" content=\"Est. reading time\" \/>\n\t<meta name=\"twitter:data1\" content=\"1 minute\" \/>\n<script type=\"application\/ld+json\" class=\"yoast-schema-graph\">{\"@context\":\"https:\/\/schema.org\",\"@graph\":[{\"@type\":\"WebPage\",\"@id\":\"https:\/\/gmsinternacional.com\/en\/geotechnical-civil-and-hydraulic-engineering\/design-of-superficial-foundations-and-containment-structures\/\",\"url\":\"https:\/\/gmsinternacional.com\/en\/geotechnical-civil-and-hydraulic-engineering\/design-of-superficial-foundations-and-containment-structures\/\",\"name\":\"Design of Superficial Foundations and Containment Structures | GMS Internacional\",\"isPartOf\":{\"@id\":\"https:\/\/gmsinternacional.com\/en\/#website\"},\"datePublished\":\"2020-04-19T10:39:02+00:00\",\"dateModified\":\"2020-07-14T12:29:02+00:00\",\"description\":\"Dise\u00f1o de estructuras de cimentaci\u00f3n y contenci\u00f3n para proyectos fotovoltaicos, e\u00f3licos, edificaci\u00f3n y civiles.\",\"breadcrumb\":{\"@id\":\"https:\/\/gmsinternacional.com\/en\/geotechnical-civil-and-hydraulic-engineering\/design-of-superficial-foundations-and-containment-structures\/#breadcrumb\"},\"inLanguage\":\"en-US\",\"potentialAction\":[{\"@type\":\"ReadAction\",\"target\":[\"https:\/\/gmsinternacional.com\/en\/geotechnical-civil-and-hydraulic-engineering\/design-of-superficial-foundations-and-containment-structures\/\"]}]},{\"@type\":\"BreadcrumbList\",\"@id\":\"https:\/\/gmsinternacional.com\/en\/geotechnical-civil-and-hydraulic-engineering\/design-of-superficial-foundations-and-containment-structures\/#breadcrumb\",\"itemListElement\":[{\"@type\":\"ListItem\",\"position\":1,\"name\":\"Portada\",\"item\":\"https:\/\/gmsinternacional.com\/en\/\"},{\"@type\":\"ListItem\",\"position\":2,\"name\":\"Geotechnical, Civil, and Hydraulic Engineering\",\"item\":\"https:\/\/gmsinternacional.com\/en\/geotechnical-civil-and-hydraulic-engineering\/\"},{\"@type\":\"ListItem\",\"position\":3,\"name\":\"Design of Superficial Foundations and Containment Structures\"}]},{\"@type\":\"WebSite\",\"@id\":\"https:\/\/gmsinternacional.com\/en\/#website\",\"url\":\"https:\/\/gmsinternacional.com\/en\/\",\"name\":\"Ensayos y estudios geot\u00e9cnicos\",\"description\":\"\",\"publisher\":{\"@id\":\"https:\/\/gmsinternacional.com\/en\/#organization\"},\"potentialAction\":[{\"@type\":\"SearchAction\",\"target\":{\"@type\":\"EntryPoint\",\"urlTemplate\":\"https:\/\/gmsinternacional.com\/en\/?s={search_term_string}\"},\"query-input\":\"required name=search_term_string\"}],\"inLanguage\":\"en-US\"},{\"@type\":\"Organization\",\"@id\":\"https:\/\/gmsinternacional.com\/en\/#organization\",\"name\":\"GMS Internacional\",\"url\":\"https:\/\/gmsinternacional.com\/en\/\",\"logo\":{\"@type\":\"ImageObject\",\"inLanguage\":\"en-US\",\"@id\":\"https:\/\/gmsinternacional.com\/en\/#\/schema\/logo\/image\/\",\"url\":\"https:\/\/gmsinternacional.com\/wp-content\/uploads\/2019\/06\/gms_logo_home_3.png\",\"contentUrl\":\"https:\/\/gmsinternacional.com\/wp-content\/uploads\/2019\/06\/gms_logo_home_3.png\",\"width\":308,\"height\":100,\"caption\":\"GMS Internacional\"},\"image\":{\"@id\":\"https:\/\/gmsinternacional.com\/en\/#\/schema\/logo\/image\/\"}}]}<\/script>\n<!-- \/ Yoast SEO plugin. -->","yoast_head_json":{"title":"Design of Superficial Foundations and Containment Structures | GMS Internacional","description":"Dise\u00f1o de estructuras de cimentaci\u00f3n y contenci\u00f3n para proyectos fotovoltaicos, e\u00f3licos, edificaci\u00f3n y civiles.","robots":{"index":"index","follow":"follow","max-snippet":"max-snippet:-1","max-image-preview":"max-image-preview:large","max-video-preview":"max-video-preview:-1"},"canonical":"https:\/\/gmsinternacional.com\/en\/geotechnical-civil-and-hydraulic-engineering\/design-of-superficial-foundations-and-containment-structures\/","og_locale":"en_US","og_type":"article","og_title":"Design of Superficial Foundations and Containment Structures | GMS Internacional","og_description":"Dise\u00f1o de estructuras de cimentaci\u00f3n y contenci\u00f3n para proyectos fotovoltaicos, e\u00f3licos, edificaci\u00f3n y civiles.","og_url":"https:\/\/gmsinternacional.com\/en\/geotechnical-civil-and-hydraulic-engineering\/design-of-superficial-foundations-and-containment-structures\/","og_site_name":"Ensayos y estudios geot\u00e9cnicos","article_modified_time":"2020-07-14T12:29:02+00:00","twitter_card":"summary_large_image","twitter_misc":{"Est. reading time":"1 minute"},"schema":{"@context":"https:\/\/schema.org","@graph":[{"@type":"WebPage","@id":"https:\/\/gmsinternacional.com\/en\/geotechnical-civil-and-hydraulic-engineering\/design-of-superficial-foundations-and-containment-structures\/","url":"https:\/\/gmsinternacional.com\/en\/geotechnical-civil-and-hydraulic-engineering\/design-of-superficial-foundations-and-containment-structures\/","name":"Design of Superficial Foundations and Containment Structures | GMS Internacional","isPartOf":{"@id":"https:\/\/gmsinternacional.com\/en\/#website"},"datePublished":"2020-04-19T10:39:02+00:00","dateModified":"2020-07-14T12:29:02+00:00","description":"Dise\u00f1o de estructuras de cimentaci\u00f3n y contenci\u00f3n para proyectos fotovoltaicos, e\u00f3licos, edificaci\u00f3n y civiles.","breadcrumb":{"@id":"https:\/\/gmsinternacional.com\/en\/geotechnical-civil-and-hydraulic-engineering\/design-of-superficial-foundations-and-containment-structures\/#breadcrumb"},"inLanguage":"en-US","potentialAction":[{"@type":"ReadAction","target":["https:\/\/gmsinternacional.com\/en\/geotechnical-civil-and-hydraulic-engineering\/design-of-superficial-foundations-and-containment-structures\/"]}]},{"@type":"BreadcrumbList","@id":"https:\/\/gmsinternacional.com\/en\/geotechnical-civil-and-hydraulic-engineering\/design-of-superficial-foundations-and-containment-structures\/#breadcrumb","itemListElement":[{"@type":"ListItem","position":1,"name":"Portada","item":"https:\/\/gmsinternacional.com\/en\/"},{"@type":"ListItem","position":2,"name":"Geotechnical, Civil, and Hydraulic Engineering","item":"https:\/\/gmsinternacional.com\/en\/geotechnical-civil-and-hydraulic-engineering\/"},{"@type":"ListItem","position":3,"name":"Design of Superficial Foundations and Containment Structures"}]},{"@type":"WebSite","@id":"https:\/\/gmsinternacional.com\/en\/#website","url":"https:\/\/gmsinternacional.com\/en\/","name":"Ensayos y estudios geot\u00e9cnicos","description":"","publisher":{"@id":"https:\/\/gmsinternacional.com\/en\/#organization"},"potentialAction":[{"@type":"SearchAction","target":{"@type":"EntryPoint","urlTemplate":"https:\/\/gmsinternacional.com\/en\/?s={search_term_string}"},"query-input":"required name=search_term_string"}],"inLanguage":"en-US"},{"@type":"Organization","@id":"https:\/\/gmsinternacional.com\/en\/#organization","name":"GMS Internacional","url":"https:\/\/gmsinternacional.com\/en\/","logo":{"@type":"ImageObject","inLanguage":"en-US","@id":"https:\/\/gmsinternacional.com\/en\/#\/schema\/logo\/image\/","url":"https:\/\/gmsinternacional.com\/wp-content\/uploads\/2019\/06\/gms_logo_home_3.png","contentUrl":"https:\/\/gmsinternacional.com\/wp-content\/uploads\/2019\/06\/gms_logo_home_3.png","width":308,"height":100,"caption":"GMS Internacional"},"image":{"@id":"https:\/\/gmsinternacional.com\/en\/#\/schema\/logo\/image\/"}}]}},"_links":{"self":[{"href":"https:\/\/gmsinternacional.com\/en\/wp-json\/wp\/v2\/pages\/2358"}],"collection":[{"href":"https:\/\/gmsinternacional.com\/en\/wp-json\/wp\/v2\/pages"}],"about":[{"href":"https:\/\/gmsinternacional.com\/en\/wp-json\/wp\/v2\/types\/page"}],"author":[{"embeddable":true,"href":"https:\/\/gmsinternacional.com\/en\/wp-json\/wp\/v2\/users\/1"}],"replies":[{"embeddable":true,"href":"https:\/\/gmsinternacional.com\/en\/wp-json\/wp\/v2\/comments?post=2358"}],"version-history":[{"count":4,"href":"https:\/\/gmsinternacional.com\/en\/wp-json\/wp\/v2\/pages\/2358\/revisions"}],"predecessor-version":[{"id":2362,"href":"https:\/\/gmsinternacional.com\/en\/wp-json\/wp\/v2\/pages\/2358\/revisions\/2362"}],"up":[{"embeddable":true,"href":"https:\/\/gmsinternacional.com\/en\/wp-json\/wp\/v2\/pages\/2339"}],"wp:attachment":[{"href":"https:\/\/gmsinternacional.com\/en\/wp-json\/wp\/v2\/media?parent=2358"}],"curies":[{"name":"wp","href":"https:\/\/api.w.org\/{rel}","templated":true}]}}