{"id":2339,"date":"2020-05-02T20:03:10","date_gmt":"2020-05-02T18:03:10","guid":{"rendered":"https:\/\/gmsinternacional.com\/ingenieria-geotecnica-civil-hidraulica\/"},"modified":"2020-07-15T08:35:18","modified_gmt":"2020-07-15T06:35:18","slug":"geotechnical-civil-and-hydraulic-engineering","status":"publish","type":"page","link":"https:\/\/gmsinternacional.com\/en\/geotechnical-civil-and-hydraulic-engineering\/","title":{"rendered":"Geotechnical, Civil, and Hydraulic Engineering"},"content":{"rendered":"\t\t\t<style type=\"text\/css\">\n\t\t\t\t#content-block-background-1910 { background-image: url(); background-position: 50% 0; background-repeat: repeat; background-color: #ffffff; background-attachment: scroll; background-size: auto; }\n\t\t\t\t#content-block-body-1910 { padding: 5px 0 50px; color: inherit; }\n\t\t\t\t.content-block-body { margin-left: auto; margin-right: auto; position: relative; }\n\t\t\t<\/style>\n\t\t\t\t\t\t\t<style type=\"text\/css\">\n\t\t\t\t\t#wrapper-1 { overflow-x: hidden; }\n\t\t\t\t\t#content-block-background-1910 { margin: 0 -10000px; padding: 0 10000px; }\n\t\t\t\t<\/style>\n\t\t\t\n\t\t\t\t\t\t<script type=\"text\/javascript\">\n\t\t\t\t\/\/ <![CDATA[\n\t\t\t\tjQuery(document).ready(function($){\n\t\t\t\t\t\"use strict\";\n\t\t\t\t\tif( ! $(\"body\").hasClass( \"mobile-detected\" ) ){\n\t\t\t\t\t\t$(\"#content-block-background-\"+1910).each(function(){\n\t\t\t\t\t\t\tvar $bgobj = $(this); \/\/ Assigning the object.\n\t\t\t\t\t\t\tvar xPos = '50%'; \/\/ x bg position value from the user shortcode.\n\t\t\t\t\t\t\t$(window).scroll(function() {\n\t\t\t\t\t\t\t\tvar yPos = -($(window).scrollTop() \/ 3);\n\t\t\t\t\t\t\t\t\/\/ Put together our final background position.\n\t\t\t\t\t\t\t\tvar coords = xPos+' '+yPos+'px';\n\t\t\t\t\t\t\t\t\/\/ Move the background.\n\t\t\t\t\t\t\t\t$bgobj.css({ backgroundPosition: coords });\n\t\t\t\t\t\t\t});\n\t\t\t\t\t\t});\n\t\t\t\t\t}\n\t\t\t\t});\n\t\t\t\t\/\/ ]]>\n\t\t\t<\/script>\n\t\t\t\n\t\t\t<div class=\"clear\"><\/div>\n\t\t\t<div id=\"content-block-background-1910\" class=\"content-block-background \">\n\t\t\t\t<div id=\"content-block-body-1910\" class=\"content-block-body\">\n\t\t\t\t\t<div class=\"clear\"><\/div>\n\t\t\t\t\t\n<div style=\"text-align: center;\">\n<h1>Calculation of foundations, bearing capacity, settlements, slope stability, retaining walls, pole design, pavement design, road design, platform design and drainage system design.<\/h1>\n<\/div>\n<div class=\"one_third\">\n<div style=\"margin-top: 60px;\">\n<div style=\"text-align: center;\"><i class=\"icon-star\" style=\"color:#FE5E08;font-size:3em;\"><\/i><\/div>\n<div style=\"display: inline-block; text-align: center;\">\n<h2><span style=\"color: #fe5e08;\">Specialisation<\/span><\/h2>\n<div style=\"margin-bottom: 20px;\">We specialise in solar and wind power projects, without losing sight of other sectors such as urban and road development, building, or industrial.<\/div>\n<\/div>\n<\/div>\n<\/div>\n<div class=\"one_third\">\n<div style=\"margin-top: 60px;\">\n<div style=\"text-align: center;\"><i class=\"icon-puzzle\" style=\"color:#FE5E08;font-size:3em;\"><\/i><\/div>\n<div style=\"display: inline-block; text-align: center;\">\n<h2><span style=\"color: #fe5e08;\">Multidisciplinary approach<\/span><\/h2>\n<div style=\"margin-bottom: 20px;\"><span style=\"font-size: 18px;\">We use a comprehensive and multidisciplinary approach which combines our knowledge and experience in civil, hydraulic, and geotechnical engineering in order to optimise our analysis and resolution of complex problems.<\/span><\/div>\n<\/div>\n<\/div>\n<\/div>\n<div class=\"one_third last_column\">\n<div style=\"margin-top: 60px;\">\n<div style=\"text-align: center;\"><i class=\"icon-award\" style=\"color:#FE5E08;font-size:3em;\"><\/i><\/div>\n<div style=\"display: inline-block; text-align: center;\">\n<h2><span style=\"color: #fe5e08;\">Regulatory expertise<\/span><\/h2>\n<div style=\"margin-bottom: 20px;\">We have vast experience of working in different countries, which has enabled us to acquire detailed knowledge of their different regulations, as well as their best applicable practices.&nbsp; This gives us a massive advantage over exclusively local competitors or international consultants who are new to the local market.<\/div>\n<\/div>\n<\/div>\n<\/div>\n\t\t\t\t\t<div class=\"clear\"><\/div>\n\t\t\t\t<\/div>\n\t\t\t<\/div>\n\t\t\t<div class=\"clear\"><\/div>\n\t\t\t\n\t\t\t<style type=\"text\/css\">\n\t\t\t\t#content-block-background-1443 { background-image: url(https:\/\/gmsinternacional.com\/wp-content\/uploads\/2020\/01\/geotecnia_cuerpo_2.jpg); background-position: center center; background-repeat: no-repeat; background-color: #000000; background-attachment: fixed; background-size: auto; }\n\t\t\t\t#content-block-body-1443 { padding: 55px 0 40px 0; color: #ffffff; }\n\t\t\t\t.content-block-body { margin-left: auto; margin-right: auto; position: relative; }\n\t\t\t<\/style>\n\t\t\t\t\t\t\t<style type=\"text\/css\">\n\t\t\t\t\t#wrapper-1 { overflow-x: hidden; }\n\t\t\t\t\t#content-block-background-1443 { margin: 0 -10000px; padding: 0 10000px; }\n\t\t\t\t<\/style>\n\t\t\t\n\t\t\t\n\t\t\t<div class=\"clear\"><\/div>\n\t\t\t<div id=\"content-block-background-1443\" class=\"content-block-background \">\n\t\t\t\t<div id=\"content-block-body-1443\" class=\"content-block-body\">\n\t\t\t\t\t<div class=\"clear\"><\/div>\n\t\t\t\t\t\n<div style=\"text-align: center;\">\n<h2><span style=\"color: #ffffff;\"><br \/>\nGeotechnical engineering is a discipline which combines aspects related to <strong>geological engineering and geotechnical engineering.<\/strong> &nbsp;In short, geological and geotechnical engineering examines the interaction between terrain and structure, thereby allowing us to design foundations efficiently and safely which are suited to each type of ground condition, together with the appropriate safety factors.<br \/>\n&nbsp;<br \/>\nConsequently, this field involves the expertise of geologists who are trained to undertake geological-geotechnical exploration campaigns, and also civil and geological engineers, whose knowledge of soil and rock mechanics enables them to produce accurate terrain modelling prior to the subsequent design of the foundations or other ground structures. The geologists and engineers of GMS Internacional have <strong>longstanding experience in the field of geological and geotechnical engineering, with more than 20 years working in different sectors.<\/strong><\/p>\n<p><\/span><\/h2>\n<\/div>\n\t\t\t\t\t<div class=\"clear\"><\/div>\n\t\t\t\t<\/div>\n\t\t\t<\/div>\n\t\t\t<div class=\"clear\"><\/div>\n\t\t\t\n\t\t\t<style type=\"text\/css\">\n\t\t\t\t#content-block-background-1844 { background-image: url(); background-position: center top; background-repeat: no-repeat; background-color: #fbfbfb; background-attachment: fixed; background-size: auto; }\n\t\t\t\t#content-block-body-1844 { padding: 30px 0 40px; color: inherit; }\n\t\t\t\t.content-block-body { margin-left: auto; margin-right: auto; position: relative; }\n\t\t\t<\/style>\n\t\t\t\t\t\t\t<style type=\"text\/css\">\n\t\t\t\t\t#wrapper-1 { overflow-x: hidden; }\n\t\t\t\t\t#content-block-background-1844 { margin: 0 -10000px; padding: 0 10000px; }\n\t\t\t\t<\/style>\n\t\t\t\n\t\t\t\n\t\t\t<div class=\"clear\"><\/div>\n\t\t\t<div id=\"content-block-background-1844\" class=\"content-block-background class-name\">\n\t\t\t\t<div id=\"content-block-body-1844\" class=\"content-block-body\">\n\t\t\t\t\t<div class=\"clear\"><\/div>\n\t\t\t\t\t\n<div>In recent years and notably since 2012, we have focused primarily on <strong>renewable energy projects (solar and wind power). &nbsp;<\/strong>Prior to this date, our emphasis was more heavily placed on the construction and road infrastructure sectors. GMS Internacional is currently in a phase of expansion and consolidation. We have broadened our horizons and opened ourselves to new sectors and areas of activity, and especially to engineering design.<br \/>\nIn particular, we carry out:<br \/>\n\n<ul class=\"list-1\">\n<li>Geotechnical terrain modelling based on Eurocode 7 and other internationally-recognised criteria.<\/li>\n<li>Construction design of poles for photovoltaic plants in accordance with Eurocode, &nbsp;AASHTO, ASTM or other regulations, using &nbsp;CYPE3D(R), Pile(R), Autocad Civil(R) and our own software(R).<\/li>\n<li>Building recommendations for superficial and deep foundations depending on the different regulations and technical codes.<\/li>\n<li>Construction design of pavements, rural roads, or highways, in accordance with national or continental regulations, such as AASHTO, the Spanish Roads Directorate or others<\/li>\n<li>Construction design of drainage systems using &nbsp;Autocad, Autocad Civil, etc.<\/li>\n<\/ul>\n\n<h3>Thanks to the strong international nature of GMS Internacional, we adapt to the&nbsp;<strong>design and construction regulations applicable in each country.<\/strong><\/h3>\n<\/div>\n\t\t\t\t\t<div class=\"clear\"><\/div>\n\t\t\t\t<\/div>\n\t\t\t<\/div>\n\t\t\t<div class=\"clear\"><\/div>\n\t\t\t\n\t\t\t<style type=\"text\/css\">\n\t\t\t\t#content-block-background-1806 { background-image: url(); background-position: center top; background-repeat: no-repeat; background-color: #535F85; background-attachment: fixed; background-size: auto; }\n\t\t\t\t#content-block-body-1806 { padding: 40px 0 60px 0; color: inherit; }\n\t\t\t\t.content-block-body { margin-left: auto; margin-right: auto; position: relative; }\n\t\t\t<\/style>\n\t\t\t\t\t\t\t<style type=\"text\/css\">\n\t\t\t\t\t#wrapper-1 { overflow-x: hidden; }\n\t\t\t\t\t#content-block-background-1806 { margin: 0 -10000px; padding: 0 10000px; }\n\t\t\t\t<\/style>\n\t\t\t\n\t\t\t\n\t\t\t<div class=\"clear\"><\/div>\n\t\t\t<div id=\"content-block-background-1806\" class=\"content-block-background class-name\">\n\t\t\t\t<div id=\"content-block-body-1806\" class=\"content-block-body\">\n\t\t\t\t\t<div class=\"clear\"><\/div>\n\t\t\t\t\t\n<h2 style=\"color: #ffffff; margin-bottom: 30px; font-size: 36px; text-align: center;\">Discover our solutions in geotechnical, civil, and hydraulic engineering:<\/h2>\n<div class=\"one_third\">\n<div class=\"align-btn-center\"><a class=\"flat-custom-button\" href=\"https:\/\/gmsinternacional.com\/en\/geotechnical-civil-and-hydraulic-engineering\/design-of-foundation-poles\/\" title=\"DESIGN OF FOUNDATION POLES FOR PHOTOVOLTAIC PROJECTS\"><span style=\"padding:20px 40px; background-color:transparent; border:2px solid #FFFFFF; color:#FFFFFF; font-size:20px;\">DESIGN OF FOUNDATION POLES FOR PHOTOVOLTAIC PROJECTS<\/span><\/a><\/div>\n<\/div>\n<div class=\"one_third\">\n<div class=\"align-btn-center\"><a class=\"flat-custom-button\" href=\"https:\/\/gmsinternacional.com\/en\/geotechnical-civil-and-hydraulic-engineering\/design-of-superficial-foundations-and-containment-structures\/\" title=\"DESIGN OF SUPERFICIAL FOUNDATIONS AND RETAINING STRUCTURES\"><span style=\"padding:20px 40px; background-color:transparent; border:2px solid #FFFFFF; color:#FFFFFF; font-size:20px;\">DESIGN OF SUPERFICIAL FOUNDATIONS AND RETAINING STRUCTURES<\/span><\/a><\/div>\n<\/div>\n<div class=\"one_third last_column\">\n<div class=\"align-btn-center\"><a class=\"flat-custom-button\" href=\"https:\/\/gmsinternacional.com\/en\/geotechnical-civil-and-hydraulic-engineering\/design-of-rural-roads-and-highways\/\" title=\"DESIGN OF RURAL ROADS AND HIGHWAYS\"><span style=\"padding:30px 60px 30px; background-color:transparent; border:2px solid #FFFFFF; color:#FFFFFF; font-size:20px;\">DESIGN OF RURAL ROADS AND HIGHWAYS<\/span><\/a><\/div>\n<\/div>\n&nbsp;<br \/>\n<div class=\"one_half\">\n<div class=\"align-btn-center\"><a class=\"flat-custom-button\" href=\"https:\/\/gmsinternacional.com\/en\/geotechnical-civil-and-hydraulic-engineering\/platform-and-earthworks-design\/\" title=\"DESIGN OF PLATFORMS AND EARTHWORKS\"><span style=\"padding:20px 80px; background-color:transparent; border:2px solid #FFFFFF; color:#FFFFFF; font-size:20px;\">DESIGN OF PLATFORMS AND EARTHWORKS<\/span><\/a><\/div>\n<\/div>\n<div class=\"one_half last_column\">\n<div class=\"align-btn-center\"><a class=\"flat-custom-button\" href=\"https:\/\/gmsinternacional.com\/en\/hydrological-risk-assessment\/preliminary-design-of-drainage-structures\/\" title=\"DESIGN OF DRAINAGE SYSTEMS AND HYDRAULIC STRUCTURES\"><span style=\"padding:20px 40px; background-color:transparent; border:2px solid #FFFFFF; color:#FFFFFF; font-size:20px;\">DESIGN OF DRAINAGE SYSTEMS AND HYDRAULIC STRUCTURES<\/span><\/a><\/div>\n<\/div>\n\t\t\t\t\t<div class=\"clear\"><\/div>\n\t\t\t\t<\/div>\n\t\t\t<\/div>\n\t\t\t<div class=\"clear\"><\/div>\n\t\t\t\n<div style=\"margin-bottom: -55px;\">\n\t\t\t<style type=\"text\/css\">\n\t\t\t\t#content-block-background-1369 { background-image: url(); background-position: center top; background-repeat: no-repeat; background-color: #F95700; background-attachment: fixed; background-size: auto; }\n\t\t\t\t#content-block-body-1369 { padding: 30px 0 30px 0; color: inherit; }\n\t\t\t\t.content-block-body { margin-left: auto; margin-right: auto; position: relative; }\n\t\t\t<\/style>\n\t\t\t\t\t\t\t<style type=\"text\/css\">\n\t\t\t\t\t#wrapper-1 { overflow-x: hidden; }\n\t\t\t\t\t#content-block-background-1369 { margin: 0 -10000px; padding: 0 10000px; }\n\t\t\t\t<\/style>\n\t\t\t\n\t\t\t\n\t\t\t<div class=\"clear\"><\/div>\n\t\t\t<div id=\"content-block-background-1369\" class=\"content-block-background class-name\">\n\t\t\t\t<div id=\"content-block-body-1369\" class=\"content-block-body\">\n\t\t\t\t\t<div class=\"clear\"><\/div>\n\t\t\t\t\t\n<div style=\"float: center; text-align: center;\"><i class=\"icon-coffee\" style=\"color:#ffffff;font-size:3em;\"><\/i><\/div>\n<h2 style=\"color: #ffffff; margin-top: 10px; font-size: 36px; text-align: center;\">Do you need a quotation?<\/h2>\n<div style=\"text-align: center; line-height: 1.2; color: #ffffff;\">Contact us and we will design a project which is tailor made to your needs.<\/div>\n<div style=\"margin-top: 30px; margin-bottom: 60px;\"><div class=\"align-btn-center\"><a class=\"flat-custom-button\" href=\"https:\/\/gmsinternacional.com\/en\/contact\" title=\"Request a quotation\"><span style=\"padding:20px 80px; background-color:transparent; border:2px solid #FFFFFF; color:#FFFFFF; font-size:20px;\">Request a quotation<\/span><\/a><\/div><\/div>\n\t\t\t\t\t<div class=\"clear\"><\/div>\n\t\t\t\t<\/div>\n\t\t\t<\/div>\n\t\t\t<div class=\"clear\"><\/div>\n\t\t\t\n<\/div>\n<!-- AddThis Advanced Settings generic via filter on the_content --><!-- AddThis Share Buttons generic via filter on the_content -->","protected":false},"excerpt":{"rendered":"<p><!-- AddThis Advanced Settings generic via filter on get_the_excerpt --><!-- AddThis Share Buttons generic via filter on get_the_excerpt --><\/p>\n","protected":false},"author":1,"featured_media":0,"parent":0,"menu_order":0,"comment_status":"closed","ping_status":"closed","template":"page-FullWidth.php","meta":[],"yoast_head":"<!-- This site is optimized with the Yoast SEO plugin v21.5 - https:\/\/yoast.com\/wordpress\/plugins\/seo\/ -->\n<title>Geotechnical, Civil, and Hydraulic Engineering | GMS Internacional<\/title>\n<meta name=\"description\" content=\"C\u00e1lculo de cimentaciones, capacidad portante, asientos, estabilidad de taludes, muros de contenci\u00f3n, dise\u00f1o de postes, dise\u00f1o de firmes, dise\u00f1o de carreteras, dise\u00f1o de plataformas.\" \/>\n<meta name=\"robots\" content=\"index, follow, max-snippet:-1, max-image-preview:large, max-video-preview:-1\" \/>\n<link rel=\"canonical\" href=\"https:\/\/gmsinternacional.com\/en\/geotechnical-civil-and-hydraulic-engineering\/\" \/>\n<meta property=\"og:locale\" content=\"en_US\" \/>\n<meta property=\"og:type\" content=\"article\" \/>\n<meta property=\"og:title\" content=\"Geotechnical, Civil, and Hydraulic Engineering | GMS Internacional\" \/>\n<meta property=\"og:description\" content=\"C\u00e1lculo de cimentaciones, capacidad portante, asientos, estabilidad de taludes, muros de contenci\u00f3n, dise\u00f1o de postes, dise\u00f1o de firmes, dise\u00f1o de carreteras, dise\u00f1o de plataformas.\" \/>\n<meta property=\"og:url\" content=\"https:\/\/gmsinternacional.com\/en\/geotechnical-civil-and-hydraulic-engineering\/\" \/>\n<meta property=\"og:site_name\" content=\"Ensayos y estudios geot\u00e9cnicos\" \/>\n<meta property=\"article:modified_time\" content=\"2020-07-15T06:35:18+00:00\" \/>\n<meta name=\"twitter:card\" content=\"summary_large_image\" \/>\n<meta name=\"twitter:label1\" content=\"Est. reading time\" \/>\n\t<meta name=\"twitter:data1\" content=\"5 minutes\" \/>\n<script type=\"application\/ld+json\" class=\"yoast-schema-graph\">{\"@context\":\"https:\/\/schema.org\",\"@graph\":[{\"@type\":\"WebPage\",\"@id\":\"https:\/\/gmsinternacional.com\/en\/geotechnical-civil-and-hydraulic-engineering\/\",\"url\":\"https:\/\/gmsinternacional.com\/en\/geotechnical-civil-and-hydraulic-engineering\/\",\"name\":\"Geotechnical, Civil, and Hydraulic Engineering | GMS Internacional\",\"isPartOf\":{\"@id\":\"https:\/\/gmsinternacional.com\/en\/#website\"},\"datePublished\":\"2020-05-02T18:03:10+00:00\",\"dateModified\":\"2020-07-15T06:35:18+00:00\",\"description\":\"C\u00e1lculo de cimentaciones, capacidad portante, asientos, estabilidad de taludes, muros de contenci\u00f3n, dise\u00f1o de postes, dise\u00f1o de firmes, dise\u00f1o de carreteras, dise\u00f1o de plataformas.\",\"breadcrumb\":{\"@id\":\"https:\/\/gmsinternacional.com\/en\/geotechnical-civil-and-hydraulic-engineering\/#breadcrumb\"},\"inLanguage\":\"en-US\",\"potentialAction\":[{\"@type\":\"ReadAction\",\"target\":[\"https:\/\/gmsinternacional.com\/en\/geotechnical-civil-and-hydraulic-engineering\/\"]}]},{\"@type\":\"BreadcrumbList\",\"@id\":\"https:\/\/gmsinternacional.com\/en\/geotechnical-civil-and-hydraulic-engineering\/#breadcrumb\",\"itemListElement\":[{\"@type\":\"ListItem\",\"position\":1,\"name\":\"Portada\",\"item\":\"https:\/\/gmsinternacional.com\/en\/\"},{\"@type\":\"ListItem\",\"position\":2,\"name\":\"Geotechnical, Civil, and Hydraulic Engineering\"}]},{\"@type\":\"WebSite\",\"@id\":\"https:\/\/gmsinternacional.com\/en\/#website\",\"url\":\"https:\/\/gmsinternacional.com\/en\/\",\"name\":\"Ensayos y estudios geot\u00e9cnicos\",\"description\":\"\",\"publisher\":{\"@id\":\"https:\/\/gmsinternacional.com\/en\/#organization\"},\"potentialAction\":[{\"@type\":\"SearchAction\",\"target\":{\"@type\":\"EntryPoint\",\"urlTemplate\":\"https:\/\/gmsinternacional.com\/en\/?s={search_term_string}\"},\"query-input\":\"required name=search_term_string\"}],\"inLanguage\":\"en-US\"},{\"@type\":\"Organization\",\"@id\":\"https:\/\/gmsinternacional.com\/en\/#organization\",\"name\":\"GMS Internacional\",\"url\":\"https:\/\/gmsinternacional.com\/en\/\",\"logo\":{\"@type\":\"ImageObject\",\"inLanguage\":\"en-US\",\"@id\":\"https:\/\/gmsinternacional.com\/en\/#\/schema\/logo\/image\/\",\"url\":\"https:\/\/gmsinternacional.com\/wp-content\/uploads\/2019\/06\/gms_logo_home_3.png\",\"contentUrl\":\"https:\/\/gmsinternacional.com\/wp-content\/uploads\/2019\/06\/gms_logo_home_3.png\",\"width\":308,\"height\":100,\"caption\":\"GMS Internacional\"},\"image\":{\"@id\":\"https:\/\/gmsinternacional.com\/en\/#\/schema\/logo\/image\/\"}}]}<\/script>\n<!-- \/ Yoast SEO plugin. -->","yoast_head_json":{"title":"Geotechnical, Civil, and Hydraulic Engineering | GMS Internacional","description":"C\u00e1lculo de cimentaciones, capacidad portante, asientos, estabilidad de taludes, muros de contenci\u00f3n, dise\u00f1o de postes, dise\u00f1o de firmes, dise\u00f1o de carreteras, dise\u00f1o de plataformas.","robots":{"index":"index","follow":"follow","max-snippet":"max-snippet:-1","max-image-preview":"max-image-preview:large","max-video-preview":"max-video-preview:-1"},"canonical":"https:\/\/gmsinternacional.com\/en\/geotechnical-civil-and-hydraulic-engineering\/","og_locale":"en_US","og_type":"article","og_title":"Geotechnical, Civil, and Hydraulic Engineering | GMS Internacional","og_description":"C\u00e1lculo de cimentaciones, capacidad portante, asientos, estabilidad de taludes, muros de contenci\u00f3n, dise\u00f1o de postes, dise\u00f1o de firmes, dise\u00f1o de carreteras, dise\u00f1o de plataformas.","og_url":"https:\/\/gmsinternacional.com\/en\/geotechnical-civil-and-hydraulic-engineering\/","og_site_name":"Ensayos y estudios geot\u00e9cnicos","article_modified_time":"2020-07-15T06:35:18+00:00","twitter_card":"summary_large_image","twitter_misc":{"Est. reading time":"5 minutes"},"schema":{"@context":"https:\/\/schema.org","@graph":[{"@type":"WebPage","@id":"https:\/\/gmsinternacional.com\/en\/geotechnical-civil-and-hydraulic-engineering\/","url":"https:\/\/gmsinternacional.com\/en\/geotechnical-civil-and-hydraulic-engineering\/","name":"Geotechnical, Civil, and Hydraulic Engineering | GMS Internacional","isPartOf":{"@id":"https:\/\/gmsinternacional.com\/en\/#website"},"datePublished":"2020-05-02T18:03:10+00:00","dateModified":"2020-07-15T06:35:18+00:00","description":"C\u00e1lculo de cimentaciones, capacidad portante, asientos, estabilidad de taludes, muros de contenci\u00f3n, dise\u00f1o de postes, dise\u00f1o de firmes, dise\u00f1o de carreteras, dise\u00f1o de plataformas.","breadcrumb":{"@id":"https:\/\/gmsinternacional.com\/en\/geotechnical-civil-and-hydraulic-engineering\/#breadcrumb"},"inLanguage":"en-US","potentialAction":[{"@type":"ReadAction","target":["https:\/\/gmsinternacional.com\/en\/geotechnical-civil-and-hydraulic-engineering\/"]}]},{"@type":"BreadcrumbList","@id":"https:\/\/gmsinternacional.com\/en\/geotechnical-civil-and-hydraulic-engineering\/#breadcrumb","itemListElement":[{"@type":"ListItem","position":1,"name":"Portada","item":"https:\/\/gmsinternacional.com\/en\/"},{"@type":"ListItem","position":2,"name":"Geotechnical, Civil, and Hydraulic Engineering"}]},{"@type":"WebSite","@id":"https:\/\/gmsinternacional.com\/en\/#website","url":"https:\/\/gmsinternacional.com\/en\/","name":"Ensayos y estudios geot\u00e9cnicos","description":"","publisher":{"@id":"https:\/\/gmsinternacional.com\/en\/#organization"},"potentialAction":[{"@type":"SearchAction","target":{"@type":"EntryPoint","urlTemplate":"https:\/\/gmsinternacional.com\/en\/?s={search_term_string}"},"query-input":"required name=search_term_string"}],"inLanguage":"en-US"},{"@type":"Organization","@id":"https:\/\/gmsinternacional.com\/en\/#organization","name":"GMS Internacional","url":"https:\/\/gmsinternacional.com\/en\/","logo":{"@type":"ImageObject","inLanguage":"en-US","@id":"https:\/\/gmsinternacional.com\/en\/#\/schema\/logo\/image\/","url":"https:\/\/gmsinternacional.com\/wp-content\/uploads\/2019\/06\/gms_logo_home_3.png","contentUrl":"https:\/\/gmsinternacional.com\/wp-content\/uploads\/2019\/06\/gms_logo_home_3.png","width":308,"height":100,"caption":"GMS Internacional"},"image":{"@id":"https:\/\/gmsinternacional.com\/en\/#\/schema\/logo\/image\/"}}]}},"_links":{"self":[{"href":"https:\/\/gmsinternacional.com\/en\/wp-json\/wp\/v2\/pages\/2339"}],"collection":[{"href":"https:\/\/gmsinternacional.com\/en\/wp-json\/wp\/v2\/pages"}],"about":[{"href":"https:\/\/gmsinternacional.com\/en\/wp-json\/wp\/v2\/types\/page"}],"author":[{"embeddable":true,"href":"https:\/\/gmsinternacional.com\/en\/wp-json\/wp\/v2\/users\/1"}],"replies":[{"embeddable":true,"href":"https:\/\/gmsinternacional.com\/en\/wp-json\/wp\/v2\/comments?post=2339"}],"version-history":[{"count":11,"href":"https:\/\/gmsinternacional.com\/en\/wp-json\/wp\/v2\/pages\/2339\/revisions"}],"predecessor-version":[{"id":2725,"href":"https:\/\/gmsinternacional.com\/en\/wp-json\/wp\/v2\/pages\/2339\/revisions\/2725"}],"wp:attachment":[{"href":"https:\/\/gmsinternacional.com\/en\/wp-json\/wp\/v2\/media?parent=2339"}],"curies":[{"name":"wp","href":"https:\/\/api.w.org\/{rel}","templated":true}]}}