{"id":2299,"date":"2020-04-09T11:34:03","date_gmt":"2020-04-09T09:34:03","guid":{"rendered":"https:\/\/gmsinternacional.com\/geotecnia-analisis-riesgo-suelo\/estudios-geotecnicos\/"},"modified":"2020-07-14T14:27:06","modified_gmt":"2020-07-14T12:27:06","slug":"geotechnical-surveys","status":"publish","type":"page","link":"https:\/\/gmsinternacional.com\/en\/geotechnical-research-and-soil-risk-assessment\/geotechnical-surveys\/","title":{"rendered":"Geotechnical surveys"},"content":{"rendered":"\t\t\t<style type=\"text\/css\">\n\t\t\t\t#content-block-background-1065 { background-image: url(); background-position: 50% 0; background-repeat: repeat; background-color: #ffffff; background-attachment: scroll; background-size: auto; }\n\t\t\t\t#content-block-body-1065 { padding: 5px 0 50px; color: inherit; }\n\t\t\t\t.content-block-body { margin-left: auto; margin-right: auto; position: relative; }\n\t\t\t<\/style>\n\t\t\t\t\t\t\t<style type=\"text\/css\">\n\t\t\t\t\t#wrapper-1 { overflow-x: hidden; }\n\t\t\t\t\t#content-block-background-1065 { margin: 0 -10000px; padding: 0 10000px; }\n\t\t\t\t<\/style>\n\t\t\t\n\t\t\t\t\t\t<script type=\"text\/javascript\">\n\t\t\t\t\/\/ <![CDATA[\n\t\t\t\tjQuery(document).ready(function($){\n\t\t\t\t\t\"use strict\";\n\t\t\t\t\tif( ! $(\"body\").hasClass( \"mobile-detected\" ) ){\n\t\t\t\t\t\t$(\"#content-block-background-\"+1065).each(function(){\n\t\t\t\t\t\t\tvar $bgobj = $(this); \/\/ Assigning the object.\n\t\t\t\t\t\t\tvar xPos = '50%'; \/\/ x bg position value from the user shortcode.\n\t\t\t\t\t\t\t$(window).scroll(function() {\n\t\t\t\t\t\t\t\tvar yPos = -($(window).scrollTop() \/ 3);\n\t\t\t\t\t\t\t\t\/\/ Put together our final background position.\n\t\t\t\t\t\t\t\tvar coords = xPos+' '+yPos+'px';\n\t\t\t\t\t\t\t\t\/\/ Move the background.\n\t\t\t\t\t\t\t\t$bgobj.css({ backgroundPosition: coords });\n\t\t\t\t\t\t\t});\n\t\t\t\t\t\t});\n\t\t\t\t\t}\n\t\t\t\t});\n\t\t\t\t\/\/ ]]>\n\t\t\t<\/script>\n\t\t\t\n\t\t\t<div class=\"clear\"><\/div>\n\t\t\t<div id=\"content-block-background-1065\" class=\"content-block-background \">\n\t\t\t\t<div id=\"content-block-body-1065\" class=\"content-block-body\">\n\t\t\t\t\t<div class=\"clear\"><\/div>\n\t\t\t\t\t\n<div style=\"text-align: center;\">\n<h1>Geological and geotechnical research of photovoltaic plants, wind farms, roads, and other infrastructure, with global reach.<\/h1>\n<\/div>\n\t\t\t\t\t<div class=\"clear\"><\/div>\n\t\t\t\t<\/div>\n\t\t\t<\/div>\n\t\t\t<div class=\"clear\"><\/div>\n\t\t\t\n\t\t\t<style type=\"text\/css\">\n\t\t\t\t#content-block-background-1094 { background-image: url(); background-position: center top; background-repeat: no-repeat; background-color: #fbfbfb; background-attachment: fixed; background-size: auto; }\n\t\t\t\t#content-block-body-1094 { padding: 30px 0 30px; color: inherit; }\n\t\t\t\t.content-block-body { margin-left: auto; margin-right: auto; position: relative; }\n\t\t\t<\/style>\n\t\t\t\t\t\t\t<style type=\"text\/css\">\n\t\t\t\t\t#wrapper-1 { overflow-x: hidden; }\n\t\t\t\t\t#content-block-background-1094 { margin: 0 -10000px; padding: 0 10000px; }\n\t\t\t\t<\/style>\n\t\t\t\n\t\t\t\n\t\t\t<div class=\"clear\"><\/div>\n\t\t\t<div id=\"content-block-background-1094\" class=\"content-block-background class-name\">\n\t\t\t\t<div id=\"content-block-body-1094\" class=\"content-block-body\">\n\t\t\t\t\t<div class=\"clear\"><\/div>\n\t\t\t\t\t\n<div style=\"text-align: center;\">Carrying out geological and geotechnical research on a given terrain is the first step to undertaking any type of building work. &nbsp;<strong>A complete and precise survey undertaken by professionals is the key to ensuring that the design of a project is executed correctly and that it contemplates any risks or hazards which might arise from the terrain itself.<\/strong> The scope of geological and geotechnical research includes reviewing scientific literature,&nbsp; carrying out exploratory campaigns, mapping, sampling, and laboratory analysis. The purpose of said exploration is to obtain design parameters for foundations, which includes ascertaining the bearing capacity of the ground versus the load requirements and stresses, expected maximum settlement, differential settlement, active and passive lateral earth pressure, etc.<br \/>\n&nbsp;<\/p>\n<h3>The information obtained from the exploratory campaign is synthesised in the Geotechnical Report, which presents the results of all of the studies carried out, together with data analysis, and geotechnical recommendations for the design of the foundations and the structure.<\/h3>\n<\/div>\n\t\t\t\t\t<div class=\"clear\"><\/div>\n\t\t\t\t<\/div>\n\t\t\t<\/div>\n\t\t\t<div class=\"clear\"><\/div>\n\t\t\t\n\n\t\t\t<!-- START estudios_geotecnicos REVOLUTION SLIDER 6.3.5 --><p class=\"rs-p-wp-fix\"><\/p>\n\t\t\t<rs-module-wrap id=\"rev_slider_27_1_wrapper\" data-source=\"gallery\" style=\"background:transparent;padding:0;margin:0px auto;margin-top:0;margin-bottom:0;\">\n\t\t\t\t<rs-module id=\"rev_slider_27_1\" style=\"\" data-version=\"6.3.5\">\n\t\t\t\t\t<rs-slides>\n\t\t\t\t\t\t<rs-slide data-key=\"rs-127\" data-title=\"Slide\" data-thumb=\"\/\/gmsinternacional.com\/wp-content\/uploads\/2019\/06\/ingenier\u00eda_geot\u00e9cnica_cimentaciones_2-100x50.jpg\" data-anim=\"ei:d;eo:d;s:1000;r:0;t:fade;sl:0;\">\n\t\t\t\t\t\t\t<img src=\"\/\/gmsinternacional.com\/wp-content\/plugins\/revslider\/public\/assets\/assets\/dummy.png\" title=\"gms_estudios_geotecnicos_6\" width=\"800\" height=\"600\" data-lazyload=\"\/\/gmsinternacional.com\/wp-content\/uploads\/2020\/04\/gms_estudios_geotecnicos_6.jpg\" data-parallax=\"off\" class=\"rev-slidebg\" data-no-retina>\n<!---->\t\t\t\t\t\t<\/rs-slide>\n\t\t\t\t\t\t<rs-slide data-key=\"rs-126\" data-title=\"Slide\" data-thumb=\"\/\/gmsinternacional.com\/wp-content\/uploads\/2020\/04\/gms_estudios_geotecnicos-100x50.jpg\" data-anim=\"ei:d;eo:d;s:600;r:0;t:fade;sl:d;\">\n\t\t\t\t\t\t\t<img src=\"\/\/gmsinternacional.com\/wp-content\/plugins\/revslider\/public\/assets\/assets\/dummy.png\" alt=\"test\" title=\"gms_estudios_geotecnicos\" width=\"800\" height=\"600\" data-lazyload=\"\/\/gmsinternacional.com\/wp-content\/uploads\/2020\/04\/gms_estudios_geotecnicos.jpg\" data-parallax=\"off\" class=\"rev-slidebg\" data-no-retina>\n<!---->\t\t\t\t\t\t<\/rs-slide>\n\t\t\t\t\t\t<rs-slide data-key=\"rs-128\" data-title=\"Slide\" data-thumb=\"\/\/gmsinternacional.com\/wp-content\/uploads\/2019\/06\/ingenier\u00eda_geot\u00e9cnica_cimentaciones-100x50.jpg\" data-anim=\"ei:d;eo:d;s:1000;r:0;t:fade;sl:0;\">\n\t\t\t\t\t\t\t<img src=\"\/\/gmsinternacional.com\/wp-content\/plugins\/revslider\/public\/assets\/assets\/dummy.png\" title=\"gms_estudios_geotecnicos_2\" width=\"800\" height=\"600\" data-lazyload=\"\/\/gmsinternacional.com\/wp-content\/uploads\/2020\/04\/gms_estudios_geotecnicos_2.jpg\" data-parallax=\"off\" class=\"rev-slidebg\" data-no-retina>\n<!---->\t\t\t\t\t\t<\/rs-slide>\n\t\t\t\t\t\t<rs-slide data-key=\"rs-125\" data-title=\"Slide\" data-thumb=\"\/\/gmsinternacional.com\/wp-content\/uploads\/2019\/06\/ingenier\u00eda_geot\u00e9cnica_cimentaciones_4-100x50.jpg\" data-anim=\"ei:d;eo:d;s:1000;r:0;t:fade;sl:0;\">\n\t\t\t\t\t\t\t<img src=\"\/\/gmsinternacional.com\/wp-content\/plugins\/revslider\/public\/assets\/assets\/dummy.png\" title=\"gms_estudios_geotecnicos_3\" width=\"800\" height=\"600\" data-lazyload=\"\/\/gmsinternacional.com\/wp-content\/uploads\/2020\/04\/gms_estudios_geotecnicos_3.jpg\" data-parallax=\"off\" class=\"rev-slidebg\" data-no-retina>\n<!---->\t\t\t\t\t\t<\/rs-slide>\n\t\t\t\t\t\t<rs-slide data-key=\"rs-123\" data-title=\"Slide\" data-thumb=\"\/\/gmsinternacional.com\/wp-content\/uploads\/2020\/04\/gms_estudios_geotecnicos_4-100x50.jpg\" data-anim=\"ei:d;eo:d;s:600;r:0;t:fade;sl:d;\">\n\t\t\t\t\t\t\t<img src=\"\/\/gmsinternacional.com\/wp-content\/plugins\/revslider\/public\/assets\/assets\/dummy.png\" title=\"gms_estudios_geotecnicos_4\" width=\"800\" height=\"600\" data-lazyload=\"\/\/gmsinternacional.com\/wp-content\/uploads\/2020\/04\/gms_estudios_geotecnicos_4.jpg\" data-parallax=\"off\" class=\"rev-slidebg\" data-no-retina>\n<!---->\t\t\t\t\t\t<\/rs-slide>\n\t\t\t\t\t\t<rs-slide data-key=\"rs-124\" data-title=\"Slide\" data-thumb=\"\/\/gmsinternacional.com\/wp-content\/uploads\/2019\/06\/ingenier\u00eda_geot\u00e9cnica_cimentaciones_5-100x50.jpg\" data-anim=\"ei:d;eo:d;s:1000;r:0;t:fade;sl:0;\">\n\t\t\t\t\t\t\t<img src=\"\/\/gmsinternacional.com\/wp-content\/plugins\/revslider\/public\/assets\/assets\/dummy.png\" title=\"gms_estudios_geotecnicos_5\" width=\"800\" height=\"600\" data-lazyload=\"\/\/gmsinternacional.com\/wp-content\/uploads\/2020\/04\/gms_estudios_geotecnicos_5.jpg\" data-parallax=\"off\" class=\"rev-slidebg\" data-no-retina>\n<!---->\t\t\t\t\t\t<\/rs-slide>\n\t\t\t\t\t<\/rs-slides>\n\t\t\t\t<\/rs-module>\n\t\t\t\t<script type=\"text\/javascript\">\n\t\t\t\t\tsetREVStartSize({c: 'rev_slider_27_1',rl:[1240,1024,778,480],el:[600],gw:[800],gh:[600],type:'carousel',justify:'',layout:'fullwidth',mh:\"0\"});\n\t\t\t\t\tvar\trevapi27,\n\t\t\t\t\t\ttpj;\n\t\t\t\t\tfunction revinit_revslider271() {\n\t\t\t\t\tjQuery(function() {\n\t\t\t\t\t\ttpj = jQuery;\n\t\t\t\t\t\trevapi27 = tpj(\"#rev_slider_27_1\");\n\t\t\t\t\t\tif(revapi27==undefined || revapi27.revolution == undefined){\n\t\t\t\t\t\t\trevslider_showDoubleJqueryError(\"rev_slider_27_1\");\n\t\t\t\t\t\t}else{\n\t\t\t\t\t\t\trevapi27.revolution({\n\t\t\t\t\t\t\t\tsliderType:\"carousel\",\n\t\t\t\t\t\t\t\tsliderLayout:\"fullwidth\",\n\t\t\t\t\t\t\t\tvisibilityLevels:\"1240,1024,778,480\",\n\t\t\t\t\t\t\t\tgridwidth:800,\n\t\t\t\t\t\t\t\tgridheight:600,\n\t\t\t\t\t\t\t\tlazyType:\"smart\",\n\t\t\t\t\t\t\t\tperspectiveType:\"local\",\n\t\t\t\t\t\t\t\teditorheight:\"600,600,600,600\",\n\t\t\t\t\t\t\t\tresponsiveLevels:\"1240,1024,778,480\",\n\t\t\t\t\t\t\t\tcarousel: {\n\t\t\t\t\t\t\t\t\tinfinity:true,\n\t\t\t\t\t\t\t\t\tspace:-150,\n\t\t\t\t\t\t\t\t\tmaxRotation:65,\n\t\t\t\t\t\t\t\t\tvary_rotation:true,\n\t\t\t\t\t\t\t\t\tminScale:45,\n\t\t\t\t\t\t\t\t\tvary_fade:true,\n\t\t\t\t\t\t\t\t\tpadding_top:60,\n\t\t\t\t\t\t\t\t\tpadding_bottom:60\n\t\t\t\t\t\t\t\t},\n\t\t\t\t\t\t\t\tprogressBar:{disableProgressBar:true},\n\t\t\t\t\t\t\t\tnavigation: {\n\t\t\t\t\t\t\t\t\tmouseScrollNavigation:false,\n\t\t\t\t\t\t\t\t\tonHoverStop:false,\n\t\t\t\t\t\t\t\t\ttouch: {\n\t\t\t\t\t\t\t\t\t\ttouchenabled:true,\n\t\t\t\t\t\t\t\t\t\tswipe_min_touches:50\n\t\t\t\t\t\t\t\t\t},\n\t\t\t\t\t\t\t\t\tarrows: {\n\t\t\t\t\t\t\t\t\t\tenable:true,\n\t\t\t\t\t\t\t\t\t\tstyle:\"metis\",\n\t\t\t\t\t\t\t\t\t\tleft: {\n\t\t\t\t\t\t\t\t\t\t\th_offset:30\n\t\t\t\t\t\t\t\t\t\t},\n\t\t\t\t\t\t\t\t\t\tright: {\n\t\t\t\t\t\t\t\t\t\t\th_offset:30\n\t\t\t\t\t\t\t\t\t\t}\n\t\t\t\t\t\t\t\t\t}\n\t\t\t\t\t\t\t\t},\n\t\t\t\t\t\t\t\tparallax: {\n\t\t\t\t\t\t\t\t\tlevels:[2,3,4,5,6,7,12,16,10,50,47,48,49,50,51,55],\n\t\t\t\t\t\t\t\t\ttype:\"mouse\",\n\t\t\t\t\t\t\t\t\torigo:\"slidercenter\",\n\t\t\t\t\t\t\t\t\tspeed:2000\n\t\t\t\t\t\t\t\t},\n\t\t\t\t\t\t\t\tfallbacks: {\n\t\t\t\t\t\t\t\t\tallowHTML5AutoPlayOnAndroid:true\n\t\t\t\t\t\t\t\t},\n\t\t\t\t\t\t\t});\n\t\t\t\t\t\t}\n\t\t\t\t\t\t\n\t\t\t\t\t});\n\t\t\t\t\t} \/\/ End of RevInitScript\n\t\t\t\tvar once_revslider271 = false;\n\t\t\t\tif (document.readyState === \"loading\") {document.addEventListener('readystatechange',function() { if((document.readyState === \"interactive\" || document.readyState === \"complete\") && !once_revslider271 ) { once_revslider271 = true; revinit_revslider271();}});} else {once_revslider271 = true; revinit_revslider271();}\n\t\t\t\t<\/script>\n\t\t\t\t<script>\n\t\t\t\t\tvar htmlDivCss = unescape(\"%23rev_slider_27_1_wrapper%20.metis.tparrows%20%7B%0A%20%20background%3A%23ffffff%3B%0A%20%20padding%3A10px%3B%0A%20%20transition%3Aall%200.3s%3B%0A%20%20-webkit-transition%3Aall%200.3s%3B%0A%20%20width%3A60px%3B%0A%20%20height%3A60px%3B%0A%20%20box-sizing%3Aborder-box%3B%0A%20%7D%0A%20%0A%20%23rev_slider_27_1_wrapper%20.metis.tparrows%3Ahover%20%7B%0A%20%20%20background%3Argba%28255%2C255%2C255%2C0.75%29%3B%0A%20%7D%0A%20%0A%20%23rev_slider_27_1_wrapper%20.metis.tparrows%3Abefore%20%7B%0A%20%20color%3A%23000000%3B%20%20%0A%20%20%20transition%3Aall%200.3s%3B%0A%20%20-webkit-transition%3Aall%200.3s%3B%0A%20%7D%0A%20%0A%20%23rev_slider_27_1_wrapper%20.metis.tparrows%3Ahover%3Abefore%20%7B%0A%20%20%20transform%3Ascale%281.5%29%3B%0A%20%20%7D%0A%20%0A\");\n\t\t\t\t\tvar htmlDiv = document.getElementById('rs-plugin-settings-inline-css');\n\t\t\t\t\tif(htmlDiv) {\n\t\t\t\t\t\thtmlDiv.innerHTML = htmlDiv.innerHTML + htmlDivCss;\n\t\t\t\t\t}else{\n\t\t\t\t\t\tvar htmlDiv = document.createElement('div');\n\t\t\t\t\t\thtmlDiv.innerHTML = '<style>' + htmlDivCss + '<\/style>';\n\t\t\t\t\t\tdocument.getElementsByTagName('head')[0].appendChild(htmlDiv.childNodes[0]);\n\t\t\t\t\t}\n\t\t\t\t<\/script>\n\t\t\t\t<script>\n\t\t\t\t\tvar htmlDivCss = unescape(\"%0A%0A%0A%0A%0A%0A\");\n\t\t\t\t\tvar htmlDiv = document.getElementById('rs-plugin-settings-inline-css');\n\t\t\t\t\tif(htmlDiv) {\n\t\t\t\t\t\thtmlDiv.innerHTML = htmlDiv.innerHTML + htmlDivCss;\n\t\t\t\t\t}else{\n\t\t\t\t\t\tvar htmlDiv = document.createElement('div');\n\t\t\t\t\t\thtmlDiv.innerHTML = '<style>' + htmlDivCss + '<\/style>';\n\t\t\t\t\t\tdocument.getElementsByTagName('head')[0].appendChild(htmlDiv.childNodes[0]);\n\t\t\t\t\t}\n\t\t\t\t<\/script>\n\t\t\t<\/rs-module-wrap>\n\t\t\t<!-- END REVOLUTION SLIDER -->\n\n\t\t\t<style type=\"text\/css\">\n\t\t\t\t#content-block-background-1615 { background-image: url(); background-position: center top; background-repeat: no-repeat; background-color: #eeeeee; background-attachment: fixed; background-size: auto; }\n\t\t\t\t#content-block-body-1615 { padding: 30px 0 40px; color: inherit; }\n\t\t\t\t.content-block-body { margin-left: auto; margin-right: auto; position: relative; }\n\t\t\t<\/style>\n\t\t\t\t\t\t\t<style type=\"text\/css\">\n\t\t\t\t\t#wrapper-1 { overflow-x: hidden; }\n\t\t\t\t\t#content-block-background-1615 { margin: 0 -10000px; padding: 0 10000px; }\n\t\t\t\t<\/style>\n\t\t\t\n\t\t\t\n\t\t\t<div class=\"clear\"><\/div>\n\t\t\t<div id=\"content-block-background-1615\" class=\"content-block-background class-name\">\n\t\t\t\t<div id=\"content-block-body-1615\" class=\"content-block-body\">\n\t\t\t\t\t<div class=\"clear\"><\/div>\n\t\t\t\t\t\n<div style=\"text-align: center;\"><strong>It is vital that the building developer hires a highly-qualified team to carry out these geological and geotechnical research campaigns, <\/strong>otherwise, it will incur extremely high risks in the subsequent design and construction phases, which could result in paying far higher costs than those derived from commissioning a thorough geotechnical survey beforehand,&nbsp; which comes with all of the necessary guarantees and covers all of the scopes of the project.<br \/>\n&nbsp;<br \/>\nGMS Internacional is made up of a <strong>team of highly-qualified geologists and engineers with more than 20 years of experience, all of whom are trained to undertake geological and geotechnical surveys of any level of complexity in any part of the world.<\/strong> In recent years, GMS Internacional has undertaken surveys and research primarily in Mexico, Chile and Spain, although we have expanded our portfolio to other geographical regions such as the Middle East (especially Jordan, Egypt, Saudi Arabia and Dubai), Central Asia (India and Afghanistan), Latin America (Argentina, Colombia, Panama), Africa (Nigeria, Uganda, Egypt, Djibouti, Angola) and Europe (UK, France).<\/p>\n<\/div>\n\t\t\t\t\t<div class=\"clear\"><\/div>\n\t\t\t\t<\/div>\n\t\t\t<\/div>\n\t\t\t<div class=\"clear\"><\/div>\n\t\t\t\n<div style=\"margin-bottom: -55px;\">\t\t\t<style type=\"text\/css\">\n\t\t\t\t#content-block-background-1745 { background-image: url(); background-position: center top; background-repeat: no-repeat; background-color: #F95700; background-attachment: fixed; background-size: auto; }\n\t\t\t\t#content-block-body-1745 { padding: 30px 0 30px 0; color: inherit; }\n\t\t\t\t.content-block-body { margin-left: auto; margin-right: auto; position: relative; }\n\t\t\t<\/style>\n\t\t\t\t\t\t\t<style type=\"text\/css\">\n\t\t\t\t\t#wrapper-1 { overflow-x: hidden; }\n\t\t\t\t\t#content-block-background-1745 { margin: 0 -10000px; padding: 0 10000px; }\n\t\t\t\t<\/style>\n\t\t\t\n\t\t\t\n\t\t\t<div class=\"clear\"><\/div>\n\t\t\t<div id=\"content-block-background-1745\" class=\"content-block-background class-name\">\n\t\t\t\t<div id=\"content-block-body-1745\" class=\"content-block-body\">\n\t\t\t\t\t<div class=\"clear\"><\/div>\n\t\t\t\t\t\n<div style=\"float: center; text-align: center;\"><i class=\"icon-coffee\" style=\"color:#ffffff;font-size:3em;\"><\/i><\/div>\n<h2 style=\"color: #ffffff; margin-top: 10px; font-size: 36px; text-align: center;\">Do you need a quotation?<\/h2>\n<div style=\"text-align: center; line-height: 1.2; color: #ffffff;\">Contact us and we will design a project which is tailor made to your needs.<\/div>\n<div style=\"margin-top: 30px; margin-bottom: 60px;\"><div class=\"align-btn-center\"><a class=\"flat-custom-button\" href=\"https:\/\/gmsinternacional.com\/en\/contact\" title=\"Request a quotation\"><span style=\"padding:20px 80px; background-color:transparent; border:2px solid #FFFFFF; color:#FFFFFF; font-size:20px;\">Request a quotation<\/span><\/a><\/div><\/div>\n\t\t\t\t\t<div class=\"clear\"><\/div>\n\t\t\t\t<\/div>\n\t\t\t<\/div>\n\t\t\t<div class=\"clear\"><\/div>\n\t\t\t\n<\/div>\n<!-- AddThis Advanced Settings generic via filter on the_content --><!-- AddThis Share Buttons generic via filter on the_content -->","protected":false},"excerpt":{"rendered":"<p><!-- AddThis Advanced Settings generic via filter on get_the_excerpt --><!-- AddThis Share Buttons generic via filter on get_the_excerpt --><\/p>\n","protected":false},"author":1,"featured_media":0,"parent":2288,"menu_order":2,"comment_status":"closed","ping_status":"closed","template":"page-FullWidth.php","meta":[],"yoast_head":"<!-- This site is optimized with the Yoast SEO plugin v21.5 - https:\/\/yoast.com\/wordpress\/plugins\/seo\/ -->\n<title>Geotechnical surveys | GMS Internacional<\/title>\n<meta name=\"description\" content=\"Investigaci\u00f3n geol\u00f3gica y geot\u00e9cnica de plantas fotovoltaicas, e\u00f3licas, carreteras y otras infraestructuras.\" \/>\n<meta name=\"robots\" content=\"index, follow, max-snippet:-1, max-image-preview:large, max-video-preview:-1\" \/>\n<link rel=\"canonical\" href=\"https:\/\/gmsinternacional.com\/en\/geotechnical-research-and-soil-risk-assessment\/geotechnical-surveys\/\" \/>\n<meta property=\"og:locale\" content=\"en_US\" \/>\n<meta property=\"og:type\" content=\"article\" \/>\n<meta property=\"og:title\" content=\"Geotechnical surveys | GMS Internacional\" \/>\n<meta property=\"og:description\" content=\"Investigaci\u00f3n geol\u00f3gica y geot\u00e9cnica de plantas fotovoltaicas, e\u00f3licas, carreteras y otras infraestructuras.\" \/>\n<meta property=\"og:url\" content=\"https:\/\/gmsinternacional.com\/en\/geotechnical-research-and-soil-risk-assessment\/geotechnical-surveys\/\" \/>\n<meta property=\"og:site_name\" content=\"Ensayos y estudios geot\u00e9cnicos\" \/>\n<meta property=\"article:modified_time\" content=\"2020-07-14T12:27:06+00:00\" \/>\n<meta name=\"twitter:card\" content=\"summary_large_image\" \/>\n<meta name=\"twitter:label1\" content=\"Est. reading time\" \/>\n\t<meta name=\"twitter:data1\" content=\"3 minutes\" \/>\n<script type=\"application\/ld+json\" class=\"yoast-schema-graph\">{\"@context\":\"https:\/\/schema.org\",\"@graph\":[{\"@type\":\"WebPage\",\"@id\":\"https:\/\/gmsinternacional.com\/en\/geotechnical-research-and-soil-risk-assessment\/geotechnical-surveys\/\",\"url\":\"https:\/\/gmsinternacional.com\/en\/geotechnical-research-and-soil-risk-assessment\/geotechnical-surveys\/\",\"name\":\"Geotechnical surveys | GMS Internacional\",\"isPartOf\":{\"@id\":\"https:\/\/gmsinternacional.com\/en\/#website\"},\"datePublished\":\"2020-04-09T09:34:03+00:00\",\"dateModified\":\"2020-07-14T12:27:06+00:00\",\"description\":\"Investigaci\u00f3n geol\u00f3gica y geot\u00e9cnica de plantas fotovoltaicas, e\u00f3licas, carreteras y otras infraestructuras.\",\"breadcrumb\":{\"@id\":\"https:\/\/gmsinternacional.com\/en\/geotechnical-research-and-soil-risk-assessment\/geotechnical-surveys\/#breadcrumb\"},\"inLanguage\":\"en-US\",\"potentialAction\":[{\"@type\":\"ReadAction\",\"target\":[\"https:\/\/gmsinternacional.com\/en\/geotechnical-research-and-soil-risk-assessment\/geotechnical-surveys\/\"]}]},{\"@type\":\"BreadcrumbList\",\"@id\":\"https:\/\/gmsinternacional.com\/en\/geotechnical-research-and-soil-risk-assessment\/geotechnical-surveys\/#breadcrumb\",\"itemListElement\":[{\"@type\":\"ListItem\",\"position\":1,\"name\":\"Portada\",\"item\":\"https:\/\/gmsinternacional.com\/en\/\"},{\"@type\":\"ListItem\",\"position\":2,\"name\":\"Geotechnical research and soil risk assessment\",\"item\":\"https:\/\/gmsinternacional.com\/en\/geotechnical-research-and-soil-risk-assessment\/\"},{\"@type\":\"ListItem\",\"position\":3,\"name\":\"Geotechnical surveys\"}]},{\"@type\":\"WebSite\",\"@id\":\"https:\/\/gmsinternacional.com\/en\/#website\",\"url\":\"https:\/\/gmsinternacional.com\/en\/\",\"name\":\"Ensayos y estudios geot\u00e9cnicos\",\"description\":\"\",\"publisher\":{\"@id\":\"https:\/\/gmsinternacional.com\/en\/#organization\"},\"potentialAction\":[{\"@type\":\"SearchAction\",\"target\":{\"@type\":\"EntryPoint\",\"urlTemplate\":\"https:\/\/gmsinternacional.com\/en\/?s={search_term_string}\"},\"query-input\":\"required name=search_term_string\"}],\"inLanguage\":\"en-US\"},{\"@type\":\"Organization\",\"@id\":\"https:\/\/gmsinternacional.com\/en\/#organization\",\"name\":\"GMS Internacional\",\"url\":\"https:\/\/gmsinternacional.com\/en\/\",\"logo\":{\"@type\":\"ImageObject\",\"inLanguage\":\"en-US\",\"@id\":\"https:\/\/gmsinternacional.com\/en\/#\/schema\/logo\/image\/\",\"url\":\"https:\/\/gmsinternacional.com\/wp-content\/uploads\/2019\/06\/gms_logo_home_3.png\",\"contentUrl\":\"https:\/\/gmsinternacional.com\/wp-content\/uploads\/2019\/06\/gms_logo_home_3.png\",\"width\":308,\"height\":100,\"caption\":\"GMS Internacional\"},\"image\":{\"@id\":\"https:\/\/gmsinternacional.com\/en\/#\/schema\/logo\/image\/\"}}]}<\/script>\n<!-- \/ Yoast SEO plugin. -->","yoast_head_json":{"title":"Geotechnical surveys | GMS Internacional","description":"Investigaci\u00f3n geol\u00f3gica y geot\u00e9cnica de plantas fotovoltaicas, e\u00f3licas, carreteras y otras infraestructuras.","robots":{"index":"index","follow":"follow","max-snippet":"max-snippet:-1","max-image-preview":"max-image-preview:large","max-video-preview":"max-video-preview:-1"},"canonical":"https:\/\/gmsinternacional.com\/en\/geotechnical-research-and-soil-risk-assessment\/geotechnical-surveys\/","og_locale":"en_US","og_type":"article","og_title":"Geotechnical surveys | GMS Internacional","og_description":"Investigaci\u00f3n geol\u00f3gica y geot\u00e9cnica de plantas fotovoltaicas, e\u00f3licas, carreteras y otras infraestructuras.","og_url":"https:\/\/gmsinternacional.com\/en\/geotechnical-research-and-soil-risk-assessment\/geotechnical-surveys\/","og_site_name":"Ensayos y estudios geot\u00e9cnicos","article_modified_time":"2020-07-14T12:27:06+00:00","twitter_card":"summary_large_image","twitter_misc":{"Est. reading time":"3 minutes"},"schema":{"@context":"https:\/\/schema.org","@graph":[{"@type":"WebPage","@id":"https:\/\/gmsinternacional.com\/en\/geotechnical-research-and-soil-risk-assessment\/geotechnical-surveys\/","url":"https:\/\/gmsinternacional.com\/en\/geotechnical-research-and-soil-risk-assessment\/geotechnical-surveys\/","name":"Geotechnical surveys | GMS Internacional","isPartOf":{"@id":"https:\/\/gmsinternacional.com\/en\/#website"},"datePublished":"2020-04-09T09:34:03+00:00","dateModified":"2020-07-14T12:27:06+00:00","description":"Investigaci\u00f3n geol\u00f3gica y geot\u00e9cnica de plantas fotovoltaicas, e\u00f3licas, carreteras y otras infraestructuras.","breadcrumb":{"@id":"https:\/\/gmsinternacional.com\/en\/geotechnical-research-and-soil-risk-assessment\/geotechnical-surveys\/#breadcrumb"},"inLanguage":"en-US","potentialAction":[{"@type":"ReadAction","target":["https:\/\/gmsinternacional.com\/en\/geotechnical-research-and-soil-risk-assessment\/geotechnical-surveys\/"]}]},{"@type":"BreadcrumbList","@id":"https:\/\/gmsinternacional.com\/en\/geotechnical-research-and-soil-risk-assessment\/geotechnical-surveys\/#breadcrumb","itemListElement":[{"@type":"ListItem","position":1,"name":"Portada","item":"https:\/\/gmsinternacional.com\/en\/"},{"@type":"ListItem","position":2,"name":"Geotechnical research and soil risk assessment","item":"https:\/\/gmsinternacional.com\/en\/geotechnical-research-and-soil-risk-assessment\/"},{"@type":"ListItem","position":3,"name":"Geotechnical surveys"}]},{"@type":"WebSite","@id":"https:\/\/gmsinternacional.com\/en\/#website","url":"https:\/\/gmsinternacional.com\/en\/","name":"Ensayos y estudios geot\u00e9cnicos","description":"","publisher":{"@id":"https:\/\/gmsinternacional.com\/en\/#organization"},"potentialAction":[{"@type":"SearchAction","target":{"@type":"EntryPoint","urlTemplate":"https:\/\/gmsinternacional.com\/en\/?s={search_term_string}"},"query-input":"required name=search_term_string"}],"inLanguage":"en-US"},{"@type":"Organization","@id":"https:\/\/gmsinternacional.com\/en\/#organization","name":"GMS Internacional","url":"https:\/\/gmsinternacional.com\/en\/","logo":{"@type":"ImageObject","inLanguage":"en-US","@id":"https:\/\/gmsinternacional.com\/en\/#\/schema\/logo\/image\/","url":"https:\/\/gmsinternacional.com\/wp-content\/uploads\/2019\/06\/gms_logo_home_3.png","contentUrl":"https:\/\/gmsinternacional.com\/wp-content\/uploads\/2019\/06\/gms_logo_home_3.png","width":308,"height":100,"caption":"GMS Internacional"},"image":{"@id":"https:\/\/gmsinternacional.com\/en\/#\/schema\/logo\/image\/"}}]}},"_links":{"self":[{"href":"https:\/\/gmsinternacional.com\/en\/wp-json\/wp\/v2\/pages\/2299"}],"collection":[{"href":"https:\/\/gmsinternacional.com\/en\/wp-json\/wp\/v2\/pages"}],"about":[{"href":"https:\/\/gmsinternacional.com\/en\/wp-json\/wp\/v2\/types\/page"}],"author":[{"embeddable":true,"href":"https:\/\/gmsinternacional.com\/en\/wp-json\/wp\/v2\/users\/1"}],"replies":[{"embeddable":true,"href":"https:\/\/gmsinternacional.com\/en\/wp-json\/wp\/v2\/comments?post=2299"}],"version-history":[{"count":3,"href":"https:\/\/gmsinternacional.com\/en\/wp-json\/wp\/v2\/pages\/2299\/revisions"}],"predecessor-version":[{"id":2302,"href":"https:\/\/gmsinternacional.com\/en\/wp-json\/wp\/v2\/pages\/2299\/revisions\/2302"}],"up":[{"embeddable":true,"href":"https:\/\/gmsinternacional.com\/en\/wp-json\/wp\/v2\/pages\/2288"}],"wp:attachment":[{"href":"https:\/\/gmsinternacional.com\/en\/wp-json\/wp\/v2\/media?parent=2299"}],"curies":[{"name":"wp","href":"https:\/\/api.w.org\/{rel}","templated":true}]}}